{"id":2471,"date":"2024-05-02T21:38:46","date_gmt":"2024-05-03T02:38:46","guid":{"rendered":"https:\/\/tiendasamor.com\/?post_type=product&#038;p=2471"},"modified":"2024-05-02T21:38:46","modified_gmt":"2024-05-03T02:38:46","slug":"plug-anal-rosa-l","status":"publish","type":"product","link":"https:\/\/tiendasamor.com\/index.php\/producto\/plug-anal-rosa-l\/","title":{"rendered":"Plug Anal Rosa L"},"content":{"rendered":"<p><span>Tap\u00f3n de metal para juego y entrenamiento anal,<\/span><br \/>\n<span>Punta c\u00f3nica de f\u00e1cil entrada, Cuello delgado con base acampanada.<\/span><\/p>\n<p><span>Material: aleaci\u00f3n de aluminio + ABS<\/span><\/p>\n<p><span>Tama\u00f1o del producto: 10,3 cm, \u03a63,9 cm.<\/span><\/p>\n<p><span>Peso del producto: 0,148 kg.<\/span><\/p>\n","protected":false},"excerpt":{"rendered":"<p>Tap\u00f3n de metal para juego y entrenamiento anal, Punta c\u00f3nica de f\u00e1cil entrada, Cuello delgado con base acampanada. Material: aleaci\u00f3n de aluminio + ABS Tama\u00f1o del producto: 10,3 cm, \u03a63,9 cm. Peso del producto: 0,148 kg.<\/p>\n","protected":false},"featured_media":2472,"comment_status":"open","ping_status":"closed","template":"","meta":[],"product_brand":[],"product_cat":[35],"product_tag":[],"class_list":{"0":"post-2471","1":"product","2":"type-product","3":"status-publish","4":"has-post-thumbnail","6":"product_cat-anales","8":"first","9":"instock","10":"shipping-taxable","11":"purchasable","12":"product-type-simple"},"_links":{"self":[{"href":"https:\/\/tiendasamor.com\/index.php\/wp-json\/wp\/v2\/product\/2471","targetHints":{"allow":["GET"]}}],"collection":[{"href":"https:\/\/tiendasamor.com\/index.php\/wp-json\/wp\/v2\/product"}],"about":[{"href":"https:\/\/tiendasamor.com\/index.php\/wp-json\/wp\/v2\/types\/product"}],"replies":[{"embeddable":true,"href":"https:\/\/tiendasamor.com\/index.php\/wp-json\/wp\/v2\/comments?post=2471"}],"wp:featuredmedia":[{"embeddable":true,"href":"https:\/\/tiendasamor.com\/index.php\/wp-json\/wp\/v2\/media\/2472"}],"wp:attachment":[{"href":"https:\/\/tiendasamor.com\/index.php\/wp-json\/wp\/v2\/media?parent=2471"}],"wp:term":[{"taxonomy":"product_brand","embeddable":true,"href":"https:\/\/tiendasamor.com\/index.php\/wp-json\/wp\/v2\/product_brand?post=2471"},{"taxonomy":"product_cat","embeddable":true,"href":"https:\/\/tiendasamor.com\/index.php\/wp-json\/wp\/v2\/product_cat?post=2471"},{"taxonomy":"product_tag","embeddable":true,"href":"https:\/\/tiendasamor.com\/index.php\/wp-json\/wp\/v2\/product_tag?post=2471"}],"curies":[{"name":"wp","href":"https:\/\/api.w.org\/{rel}","templated":true}]}}