{"id":2455,"date":"2024-05-01T17:34:49","date_gmt":"2024-05-01T22:34:49","guid":{"rendered":"https:\/\/tiendasamor.com\/?post_type=product&#038;p=2455"},"modified":"2024-05-01T17:40:47","modified_gmt":"2024-05-01T22:40:47","slug":"butterfly-kiss-30-funciones","status":"publish","type":"product","link":"https:\/\/tiendasamor.com\/index.php\/producto\/butterfly-kiss-30-funciones\/","title":{"rendered":"Butterfly Kiss 30 funciones"},"content":{"rendered":"<p>Preciosa e intensa! El nuevo vibrador Butterfly Kiss de Pretty Love puede brindar una poderosa estimulaci\u00f3n de la vagina y el cl\u00edtoris con su brazo de estimulaci\u00f3n del cl\u00edtoris en forma de mariposa danzante. Simplemente siente el tierno beso de la mariposa con el ritmo de la vibraci\u00f3n.<\/p>\n<p>El pronunciado cabezal vibrador hace que la vulva se sienta maravillosamente llena y proporciona un intenso masaje del punto G. El vibrador tiene dos potentes motores. Tiene 30 emocionantes modos de vibraci\u00f3n y solo necesita dos bater\u00edas AAA. Para un intenso sexo en solitario que cumpla todas las fantas\u00edas.<\/p>\n<ul class=\"goods_bnt_box goods_bnt_box_on\">\n<li class=\"clearfix\"><strong>Funci\u00f3n:<\/strong>\n<div>\n<div class=\"catt\"><a class=\"cattsel\" title=\"\" name=\"22160\"><\/a>30 funciones de vibraci\u00f3n<\/div>\n<\/div>\n<\/li>\n<li class=\"clearfix\"><strong>Fuerza:<\/strong>\n<div>\n<div class=\"catt\"><a class=\"cattsel\" title=\"\" name=\"22161\"><\/a>2 pilas AAA<\/div>\n<\/div>\n<\/li>\n<li class=\"clearfix\"><strong>Material:<\/strong>\n<div>\n<div class=\"catt\"><a class=\"cattsel\" title=\"\" name=\"22162\"><\/a><a title=\"\" name=\"22163\"><\/a>ABS\u00a0<a class=\"cattsel\" title=\"\" name=\"22162\"><\/a>de silicona<\/div>\n<\/div>\n<\/li>\n<\/ul>\n","protected":false},"excerpt":{"rendered":"<p>Preciosa e intensa! El nuevo vibrador Butterfly Kiss de Pretty Love puede brindar una poderosa estimulaci\u00f3n de la vagina y el cl\u00edtoris con su brazo de estimulaci\u00f3n del cl\u00edtoris en forma de mariposa danzante. Simplemente siente el tierno beso de la mariposa con el ritmo de la vibraci\u00f3n. El pronunciado cabezal vibrador hace que la [&hellip;]<\/p>\n","protected":false},"featured_media":2458,"comment_status":"open","ping_status":"closed","template":"","meta":[],"product_brand":[],"product_cat":[44,43,27],"product_tag":[],"class_list":{"0":"post-2455","1":"product","2":"type-product","3":"status-publish","4":"has-post-thumbnail","6":"product_cat-clitorales","7":"product_cat-rabbit","8":"product_cat-vibradores","10":"first","11":"instock","12":"shipping-taxable","13":"purchasable","14":"product-type-simple"},"_links":{"self":[{"href":"https:\/\/tiendasamor.com\/index.php\/wp-json\/wp\/v2\/product\/2455","targetHints":{"allow":["GET"]}}],"collection":[{"href":"https:\/\/tiendasamor.com\/index.php\/wp-json\/wp\/v2\/product"}],"about":[{"href":"https:\/\/tiendasamor.com\/index.php\/wp-json\/wp\/v2\/types\/product"}],"replies":[{"embeddable":true,"href":"https:\/\/tiendasamor.com\/index.php\/wp-json\/wp\/v2\/comments?post=2455"}],"wp:featuredmedia":[{"embeddable":true,"href":"https:\/\/tiendasamor.com\/index.php\/wp-json\/wp\/v2\/media\/2458"}],"wp:attachment":[{"href":"https:\/\/tiendasamor.com\/index.php\/wp-json\/wp\/v2\/media?parent=2455"}],"wp:term":[{"taxonomy":"product_brand","embeddable":true,"href":"https:\/\/tiendasamor.com\/index.php\/wp-json\/wp\/v2\/product_brand?post=2455"},{"taxonomy":"product_cat","embeddable":true,"href":"https:\/\/tiendasamor.com\/index.php\/wp-json\/wp\/v2\/product_cat?post=2455"},{"taxonomy":"product_tag","embeddable":true,"href":"https:\/\/tiendasamor.com\/index.php\/wp-json\/wp\/v2\/product_tag?post=2455"}],"curies":[{"name":"wp","href":"https:\/\/api.w.org\/{rel}","templated":true}]}}