{"id":2450,"date":"2024-05-01T17:16:20","date_gmt":"2024-05-01T22:16:20","guid":{"rendered":"https:\/\/tiendasamor.com\/?post_type=product&#038;p=2450"},"modified":"2024-05-01T17:19:32","modified_gmt":"2024-05-01T22:19:32","slug":"pretty-love-snappy-30f","status":"publish","type":"product","link":"https:\/\/tiendasamor.com\/index.php\/producto\/pretty-love-snappy-30f\/","title":{"rendered":"Pretty Love Snappy 30F"},"content":{"rendered":"<p>Combina la estimulaci\u00f3n del punto G con vibraciones en cl\u00edtoris para unas sesiones de placer inolvidables. Est\u00e1 hecho de silicona super suave para un tacto m\u00e1s que agradable, impermeable para usar en la ducha. Cuenta con 30 poderosos modos de vibraci\u00f3n que podr\u00e1s controlar con un simple bot\u00f3n.<\/p>\n<p><strong>Caracter\u00edsticas:<\/strong><\/p>\n<ul>\n<li>Consolador vibrador de mujer<\/li>\n<li>Estimulaci\u00f3n en simult\u00e1neo<\/li>\n<li>Est\u00edmulo Cl\u00edtoris y Punto G<\/li>\n<li>30 funciones de vibraci\u00f3n<\/li>\n<li>Materiales: Silicona \/ ABS<\/li>\n<li>A prueba de salpicaduras<\/li>\n<li>2 Pilas AAA (No Incluidas)<\/li>\n<\/ul>\n","protected":false},"excerpt":{"rendered":"<p>Combina la estimulaci\u00f3n del punto G con vibraciones en cl\u00edtoris para unas sesiones de placer inolvidables. Est\u00e1 hecho de silicona super suave para un tacto m\u00e1s que agradable, impermeable para usar en la ducha. Cuenta con 30 poderosos modos de vibraci\u00f3n que podr\u00e1s controlar con un simple bot\u00f3n. Caracter\u00edsticas: Consolador vibrador de mujer Estimulaci\u00f3n en [&hellip;]<\/p>\n","protected":false},"featured_media":2451,"comment_status":"open","ping_status":"closed","template":"","meta":[],"product_brand":[],"product_cat":[44,43,27],"product_tag":[],"class_list":{"0":"post-2450","1":"product","2":"type-product","3":"status-publish","4":"has-post-thumbnail","6":"product_cat-clitorales","7":"product_cat-rabbit","8":"product_cat-vibradores","10":"first","11":"instock","12":"shipping-taxable","13":"purchasable","14":"product-type-simple"},"_links":{"self":[{"href":"https:\/\/tiendasamor.com\/index.php\/wp-json\/wp\/v2\/product\/2450","targetHints":{"allow":["GET"]}}],"collection":[{"href":"https:\/\/tiendasamor.com\/index.php\/wp-json\/wp\/v2\/product"}],"about":[{"href":"https:\/\/tiendasamor.com\/index.php\/wp-json\/wp\/v2\/types\/product"}],"replies":[{"embeddable":true,"href":"https:\/\/tiendasamor.com\/index.php\/wp-json\/wp\/v2\/comments?post=2450"}],"wp:featuredmedia":[{"embeddable":true,"href":"https:\/\/tiendasamor.com\/index.php\/wp-json\/wp\/v2\/media\/2451"}],"wp:attachment":[{"href":"https:\/\/tiendasamor.com\/index.php\/wp-json\/wp\/v2\/media?parent=2450"}],"wp:term":[{"taxonomy":"product_brand","embeddable":true,"href":"https:\/\/tiendasamor.com\/index.php\/wp-json\/wp\/v2\/product_brand?post=2450"},{"taxonomy":"product_cat","embeddable":true,"href":"https:\/\/tiendasamor.com\/index.php\/wp-json\/wp\/v2\/product_cat?post=2450"},{"taxonomy":"product_tag","embeddable":true,"href":"https:\/\/tiendasamor.com\/index.php\/wp-json\/wp\/v2\/product_tag?post=2450"}],"curies":[{"name":"wp","href":"https:\/\/api.w.org\/{rel}","templated":true}]}}