{"id":2441,"date":"2024-05-01T16:46:23","date_gmt":"2024-05-01T21:46:23","guid":{"rendered":"https:\/\/tiendasamor.com\/?post_type=product&#038;p=2441"},"modified":"2024-05-01T16:48:40","modified_gmt":"2024-05-01T21:48:40","slug":"vibrador-snappy-30-funciones","status":"publish","type":"product","link":"https:\/\/tiendasamor.com\/index.php\/producto\/vibrador-snappy-30-funciones\/","title":{"rendered":"Vibrador Snappy 30 Funciones"},"content":{"rendered":"<p>Combina el placer de la estimulaci\u00f3n del punto G con una poderosa vibraci\u00f3n del cl\u00edtoris; el dise\u00f1o \u00fanico se flexiona con el movimiento para permanecer en contacto con tu cl\u00edtoris. Esta pieza retumba como ning\u00fan otro estimulador dual. Los controles f\u00e1ciles de usar le permiten tener la sensaci\u00f3n perfecta. Aumenta o disminuye la intensidad o apaga el punto G o la vibraci\u00f3n del cl\u00edtoris. M\u00e9zclalo para probar nuevas combinaciones y el potente motor aumenta el placer con 30 funciones de vibraci\u00f3n. Recargable para un placer sin fin.<\/p>\n<ul>\n<li>Material: Silicona + ABS<\/li>\n<li>Impermeable, f\u00e1cil uso y limpieza<\/li>\n<li>No contiene fragancias, ftalatos, parafinas ni l\u00e1tex<\/li>\n<li>30 Modos de vibraci\u00f3n<\/li>\n<li>Recargable (Incluye cable USB)<\/li>\n<li>Largo total: 19 cm \u2013 Insertable: 9.5 cm \u2013 Ancho: 3.2 cm<\/li>\n<\/ul>\n","protected":false},"excerpt":{"rendered":"<p>Combina el placer de la estimulaci\u00f3n del punto G con una poderosa vibraci\u00f3n del cl\u00edtoris; el dise\u00f1o \u00fanico se flexiona con el movimiento para permanecer en contacto con tu cl\u00edtoris. Esta pieza retumba como ning\u00fan otro estimulador dual. Los controles f\u00e1ciles de usar le permiten tener la sensaci\u00f3n perfecta. Aumenta o disminuye la intensidad o [&hellip;]<\/p>\n","protected":false},"featured_media":2442,"comment_status":"open","ping_status":"closed","template":"","meta":[],"product_brand":[],"product_cat":[44,43,27],"product_tag":[],"class_list":{"0":"post-2441","1":"product","2":"type-product","3":"status-publish","4":"has-post-thumbnail","6":"product_cat-clitorales","7":"product_cat-rabbit","8":"product_cat-vibradores","10":"first","11":"instock","12":"shipping-taxable","13":"purchasable","14":"product-type-simple"},"_links":{"self":[{"href":"https:\/\/tiendasamor.com\/index.php\/wp-json\/wp\/v2\/product\/2441","targetHints":{"allow":["GET"]}}],"collection":[{"href":"https:\/\/tiendasamor.com\/index.php\/wp-json\/wp\/v2\/product"}],"about":[{"href":"https:\/\/tiendasamor.com\/index.php\/wp-json\/wp\/v2\/types\/product"}],"replies":[{"embeddable":true,"href":"https:\/\/tiendasamor.com\/index.php\/wp-json\/wp\/v2\/comments?post=2441"}],"wp:featuredmedia":[{"embeddable":true,"href":"https:\/\/tiendasamor.com\/index.php\/wp-json\/wp\/v2\/media\/2442"}],"wp:attachment":[{"href":"https:\/\/tiendasamor.com\/index.php\/wp-json\/wp\/v2\/media?parent=2441"}],"wp:term":[{"taxonomy":"product_brand","embeddable":true,"href":"https:\/\/tiendasamor.com\/index.php\/wp-json\/wp\/v2\/product_brand?post=2441"},{"taxonomy":"product_cat","embeddable":true,"href":"https:\/\/tiendasamor.com\/index.php\/wp-json\/wp\/v2\/product_cat?post=2441"},{"taxonomy":"product_tag","embeddable":true,"href":"https:\/\/tiendasamor.com\/index.php\/wp-json\/wp\/v2\/product_tag?post=2441"}],"curies":[{"name":"wp","href":"https:\/\/api.w.org\/{rel}","templated":true}]}}