{"id":2422,"date":"2024-05-01T15:18:56","date_gmt":"2024-05-01T20:18:56","guid":{"rendered":"https:\/\/tiendasamor.com\/?post_type=product&#038;p=2422"},"modified":"2024-05-14T22:15:01","modified_gmt":"2024-05-15T03:15:01","slug":"pretty-love-brighty","status":"publish","type":"product","link":"https:\/\/tiendasamor.com\/index.php\/producto\/pretty-love-brighty\/","title":{"rendered":"Pretty love Brighty"},"content":{"rendered":"<p>Toma el control de tu placer con el vers\u00e1til vibrador de conejo de 30 funciones que cuenta con un dise\u00f1o elegante y elegante a un precio excelente. La estimulaci\u00f3n dual del cl\u00edtoris y la vagina se hace f\u00e1cil con la suave superficie de silicona que est\u00e1 contorneada para llegar a tus puntos de placer, mientras que la incre\u00edble variedad de modos de vibraci\u00f3n te brinda mucha variedad.<\/p>\n<ul>\n<li>Material: Silicona ABS<\/li>\n<li>30 funciones de vibraci\u00f3n<\/li>\n<li>Estimula Punto G y cl\u00edtoris<\/li>\n<li>Motor potente pero silencioso<\/li>\n<li>Requiere 2 pilas AAA (No incluido)<\/li>\n<li>Largo total 19.5 cm \u2013 Insertable: 9.5 cm \u2013\u00a0 Ancho: 3.2 cm<\/li>\n<\/ul>\n","protected":false},"excerpt":{"rendered":"<p>Toma el control de tu placer con el vers\u00e1til vibrador de conejo de 30 funciones que cuenta con un dise\u00f1o elegante y elegante a un precio excelente. La estimulaci\u00f3n dual del cl\u00edtoris y la vagina se hace f\u00e1cil con la suave superficie de silicona que est\u00e1 contorneada para llegar a tus puntos de placer, mientras [&hellip;]<\/p>\n","protected":false},"featured_media":2423,"comment_status":"open","ping_status":"closed","template":"","meta":[],"product_brand":[],"product_cat":[44,43,27],"product_tag":[],"class_list":{"0":"post-2422","1":"product","2":"type-product","3":"status-publish","4":"has-post-thumbnail","6":"product_cat-clitorales","7":"product_cat-rabbit","8":"product_cat-vibradores","10":"first","11":"instock","12":"shipping-taxable","13":"purchasable","14":"product-type-simple"},"_links":{"self":[{"href":"https:\/\/tiendasamor.com\/index.php\/wp-json\/wp\/v2\/product\/2422","targetHints":{"allow":["GET"]}}],"collection":[{"href":"https:\/\/tiendasamor.com\/index.php\/wp-json\/wp\/v2\/product"}],"about":[{"href":"https:\/\/tiendasamor.com\/index.php\/wp-json\/wp\/v2\/types\/product"}],"replies":[{"embeddable":true,"href":"https:\/\/tiendasamor.com\/index.php\/wp-json\/wp\/v2\/comments?post=2422"}],"wp:featuredmedia":[{"embeddable":true,"href":"https:\/\/tiendasamor.com\/index.php\/wp-json\/wp\/v2\/media\/2423"}],"wp:attachment":[{"href":"https:\/\/tiendasamor.com\/index.php\/wp-json\/wp\/v2\/media?parent=2422"}],"wp:term":[{"taxonomy":"product_brand","embeddable":true,"href":"https:\/\/tiendasamor.com\/index.php\/wp-json\/wp\/v2\/product_brand?post=2422"},{"taxonomy":"product_cat","embeddable":true,"href":"https:\/\/tiendasamor.com\/index.php\/wp-json\/wp\/v2\/product_cat?post=2422"},{"taxonomy":"product_tag","embeddable":true,"href":"https:\/\/tiendasamor.com\/index.php\/wp-json\/wp\/v2\/product_tag?post=2422"}],"curies":[{"name":"wp","href":"https:\/\/api.w.org\/{rel}","templated":true}]}}