{"id":2415,"date":"2024-05-01T14:34:45","date_gmt":"2024-05-01T19:34:45","guid":{"rendered":"https:\/\/tiendasamor.com\/?post_type=product&#038;p=2415"},"modified":"2024-05-01T14:34:45","modified_gmt":"2024-05-01T19:34:45","slug":"pretty-love-stev","status":"publish","type":"product","link":"https:\/\/tiendasamor.com\/index.php\/producto\/pretty-love-stev\/","title":{"rendered":"Pretty Love Stev"},"content":{"rendered":"<p><span>Este vibrador con forma de polla te aporta un salto hacia los orgasmos m\u00faltiples. Reg\u00e1late una raci\u00f3n extra de felicidad con este vibrador. \u00a1No te preocupes por los l\u00edmites de la bater\u00eda, este vibrador es completamente recargable para horas y horas de diversi\u00f3n! La cabeza del juguete apunta a tu punto G para brindar precisi\u00f3n milim\u00e9trica y placer en lo m\u00e1s profundo de tu ser. Su vibrador tambi\u00e9n es completamente resistente al agua, por lo que podr\u00e1s chapotear con \u00e9l cuando quieras.<\/span><\/p>\n<ul class=\"goods_bnt_box goods_bnt_box_on\">\n<li class=\"clearfix\"><strong><span>Funci\u00f3n:<\/span><\/strong>\n<div>\n<div class=\"catt\"><a class=\"cattsel\" title=\"\" name=\"24701\"><\/a><span>10 funciones de vibraci\u00f3n<\/span><\/div>\n<\/div>\n<\/li>\n<li class=\"clearfix\"><strong><span>Fuerza:<\/span><\/strong>\n<div>\n<div class=\"catt\"><a class=\"cattsel\" title=\"\" name=\"24702\"><\/a><span>1 pila AAA<\/span><\/div>\n<\/div>\n<\/li>\n<li class=\"clearfix\"><strong><span>Material:<\/span><\/strong>\n<div>\n<div class=\"catt\"><a class=\"cattsel\" title=\"\" name=\"24703\"><\/a><span>Silicona<\/span><\/div>\n<\/div>\n<\/li>\n<li class=\"clearfix\"><strong><span>Color:<\/span><\/strong>\n<div>\n<div class=\"catt\"><a class=\"cattsel\" title=\"\" name=\"24704\"><\/a><span>Magenta<\/span><\/div>\n<\/div>\n<\/li>\n<li class=\"clearfix\"><strong><span>Tama\u00f1o de embalaje (mm):<\/span><\/strong>\n<div>\n<div class=\"catt\"><a class=\"cattsel\" title=\"\" name=\"24705\"><\/a><span>175*72*35<\/span><\/div>\n<\/div>\n<\/li>\n<\/ul>\n<p>&nbsp;<\/p>\n","protected":false},"excerpt":{"rendered":"<p>Este vibrador con forma de polla te aporta un salto hacia los orgasmos m\u00faltiples. Reg\u00e1late una raci\u00f3n extra de felicidad con este vibrador. \u00a1No te preocupes por los l\u00edmites de la bater\u00eda, este vibrador es completamente recargable para horas y horas de diversi\u00f3n! La cabeza del juguete apunta a tu punto G para brindar precisi\u00f3n [&hellip;]<\/p>\n","protected":false},"featured_media":2416,"comment_status":"open","ping_status":"closed","template":"","meta":[],"product_brand":[],"product_cat":[44,27],"product_tag":[],"class_list":{"0":"post-2415","1":"product","2":"type-product","3":"status-publish","4":"has-post-thumbnail","6":"product_cat-clitorales","7":"product_cat-vibradores","9":"first","10":"instock","11":"shipping-taxable","12":"purchasable","13":"product-type-simple"},"_links":{"self":[{"href":"https:\/\/tiendasamor.com\/index.php\/wp-json\/wp\/v2\/product\/2415","targetHints":{"allow":["GET"]}}],"collection":[{"href":"https:\/\/tiendasamor.com\/index.php\/wp-json\/wp\/v2\/product"}],"about":[{"href":"https:\/\/tiendasamor.com\/index.php\/wp-json\/wp\/v2\/types\/product"}],"replies":[{"embeddable":true,"href":"https:\/\/tiendasamor.com\/index.php\/wp-json\/wp\/v2\/comments?post=2415"}],"wp:featuredmedia":[{"embeddable":true,"href":"https:\/\/tiendasamor.com\/index.php\/wp-json\/wp\/v2\/media\/2416"}],"wp:attachment":[{"href":"https:\/\/tiendasamor.com\/index.php\/wp-json\/wp\/v2\/media?parent=2415"}],"wp:term":[{"taxonomy":"product_brand","embeddable":true,"href":"https:\/\/tiendasamor.com\/index.php\/wp-json\/wp\/v2\/product_brand?post=2415"},{"taxonomy":"product_cat","embeddable":true,"href":"https:\/\/tiendasamor.com\/index.php\/wp-json\/wp\/v2\/product_cat?post=2415"},{"taxonomy":"product_tag","embeddable":true,"href":"https:\/\/tiendasamor.com\/index.php\/wp-json\/wp\/v2\/product_tag?post=2415"}],"curies":[{"name":"wp","href":"https:\/\/api.w.org\/{rel}","templated":true}]}}