{"id":2409,"date":"2024-05-01T14:03:51","date_gmt":"2024-05-01T19:03:51","guid":{"rendered":"https:\/\/tiendasamor.com\/?post_type=product&#038;p=2409"},"modified":"2024-05-14T22:15:05","modified_gmt":"2024-05-15T03:15:05","slug":"pretty-love-penis-sleeve-carson","status":"publish","type":"product","link":"https:\/\/tiendasamor.com\/index.php\/producto\/pretty-love-penis-sleeve-carson\/","title":{"rendered":"Pretty Love Penis Sleeve Carson"},"content":{"rendered":"<p><span>Si anhelas un poco m\u00e1s de longitud en el dormitorio, nuestro fabuloso extensor de pene con anillo de bola seguramente te ayudar\u00e1. Este extensor de pene agregar\u00e1 una mejora a su erecci\u00f3n, permiti\u00e9ndole sentirse m\u00e1s seguro y satisfecho durante las relaciones sexuales. La forma del extensor es realista y veteada, para una apariencia natural, y la base presenta un anillo de bola que abraza la base de los test\u00edculos y mantendr\u00e1 el extensor en su lugar y proporcionar\u00e1 algunos efectos de prolongaci\u00f3n de la erecci\u00f3n.<\/span><\/p>\n<ul>\n<li>Material: TPR<\/li>\n<li>F\u00e1cil uso y limpieza<\/li>\n<li>Largo externo: 17.5 cm \u2013 Ancho: 4 cm<\/li>\n<li>Largo interno:\u00a0 cm \u2013 Ancho:\u00a0 cm<\/li>\n<\/ul>\n","protected":false},"excerpt":{"rendered":"<p>Si anhelas un poco m\u00e1s de longitud en el dormitorio, nuestro fabuloso extensor de pene con anillo de bola seguramente te ayudar\u00e1. Este extensor de pene agregar\u00e1 una mejora a su erecci\u00f3n, permiti\u00e9ndole sentirse m\u00e1s seguro y satisfecho durante las relaciones sexuales. La forma del extensor es realista y veteada, para una apariencia natural, y [&hellip;]<\/p>\n","protected":false},"featured_media":2410,"comment_status":"open","ping_status":"closed","template":"","meta":[],"product_brand":[],"product_cat":[45],"product_tag":[],"class_list":{"0":"post-2409","1":"product","2":"type-product","3":"status-publish","4":"has-post-thumbnail","6":"product_cat-fundas-extensoras","8":"first","9":"instock","10":"shipping-taxable","11":"purchasable","12":"product-type-simple"},"_links":{"self":[{"href":"https:\/\/tiendasamor.com\/index.php\/wp-json\/wp\/v2\/product\/2409","targetHints":{"allow":["GET"]}}],"collection":[{"href":"https:\/\/tiendasamor.com\/index.php\/wp-json\/wp\/v2\/product"}],"about":[{"href":"https:\/\/tiendasamor.com\/index.php\/wp-json\/wp\/v2\/types\/product"}],"replies":[{"embeddable":true,"href":"https:\/\/tiendasamor.com\/index.php\/wp-json\/wp\/v2\/comments?post=2409"}],"wp:featuredmedia":[{"embeddable":true,"href":"https:\/\/tiendasamor.com\/index.php\/wp-json\/wp\/v2\/media\/2410"}],"wp:attachment":[{"href":"https:\/\/tiendasamor.com\/index.php\/wp-json\/wp\/v2\/media?parent=2409"}],"wp:term":[{"taxonomy":"product_brand","embeddable":true,"href":"https:\/\/tiendasamor.com\/index.php\/wp-json\/wp\/v2\/product_brand?post=2409"},{"taxonomy":"product_cat","embeddable":true,"href":"https:\/\/tiendasamor.com\/index.php\/wp-json\/wp\/v2\/product_cat?post=2409"},{"taxonomy":"product_tag","embeddable":true,"href":"https:\/\/tiendasamor.com\/index.php\/wp-json\/wp\/v2\/product_tag?post=2409"}],"curies":[{"name":"wp","href":"https:\/\/api.w.org\/{rel}","templated":true}]}}