{"id":2376,"date":"2024-05-01T11:53:03","date_gmt":"2024-05-01T16:53:03","guid":{"rendered":"https:\/\/tiendasamor.com\/?post_type=product&#038;p=2376"},"modified":"2024-05-01T11:53:03","modified_gmt":"2024-05-01T16:53:03","slug":"greedy-guy-flesh","status":"publish","type":"product","link":"https:\/\/tiendasamor.com\/index.php\/producto\/greedy-guy-flesh\/","title":{"rendered":"Greedy Guy-Flesh"},"content":{"rendered":"<p>Vibrador grueso de gran realismo gracias a su textura super suave. Dise\u00f1o real con glande y venas. Potente vibraci\u00f3n regulable de Material: T Skin (Material super real para sensaciones m\u00e1s placenteras)<\/p>\n<ul>\n<li>Material TPE<\/li>\n<li>F\u00e1cil uso y Limpieza<\/li>\n<li>No contiene fragancias, ftalatos, parafinas ni l\u00e1tex.<\/li>\n<li>Velocidad graduable mediante dial<\/li>\n<li>Modelo para principiantes<\/li>\n<li>Requiere 2 pilas AA<\/li>\n<li>Medidas Largo total 24 cm, largo insertable 20 cm y de ancho 5.6 cm<\/li>\n<\/ul>\n","protected":false},"excerpt":{"rendered":"<p>Vibrador grueso de gran realismo gracias a su textura super suave. Dise\u00f1o real con glande y venas. Potente vibraci\u00f3n regulable de Material: T Skin (Material super real para sensaciones m\u00e1s placenteras) Material TPE F\u00e1cil uso y Limpieza No contiene fragancias, ftalatos, parafinas ni l\u00e1tex. Velocidad graduable mediante dial Modelo para principiantes Requiere 2 pilas AA [&hellip;]<\/p>\n","protected":false},"featured_media":2377,"comment_status":"open","ping_status":"closed","template":"","meta":[],"product_brand":[],"product_cat":[27],"product_tag":[],"class_list":{"0":"post-2376","1":"product","2":"type-product","3":"status-publish","4":"has-post-thumbnail","6":"product_cat-vibradores","8":"first","9":"instock","10":"shipping-taxable","11":"purchasable","12":"product-type-simple"},"_links":{"self":[{"href":"https:\/\/tiendasamor.com\/index.php\/wp-json\/wp\/v2\/product\/2376","targetHints":{"allow":["GET"]}}],"collection":[{"href":"https:\/\/tiendasamor.com\/index.php\/wp-json\/wp\/v2\/product"}],"about":[{"href":"https:\/\/tiendasamor.com\/index.php\/wp-json\/wp\/v2\/types\/product"}],"replies":[{"embeddable":true,"href":"https:\/\/tiendasamor.com\/index.php\/wp-json\/wp\/v2\/comments?post=2376"}],"wp:featuredmedia":[{"embeddable":true,"href":"https:\/\/tiendasamor.com\/index.php\/wp-json\/wp\/v2\/media\/2377"}],"wp:attachment":[{"href":"https:\/\/tiendasamor.com\/index.php\/wp-json\/wp\/v2\/media?parent=2376"}],"wp:term":[{"taxonomy":"product_brand","embeddable":true,"href":"https:\/\/tiendasamor.com\/index.php\/wp-json\/wp\/v2\/product_brand?post=2376"},{"taxonomy":"product_cat","embeddable":true,"href":"https:\/\/tiendasamor.com\/index.php\/wp-json\/wp\/v2\/product_cat?post=2376"},{"taxonomy":"product_tag","embeddable":true,"href":"https:\/\/tiendasamor.com\/index.php\/wp-json\/wp\/v2\/product_tag?post=2376"}],"curies":[{"name":"wp","href":"https:\/\/api.w.org\/{rel}","templated":true}]}}