{"id":2370,"date":"2024-04-29T21:50:41","date_gmt":"2024-04-30T02:50:41","guid":{"rendered":"https:\/\/tiendasamor.com\/?post_type=product&#038;p=2370"},"modified":"2024-05-14T22:15:13","modified_gmt":"2024-05-15T03:15:13","slug":"ultra-harness-vibrador","status":"publish","type":"product","link":"https:\/\/tiendasamor.com\/index.php\/producto\/ultra-harness-vibrador\/","title":{"rendered":"Ultra Harness vibrador"},"content":{"rendered":"<p>Un strap-on f\u00e1cil de usar, c\u00f3modo y sexy con un consolador de silicona lujosamente suave que debe sentirse para creerlo, el juego de strap-on de silicona p\u00farpura presenta 5 pulgadas de silicona rosa de forma suave que est\u00e1 ligeramente inclinada para un punto G o P perfecto. est\u00edmulo. Ideal para parejas lesbianas \/ bisexuales, pegging o cualquier persona que prefiera consoladores no anat\u00f3micos.<\/p>\n<ul>\n<li>Material: Silicona \/ABS<\/li>\n<li>Usa 2 bater\u00edas AA (no incluidas)<\/li>\n<li><span lang=\"es\">Arn\u00e9s con vibrador, vibrador desmontable<\/span><\/li>\n<li>Largo 15.5 cm, ancho 4.4. cm<\/li>\n<\/ul>\n","protected":false},"excerpt":{"rendered":"<p>Un strap-on f\u00e1cil de usar, c\u00f3modo y sexy con un consolador de silicona lujosamente suave que debe sentirse para creerlo, el juego de strap-on de silicona p\u00farpura presenta 5 pulgadas de silicona rosa de forma suave que est\u00e1 ligeramente inclinada para un punto G o P perfecto. est\u00edmulo. Ideal para parejas lesbianas \/ bisexuales, pegging [&hellip;]<\/p>\n","protected":false},"featured_media":2371,"comment_status":"open","ping_status":"closed","template":"","meta":[],"product_brand":[],"product_cat":[27],"product_tag":[],"class_list":{"0":"post-2370","1":"product","2":"type-product","3":"status-publish","4":"has-post-thumbnail","6":"product_cat-vibradores","8":"first","9":"instock","10":"shipping-taxable","11":"purchasable","12":"product-type-simple"},"_links":{"self":[{"href":"https:\/\/tiendasamor.com\/index.php\/wp-json\/wp\/v2\/product\/2370","targetHints":{"allow":["GET"]}}],"collection":[{"href":"https:\/\/tiendasamor.com\/index.php\/wp-json\/wp\/v2\/product"}],"about":[{"href":"https:\/\/tiendasamor.com\/index.php\/wp-json\/wp\/v2\/types\/product"}],"replies":[{"embeddable":true,"href":"https:\/\/tiendasamor.com\/index.php\/wp-json\/wp\/v2\/comments?post=2370"}],"wp:featuredmedia":[{"embeddable":true,"href":"https:\/\/tiendasamor.com\/index.php\/wp-json\/wp\/v2\/media\/2371"}],"wp:attachment":[{"href":"https:\/\/tiendasamor.com\/index.php\/wp-json\/wp\/v2\/media?parent=2370"}],"wp:term":[{"taxonomy":"product_brand","embeddable":true,"href":"https:\/\/tiendasamor.com\/index.php\/wp-json\/wp\/v2\/product_brand?post=2370"},{"taxonomy":"product_cat","embeddable":true,"href":"https:\/\/tiendasamor.com\/index.php\/wp-json\/wp\/v2\/product_cat?post=2370"},{"taxonomy":"product_tag","embeddable":true,"href":"https:\/\/tiendasamor.com\/index.php\/wp-json\/wp\/v2\/product_tag?post=2370"}],"curies":[{"name":"wp","href":"https:\/\/api.w.org\/{rel}","templated":true}]}}