{"id":2361,"date":"2024-04-29T21:42:17","date_gmt":"2024-04-30T02:42:17","guid":{"rendered":"https:\/\/tiendasamor.com\/?post_type=product&#038;p=2361"},"modified":"2024-05-14T22:15:19","modified_gmt":"2024-05-15T03:15:19","slug":"pretty-love-masturbador-naomi","status":"publish","type":"product","link":"https:\/\/tiendasamor.com\/index.php\/producto\/pretty-love-masturbador-naomi\/","title":{"rendered":"Pretty Love Masturbador Naomi"},"content":{"rendered":"<p>La copa masturbadora vibratoria Prettylove llevar\u00e1 r\u00e1pidamente tu juego en solitario a nuevas alturas. Su funda interior acanalada y su tentadora textura realista estimular\u00e1n tu pene casi exactamente como si fuera real. Explora las intensas vibraciones a medida que te expandes y explotas en lo m\u00e1s profundo de tu interior.<\/p>\n<p>Tener un agujero discreto y compacto al alcance de tu mano sin tener que comprarle una bebida primero deber\u00eda despertar tu inter\u00e9s y el de tu pene. Asegure muchas noches de satisfacci\u00f3n deliciosamente tensa y vibrante con el magn\u00edfico Masturbador.<\/p>\n<ul>\n<li>Material: TPR,\u00a0 ABS<\/li>\n<li>Libre de ftalatos, parafinas, seguro para el cuerpo<\/li>\n<li>1 Modo de Vibraci\u00f3n<\/li>\n<li>Requiere 3 pilas AAA (No incluido)<\/li>\n<li>Largo total: 21.8 cm\u00a0 \u2013 Ancho: 9 cm<\/li>\n<\/ul>\n","protected":false},"excerpt":{"rendered":"<p>La copa masturbadora vibratoria Prettylove llevar\u00e1 r\u00e1pidamente tu juego en solitario a nuevas alturas. Su funda interior acanalada y su tentadora textura realista estimular\u00e1n tu pene casi exactamente como si fuera real. Explora las intensas vibraciones a medida que te expandes y explotas en lo m\u00e1s profundo de tu interior. Tener un agujero discreto y [&hellip;]<\/p>\n","protected":false},"featured_media":2362,"comment_status":"open","ping_status":"closed","template":"","meta":[],"product_brand":[],"product_cat":[30],"product_tag":[],"class_list":{"0":"post-2361","1":"product","2":"type-product","3":"status-publish","4":"has-post-thumbnail","6":"product_cat-masturbadores","8":"first","9":"instock","10":"shipping-taxable","11":"purchasable","12":"product-type-simple"},"_links":{"self":[{"href":"https:\/\/tiendasamor.com\/index.php\/wp-json\/wp\/v2\/product\/2361","targetHints":{"allow":["GET"]}}],"collection":[{"href":"https:\/\/tiendasamor.com\/index.php\/wp-json\/wp\/v2\/product"}],"about":[{"href":"https:\/\/tiendasamor.com\/index.php\/wp-json\/wp\/v2\/types\/product"}],"replies":[{"embeddable":true,"href":"https:\/\/tiendasamor.com\/index.php\/wp-json\/wp\/v2\/comments?post=2361"}],"wp:featuredmedia":[{"embeddable":true,"href":"https:\/\/tiendasamor.com\/index.php\/wp-json\/wp\/v2\/media\/2362"}],"wp:attachment":[{"href":"https:\/\/tiendasamor.com\/index.php\/wp-json\/wp\/v2\/media?parent=2361"}],"wp:term":[{"taxonomy":"product_brand","embeddable":true,"href":"https:\/\/tiendasamor.com\/index.php\/wp-json\/wp\/v2\/product_brand?post=2361"},{"taxonomy":"product_cat","embeddable":true,"href":"https:\/\/tiendasamor.com\/index.php\/wp-json\/wp\/v2\/product_cat?post=2361"},{"taxonomy":"product_tag","embeddable":true,"href":"https:\/\/tiendasamor.com\/index.php\/wp-json\/wp\/v2\/product_tag?post=2361"}],"curies":[{"name":"wp","href":"https:\/\/api.w.org\/{rel}","templated":true}]}}