{"id":2352,"date":"2024-04-29T21:11:53","date_gmt":"2024-04-30T02:11:53","guid":{"rendered":"https:\/\/tiendasamor.com\/?post_type=product&#038;p=2352"},"modified":"2024-04-29T21:11:54","modified_gmt":"2024-04-30T02:11:54","slug":"gun-drops-anal-plug-2","status":"publish","type":"product","link":"https:\/\/tiendasamor.com\/index.php\/producto\/gun-drops-anal-plug-2\/","title":{"rendered":"Gun Drops Anal Plug 2"},"content":{"rendered":"<p>Este Plug es perfecto para los principiantes en el sexo anal. Su forma y tama\u00f1o ayuda a la inserci\u00f3n.<\/p>\n<p>Caracter\u00edsticas:<\/p>\n<ul>\n<li>Material: PVC<\/li>\n<li>Medidas producto: 6,6 x 2,4cm<\/li>\n<li>Con Elast\u00f3mero seguro para la piel.<\/li>\n<\/ul>\n","protected":false},"excerpt":{"rendered":"<p>Este Plug es perfecto para los principiantes en el sexo anal. Su forma y tama\u00f1o ayuda a la inserci\u00f3n. Caracter\u00edsticas: Material: PVC Medidas producto: 6,6 x 2,4cm Con Elast\u00f3mero seguro para la piel.<\/p>\n","protected":false},"featured_media":2355,"comment_status":"open","ping_status":"closed","template":"","meta":[],"product_brand":[],"product_cat":[17],"product_tag":[],"class_list":{"0":"post-2352","1":"product","2":"type-product","3":"status-publish","4":"has-post-thumbnail","6":"product_cat-sin-categorizar","8":"first","9":"instock","10":"shipping-taxable","11":"purchasable","12":"product-type-simple"},"_links":{"self":[{"href":"https:\/\/tiendasamor.com\/index.php\/wp-json\/wp\/v2\/product\/2352","targetHints":{"allow":["GET"]}}],"collection":[{"href":"https:\/\/tiendasamor.com\/index.php\/wp-json\/wp\/v2\/product"}],"about":[{"href":"https:\/\/tiendasamor.com\/index.php\/wp-json\/wp\/v2\/types\/product"}],"replies":[{"embeddable":true,"href":"https:\/\/tiendasamor.com\/index.php\/wp-json\/wp\/v2\/comments?post=2352"}],"wp:featuredmedia":[{"embeddable":true,"href":"https:\/\/tiendasamor.com\/index.php\/wp-json\/wp\/v2\/media\/2355"}],"wp:attachment":[{"href":"https:\/\/tiendasamor.com\/index.php\/wp-json\/wp\/v2\/media?parent=2352"}],"wp:term":[{"taxonomy":"product_brand","embeddable":true,"href":"https:\/\/tiendasamor.com\/index.php\/wp-json\/wp\/v2\/product_brand?post=2352"},{"taxonomy":"product_cat","embeddable":true,"href":"https:\/\/tiendasamor.com\/index.php\/wp-json\/wp\/v2\/product_cat?post=2352"},{"taxonomy":"product_tag","embeddable":true,"href":"https:\/\/tiendasamor.com\/index.php\/wp-json\/wp\/v2\/product_tag?post=2352"}],"curies":[{"name":"wp","href":"https:\/\/api.w.org\/{rel}","templated":true}]}}