{"id":2348,"date":"2024-04-29T20:52:40","date_gmt":"2024-04-30T01:52:40","guid":{"rendered":"https:\/\/tiendasamor.com\/?post_type=product&#038;p=2348"},"modified":"2024-04-29T20:52:40","modified_gmt":"2024-04-30T01:52:40","slug":"vagina-geisha-sexy-qianhui","status":"publish","type":"product","link":"https:\/\/tiendasamor.com\/index.php\/producto\/vagina-geisha-sexy-qianhui\/","title":{"rendered":"Vagina Geisha Sexy Qianhui"},"content":{"rendered":"<p>Conoce esta nueva l\u00ednea de productos para la masturbaci\u00f3n masculina, estos juguetes simplemente llevan la satisfacci\u00f3n a otro nivel, siente la piel como si fuese real, este masturbador posee la facilidad de adaptarse a la temperatura de tu cuerpo.<\/p>\n<ul>\n<li>Masturbador ultra-realista<\/li>\n<li>T\u00fanel estrecho y estriado para agregar un placer incre\u00edble<\/li>\n<li>El material el\u00e1stico y flexible<\/li>\n<li>Utilizar con lubricantes<\/li>\n<li>F\u00e1cil de usar y limpiar<\/li>\n<li>Peso: 460 gramos<\/li>\n<li>Largo: 16 cm \u2013 Ancho: 7.5 cm<\/li>\n<\/ul>\n","protected":false},"excerpt":{"rendered":"<p>Conoce esta nueva l\u00ednea de productos para la masturbaci\u00f3n masculina, estos juguetes simplemente llevan la satisfacci\u00f3n a otro nivel, siente la piel como si fuese real, este masturbador posee la facilidad de adaptarse a la temperatura de tu cuerpo. Masturbador ultra-realista T\u00fanel estrecho y estriado para agregar un placer incre\u00edble El material el\u00e1stico y flexible [&hellip;]<\/p>\n","protected":false},"featured_media":2349,"comment_status":"open","ping_status":"closed","template":"","meta":[],"product_brand":[],"product_cat":[30],"product_tag":[],"class_list":{"0":"post-2348","1":"product","2":"type-product","3":"status-publish","4":"has-post-thumbnail","6":"product_cat-masturbadores","8":"first","9":"instock","10":"shipping-taxable","11":"purchasable","12":"product-type-simple"},"_links":{"self":[{"href":"https:\/\/tiendasamor.com\/index.php\/wp-json\/wp\/v2\/product\/2348","targetHints":{"allow":["GET"]}}],"collection":[{"href":"https:\/\/tiendasamor.com\/index.php\/wp-json\/wp\/v2\/product"}],"about":[{"href":"https:\/\/tiendasamor.com\/index.php\/wp-json\/wp\/v2\/types\/product"}],"replies":[{"embeddable":true,"href":"https:\/\/tiendasamor.com\/index.php\/wp-json\/wp\/v2\/comments?post=2348"}],"wp:featuredmedia":[{"embeddable":true,"href":"https:\/\/tiendasamor.com\/index.php\/wp-json\/wp\/v2\/media\/2349"}],"wp:attachment":[{"href":"https:\/\/tiendasamor.com\/index.php\/wp-json\/wp\/v2\/media?parent=2348"}],"wp:term":[{"taxonomy":"product_brand","embeddable":true,"href":"https:\/\/tiendasamor.com\/index.php\/wp-json\/wp\/v2\/product_brand?post=2348"},{"taxonomy":"product_cat","embeddable":true,"href":"https:\/\/tiendasamor.com\/index.php\/wp-json\/wp\/v2\/product_cat?post=2348"},{"taxonomy":"product_tag","embeddable":true,"href":"https:\/\/tiendasamor.com\/index.php\/wp-json\/wp\/v2\/product_tag?post=2348"}],"curies":[{"name":"wp","href":"https:\/\/api.w.org\/{rel}","templated":true}]}}