{"id":2342,"date":"2024-04-29T20:47:03","date_gmt":"2024-04-30T01:47:03","guid":{"rendered":"https:\/\/tiendasamor.com\/?post_type=product&#038;p=2342"},"modified":"2024-04-29T20:47:03","modified_gmt":"2024-04-30T01:47:03","slug":"qiandai-geisha-sexy-vagina","status":"publish","type":"product","link":"https:\/\/tiendasamor.com\/index.php\/producto\/qiandai-geisha-sexy-vagina\/","title":{"rendered":"Qiandai Geisha Sexy Vagina"},"content":{"rendered":"<p>Conoce esta nueva linea de productos para la masturbaci\u00f3n masculina, estos juguetes simplemente llevan la satisfaci\u00f3n a otro nivel, siente la piel como si fuese real, este masturbador posee la facilidad de adaptarse a la temperatura de tu cuerpo.<\/p>\n<ul>\n<li>Masturbador ultra-realista con co\u00f1o apretado.<\/li>\n<li>T\u00fanel estrecho y estriado para agregar un placer incre\u00edble<\/li>\n<li>El material el\u00e1stico y flexible.<\/li>\n<li>Utilizar con lubricantes.<\/li>\n<li>F\u00e1cil de usar y limpiar<\/li>\n<li>Peso: 490 gramos<\/li>\n<li>Largo: 16 cm \u2013 Ancho: 9 cm<\/li>\n<\/ul>\n","protected":false},"excerpt":{"rendered":"<p>Conoce esta nueva linea de productos para la masturbaci\u00f3n masculina, estos juguetes simplemente llevan la satisfaci\u00f3n a otro nivel, siente la piel como si fuese real, este masturbador posee la facilidad de adaptarse a la temperatura de tu cuerpo. Masturbador ultra-realista con co\u00f1o apretado. T\u00fanel estrecho y estriado para agregar un placer incre\u00edble El material [&hellip;]<\/p>\n","protected":false},"featured_media":2346,"comment_status":"open","ping_status":"closed","template":"","meta":[],"product_brand":[],"product_cat":[30],"product_tag":[],"class_list":{"0":"post-2342","1":"product","2":"type-product","3":"status-publish","4":"has-post-thumbnail","6":"product_cat-masturbadores","8":"first","9":"instock","10":"shipping-taxable","11":"purchasable","12":"product-type-simple"},"_links":{"self":[{"href":"https:\/\/tiendasamor.com\/index.php\/wp-json\/wp\/v2\/product\/2342","targetHints":{"allow":["GET"]}}],"collection":[{"href":"https:\/\/tiendasamor.com\/index.php\/wp-json\/wp\/v2\/product"}],"about":[{"href":"https:\/\/tiendasamor.com\/index.php\/wp-json\/wp\/v2\/types\/product"}],"replies":[{"embeddable":true,"href":"https:\/\/tiendasamor.com\/index.php\/wp-json\/wp\/v2\/comments?post=2342"}],"wp:featuredmedia":[{"embeddable":true,"href":"https:\/\/tiendasamor.com\/index.php\/wp-json\/wp\/v2\/media\/2346"}],"wp:attachment":[{"href":"https:\/\/tiendasamor.com\/index.php\/wp-json\/wp\/v2\/media?parent=2342"}],"wp:term":[{"taxonomy":"product_brand","embeddable":true,"href":"https:\/\/tiendasamor.com\/index.php\/wp-json\/wp\/v2\/product_brand?post=2342"},{"taxonomy":"product_cat","embeddable":true,"href":"https:\/\/tiendasamor.com\/index.php\/wp-json\/wp\/v2\/product_cat?post=2342"},{"taxonomy":"product_tag","embeddable":true,"href":"https:\/\/tiendasamor.com\/index.php\/wp-json\/wp\/v2\/product_tag?post=2342"}],"curies":[{"name":"wp","href":"https:\/\/api.w.org\/{rel}","templated":true}]}}