{"id":2336,"date":"2024-04-29T20:15:29","date_gmt":"2024-04-30T01:15:29","guid":{"rendered":"https:\/\/tiendasamor.com\/?post_type=product&#038;p=2336"},"modified":"2024-04-29T20:15:29","modified_gmt":"2024-04-30T01:15:29","slug":"ultra-passionate-harness-vibrador-10-2","status":"publish","type":"product","link":"https:\/\/tiendasamor.com\/index.php\/producto\/ultra-passionate-harness-vibrador-10-2\/","title":{"rendered":"Ultra Passionate Harness vibrador 10.2"},"content":{"rendered":"<p>\u00a1El tentador consolador TPR vibrante, grande y realista tiene una textura sensualmente suave y flexible que se siente real en tu mano y a\u00fan m\u00e1s satisfactorio en el dormitorio! Perfecto para la penetraci\u00f3n vaginal o anal, este tentador consolador tiene aproximadamente 9 pulgadas de eje insertable y bolas de succi\u00f3n flexibles en la base para mayor estabilidad. Monta este consolador con las manos libres coloc\u00e1ndolo en la correa del arn\u00e9s, luego enciende la bola vibratoria para una estimulaci\u00f3n adicional.<\/p>\n<ul>\n<li>Impermeable<\/li>\n<li>F\u00e1cil uso y limpieza<\/li>\n<li>Velocidad graduable mediante dial<\/li>\n<li>Control de mano para mayor comodidad<\/li>\n<li>Control remoto a pila, 2 AA (No incluido)<\/li>\n<li>Largo: 20.6 cm \u2013 Insertable: 14 cm \u2013\u00a0 Ancho: 4.4 cm<\/li>\n<\/ul>\n","protected":false},"excerpt":{"rendered":"<p>\u00a1El tentador consolador TPR vibrante, grande y realista tiene una textura sensualmente suave y flexible que se siente real en tu mano y a\u00fan m\u00e1s satisfactorio en el dormitorio! Perfecto para la penetraci\u00f3n vaginal o anal, este tentador consolador tiene aproximadamente 9 pulgadas de eje insertable y bolas de succi\u00f3n flexibles en la base para [&hellip;]<\/p>\n","protected":false},"featured_media":2337,"comment_status":"open","ping_status":"closed","template":"","meta":[],"product_brand":[],"product_cat":[29,27],"product_tag":[],"class_list":{"0":"post-2336","1":"product","2":"type-product","3":"status-publish","4":"has-post-thumbnail","6":"product_cat-consoladores-y-dildos","7":"product_cat-vibradores","9":"first","10":"instock","11":"shipping-taxable","12":"purchasable","13":"product-type-simple"},"_links":{"self":[{"href":"https:\/\/tiendasamor.com\/index.php\/wp-json\/wp\/v2\/product\/2336","targetHints":{"allow":["GET"]}}],"collection":[{"href":"https:\/\/tiendasamor.com\/index.php\/wp-json\/wp\/v2\/product"}],"about":[{"href":"https:\/\/tiendasamor.com\/index.php\/wp-json\/wp\/v2\/types\/product"}],"replies":[{"embeddable":true,"href":"https:\/\/tiendasamor.com\/index.php\/wp-json\/wp\/v2\/comments?post=2336"}],"wp:featuredmedia":[{"embeddable":true,"href":"https:\/\/tiendasamor.com\/index.php\/wp-json\/wp\/v2\/media\/2337"}],"wp:attachment":[{"href":"https:\/\/tiendasamor.com\/index.php\/wp-json\/wp\/v2\/media?parent=2336"}],"wp:term":[{"taxonomy":"product_brand","embeddable":true,"href":"https:\/\/tiendasamor.com\/index.php\/wp-json\/wp\/v2\/product_brand?post=2336"},{"taxonomy":"product_cat","embeddable":true,"href":"https:\/\/tiendasamor.com\/index.php\/wp-json\/wp\/v2\/product_cat?post=2336"},{"taxonomy":"product_tag","embeddable":true,"href":"https:\/\/tiendasamor.com\/index.php\/wp-json\/wp\/v2\/product_tag?post=2336"}],"curies":[{"name":"wp","href":"https:\/\/api.w.org\/{rel}","templated":true}]}}