{"id":2331,"date":"2024-04-29T19:59:59","date_gmt":"2024-04-30T00:59:59","guid":{"rendered":"https:\/\/tiendasamor.com\/?post_type=product&#038;p=2331"},"modified":"2024-12-03T21:17:22","modified_gmt":"2024-12-04T02:17:22","slug":"pretty-love-catalina-con-app","status":"publish","type":"product","link":"https:\/\/tiendasamor.com\/index.php\/producto\/pretty-love-catalina-con-app\/","title":{"rendered":"Pretty Love Catalina con App"},"content":{"rendered":"<p>Desde las s\u00e1banas hasta las calles, deja que este huevo de amor recargable controlado por aplicaci\u00f3n Pretty love de 12 funciones le d\u00e9 vida a tu vida sexual. Este innovador vibrador port\u00e1til es discreto, conveniente y puede usarse dondequiera que vaya para disfrutar de emociones con manos libres, placer en solitario y emocionantes juegos en pareja.<\/p>\n<p>Dise\u00f1ado para acariciar tu punto G en silicona suave de grado m\u00e9dico, sentir\u00e1s las vibraciones donde m\u00e1s importa, mientras que el cable delgado y flexible permite recuperarlas sin esfuerzo. Juega con manos libres o deja que tu amante tome el control desde cualquier distancia con la aplicaci\u00f3n gratuita Pretty love.<\/p>\n<p>Entonces, ya sea que est\u00e9s frente a una mesa o en pa\u00edses separados, el juego discreto siempre est\u00e1 a solo un clic de distancia. Est\u00e1 fabricado en silicona resistente al agua para que puedas disfrutar solo en la ducha o el ba\u00f1o o divertirte con tu pareja.<\/p>\n","protected":false},"excerpt":{"rendered":"<p>Desde las s\u00e1banas hasta las calles, deja que este huevo de amor recargable controlado por aplicaci\u00f3n Pretty love de 12 funciones le d\u00e9 vida a tu vida sexual. Este innovador vibrador port\u00e1til es discreto, conveniente y puede usarse dondequiera que vaya para disfrutar de emociones con manos libres, placer en solitario y emocionantes juegos en [&hellip;]<\/p>\n","protected":false},"featured_media":2332,"comment_status":"open","ping_status":"closed","template":"","meta":[],"product_brand":[],"product_cat":[40,44,18,27],"product_tag":[],"class_list":{"0":"post-2331","1":"product","2":"type-product","3":"status-publish","4":"has-post-thumbnail","6":"product_cat-bolas-chinas","7":"product_cat-clitorales","8":"product_cat-juguetes","9":"product_cat-vibradores","11":"first","12":"instock","13":"shipping-taxable","14":"purchasable","15":"product-type-simple"},"_links":{"self":[{"href":"https:\/\/tiendasamor.com\/index.php\/wp-json\/wp\/v2\/product\/2331","targetHints":{"allow":["GET"]}}],"collection":[{"href":"https:\/\/tiendasamor.com\/index.php\/wp-json\/wp\/v2\/product"}],"about":[{"href":"https:\/\/tiendasamor.com\/index.php\/wp-json\/wp\/v2\/types\/product"}],"replies":[{"embeddable":true,"href":"https:\/\/tiendasamor.com\/index.php\/wp-json\/wp\/v2\/comments?post=2331"}],"wp:featuredmedia":[{"embeddable":true,"href":"https:\/\/tiendasamor.com\/index.php\/wp-json\/wp\/v2\/media\/2332"}],"wp:attachment":[{"href":"https:\/\/tiendasamor.com\/index.php\/wp-json\/wp\/v2\/media?parent=2331"}],"wp:term":[{"taxonomy":"product_brand","embeddable":true,"href":"https:\/\/tiendasamor.com\/index.php\/wp-json\/wp\/v2\/product_brand?post=2331"},{"taxonomy":"product_cat","embeddable":true,"href":"https:\/\/tiendasamor.com\/index.php\/wp-json\/wp\/v2\/product_cat?post=2331"},{"taxonomy":"product_tag","embeddable":true,"href":"https:\/\/tiendasamor.com\/index.php\/wp-json\/wp\/v2\/product_tag?post=2331"}],"curies":[{"name":"wp","href":"https:\/\/api.w.org\/{rel}","templated":true}]}}