{"id":2314,"date":"2024-04-28T22:09:25","date_gmt":"2024-04-29T03:09:25","guid":{"rendered":"https:\/\/tiendasamor.com\/?post_type=product&#038;p=2314"},"modified":"2024-04-28T22:09:25","modified_gmt":"2024-04-29T03:09:25","slug":"vibration-penis-sleeve","status":"publish","type":"product","link":"https:\/\/tiendasamor.com\/index.php\/producto\/vibration-penis-sleeve\/","title":{"rendered":"Vibration Penis Sleeve"},"content":{"rendered":"<p><span class=\"VIpgJd-yAWNEb-VIpgJd-fmcmS-sn54Q\">Combine erecciones m\u00e1s fuertes y placer del cl\u00edtoris con el anillo vibrador para pene de silicona de 7 funciones Pretty Love. Gracias a su construcci\u00f3n de silicona, este c\u00f3modo anillo para el pene se coloca en la base del pene, mejorando la erecci\u00f3n y prolongando el placer. El gran brazo que se extiende hacia afuera desde el anillo del pene frotar\u00e1 contra su cl\u00edtoris y enviar\u00e1 intensas vibraciones a su cl\u00edtoris y a trav\u00e9s de su eje, proporcionando una estimulaci\u00f3n incre\u00edble como nunca antes. \u00a1Este juguete seguramente los dejar\u00e1 a ambos extasiados!<\/span><\/p>\n<p>Caracter\u00edsticas:<br \/>\n7 funciones de vibraci\u00f3n Funci\u00f3n de memoria<br \/>\nAlimentaci\u00f3n:<br \/>\nUSB recargable<br \/>\nMaterial:<br \/>\nSilicona ABS<\/p>\n","protected":false},"excerpt":{"rendered":"<p>Combine erecciones m\u00e1s fuertes y placer del cl\u00edtoris con el anillo vibrador para pene de silicona de 7 funciones Pretty Love. Gracias a su construcci\u00f3n de silicona, este c\u00f3modo anillo para el pene se coloca en la base del pene, mejorando la erecci\u00f3n y prolongando el placer. El gran brazo que se extiende hacia afuera [&hellip;]<\/p>\n","protected":false},"featured_media":2315,"comment_status":"open","ping_status":"closed","template":"","meta":[],"product_brand":[],"product_cat":[36,44,45],"product_tag":[],"class_list":{"0":"post-2314","1":"product","2":"type-product","3":"status-publish","4":"has-post-thumbnail","6":"product_cat-anillos","7":"product_cat-clitorales","8":"product_cat-fundas-extensoras","10":"first","11":"instock","12":"shipping-taxable","13":"purchasable","14":"product-type-simple"},"_links":{"self":[{"href":"https:\/\/tiendasamor.com\/index.php\/wp-json\/wp\/v2\/product\/2314","targetHints":{"allow":["GET"]}}],"collection":[{"href":"https:\/\/tiendasamor.com\/index.php\/wp-json\/wp\/v2\/product"}],"about":[{"href":"https:\/\/tiendasamor.com\/index.php\/wp-json\/wp\/v2\/types\/product"}],"replies":[{"embeddable":true,"href":"https:\/\/tiendasamor.com\/index.php\/wp-json\/wp\/v2\/comments?post=2314"}],"wp:featuredmedia":[{"embeddable":true,"href":"https:\/\/tiendasamor.com\/index.php\/wp-json\/wp\/v2\/media\/2315"}],"wp:attachment":[{"href":"https:\/\/tiendasamor.com\/index.php\/wp-json\/wp\/v2\/media?parent=2314"}],"wp:term":[{"taxonomy":"product_brand","embeddable":true,"href":"https:\/\/tiendasamor.com\/index.php\/wp-json\/wp\/v2\/product_brand?post=2314"},{"taxonomy":"product_cat","embeddable":true,"href":"https:\/\/tiendasamor.com\/index.php\/wp-json\/wp\/v2\/product_cat?post=2314"},{"taxonomy":"product_tag","embeddable":true,"href":"https:\/\/tiendasamor.com\/index.php\/wp-json\/wp\/v2\/product_tag?post=2314"}],"curies":[{"name":"wp","href":"https:\/\/api.w.org\/{rel}","templated":true}]}}