{"id":2309,"date":"2024-04-28T22:02:50","date_gmt":"2024-04-29T03:02:50","guid":{"rendered":"https:\/\/tiendasamor.com\/?post_type=product&#038;p=2309"},"modified":"2024-04-28T22:04:28","modified_gmt":"2024-04-29T03:04:28","slug":"silicone-vibrating-penis-cock-ring","status":"publish","type":"product","link":"https:\/\/tiendasamor.com\/index.php\/producto\/silicone-vibrating-penis-cock-ring\/","title":{"rendered":"Silicone Vibrating Penis Cock Ring"},"content":{"rendered":"<p>Especialmente dise\u00f1ado para brindarles a usted y a su pareja sensaciones deliciosas, el anillo para el pene se ajustar\u00e1 c\u00f3modamente alrededor de su pene, abraz\u00e1ndose cerca de la piel, mejorando la circunferencia de su pene y brind\u00e1ndole a su pareja un momento dulce e intenso. Con 7 funciones de vibraci\u00f3n poderosa, cada movimiento que haces hace que el anillo vibrante para el pene roce el cl\u00edtoris de tu pareja.<\/p>\n","protected":false},"excerpt":{"rendered":"<p>Especialmente dise\u00f1ado para brindarles a usted y a su pareja sensaciones deliciosas, el anillo para el pene se ajustar\u00e1 c\u00f3modamente alrededor de su pene, abraz\u00e1ndose cerca de la piel, mejorando la circunferencia de su pene y brind\u00e1ndole a su pareja un momento dulce e intenso. Con 7 funciones de vibraci\u00f3n poderosa, cada movimiento que haces [&hellip;]<\/p>\n","protected":false},"featured_media":2310,"comment_status":"open","ping_status":"closed","template":"","meta":[],"product_brand":[],"product_cat":[36,44,45],"product_tag":[],"class_list":{"0":"post-2309","1":"product","2":"type-product","3":"status-publish","4":"has-post-thumbnail","6":"product_cat-anillos","7":"product_cat-clitorales","8":"product_cat-fundas-extensoras","10":"first","11":"instock","12":"shipping-taxable","13":"purchasable","14":"product-type-simple"},"_links":{"self":[{"href":"https:\/\/tiendasamor.com\/index.php\/wp-json\/wp\/v2\/product\/2309","targetHints":{"allow":["GET"]}}],"collection":[{"href":"https:\/\/tiendasamor.com\/index.php\/wp-json\/wp\/v2\/product"}],"about":[{"href":"https:\/\/tiendasamor.com\/index.php\/wp-json\/wp\/v2\/types\/product"}],"replies":[{"embeddable":true,"href":"https:\/\/tiendasamor.com\/index.php\/wp-json\/wp\/v2\/comments?post=2309"}],"wp:featuredmedia":[{"embeddable":true,"href":"https:\/\/tiendasamor.com\/index.php\/wp-json\/wp\/v2\/media\/2310"}],"wp:attachment":[{"href":"https:\/\/tiendasamor.com\/index.php\/wp-json\/wp\/v2\/media?parent=2309"}],"wp:term":[{"taxonomy":"product_brand","embeddable":true,"href":"https:\/\/tiendasamor.com\/index.php\/wp-json\/wp\/v2\/product_brand?post=2309"},{"taxonomy":"product_cat","embeddable":true,"href":"https:\/\/tiendasamor.com\/index.php\/wp-json\/wp\/v2\/product_cat?post=2309"},{"taxonomy":"product_tag","embeddable":true,"href":"https:\/\/tiendasamor.com\/index.php\/wp-json\/wp\/v2\/product_tag?post=2309"}],"curies":[{"name":"wp","href":"https:\/\/api.w.org\/{rel}","templated":true}]}}