{"id":2298,"date":"2024-04-28T21:32:28","date_gmt":"2024-04-29T02:32:28","guid":{"rendered":"https:\/\/tiendasamor.com\/?post_type=product&#038;p=2298"},"modified":"2024-04-28T21:32:28","modified_gmt":"2024-04-29T02:32:28","slug":"california-sonando-long-beach-bootylicious","status":"publish","type":"product","link":"https:\/\/tiendasamor.com\/index.php\/producto\/california-sonando-long-beach-bootylicious\/","title":{"rendered":"California So\u00f1ando\u00ae Long Beach Bootylicious"},"content":{"rendered":"<p><span>Entr\u00e9gate a tus fantas\u00edas m\u00e1s salvajes con el satisfactorio\u00a0<\/span><strong><span>vibrador de triple estimulaci\u00f3n California Dreaming Long Beach Bootylicious<\/span><\/strong><span>\u00a0. Experimenta el placer como nunca antes con el potente masajeador de triple acci\u00f3n con eje, cola y estimulador vibratorios.<\/span><\/p>\n<p><span>El potente masajeador de doble penetraci\u00f3n utiliza 3 velocidades de vibraci\u00f3n a trav\u00e9s del eje sensualmente curvado para provocar la penetraci\u00f3n del Punto G. Mientras una cola con cuentas emociona a todos aquellos amantes del placer por la puerta trasera, un adelanto con cuentas parpadea al ritmo de 10 poderosas funciones de vibraci\u00f3n.<\/span><\/p>\n<p><span>Las funciones de vibraci\u00f3n r\u00edtmica brindan una estimulaci\u00f3n del cl\u00edtoris espectacular, mientras que el eje contorneado se complace con vibradores profundos y retumbantes. Controla y personaliza tu juego de placer con las funciones de vibraci\u00f3n controladas de forma independiente.<\/span><\/p>\n<p><span>Recarga el masajeador en 2,5 horas con el cable de carga USB incluido para disfrutar de 45 minutos de estimulaci\u00f3n de alta velocidad o 90 minutos de vibraciones de baja velocidad. Disfrute de un control sin frustraciones con el panel de control de 3 botones f\u00e1cil de tocar y la funci\u00f3n de bloqueo de seguridad para burlas listas para viajar.<\/span><\/p>\n<p><span>El cuerpo pr\u00e1cticamente sin costuras y el puerto de carga autosellante le permiten obtener este vers\u00e1til dispositivo impermeable para darse un chapuz\u00f3n. La silicona premium hipoalerg\u00e9nica es segura para el cuerpo, no tiene perfume y no contiene ftalatos para mantener los puntos m\u00e1s sensibles, felices y saludables.<\/span><\/p>\n<ul>\n<li><span>Potente masajeador de triple acci\u00f3n con vibraci\u00f3n en eje, estimulador y cola<\/span><\/li>\n<li><span>3 velocidades de vibraci\u00f3n en el eje.<\/span><\/li>\n<li><span>10 funciones de vibraci\u00f3n, pulsaci\u00f3n y escalada en el estimulador de cuentas y cola<\/span><\/li>\n<li><span>motores triples<\/span><\/li>\n<li><span>Silicona segura para el cuerpo<\/span><\/li>\n<li><span>El chip de memoria de \u00faltima generaci\u00f3n se reanuda con la \u00faltima funci\u00f3n utilizada<\/span><\/li>\n<li><span>F\u00e1cil control mediante bot\u00f3n con funci\u00f3n de bloqueo de seguridad para viajes<\/span><\/li>\n<li><span>Recargable por USB: cable de carga incluido<\/span><\/li>\n<li><span>Carga completa en 2,5 horas<\/span><\/li>\n<li><span>Funciona durante 35 minutos a alta velocidad y 90 minutos a baja velocidad.<\/span><\/li>\n<li><span>Mediciones:<\/span>\n<ul>\n<li><span>4,5&#8243; x 1,25&#8243; \/ 11,5 cm x 3,25 cm (eje)<\/span><\/li>\n<li><span>1,5&#8243; x 0,75&#8243; \/ 3,75 cm x 2 cm (estimulador)<\/span><\/li>\n<li><span>8,5&#8243; x 2&#8243; \/ 21,5 cm x 5 cm (total)<\/span><\/li>\n<\/ul>\n<\/li>\n<\/ul>\n","protected":false},"excerpt":{"rendered":"<p>Entr\u00e9gate a tus fantas\u00edas m\u00e1s salvajes con el satisfactorio\u00a0vibrador de triple estimulaci\u00f3n California Dreaming Long Beach Bootylicious\u00a0. Experimenta el placer como nunca antes con el potente masajeador de triple acci\u00f3n con eje, cola y estimulador vibratorios. El potente masajeador de doble penetraci\u00f3n utiliza 3 velocidades de vibraci\u00f3n a trav\u00e9s del eje sensualmente curvado para provocar [&hellip;]<\/p>\n","protected":false},"featured_media":2300,"comment_status":"open","ping_status":"closed","template":"","meta":[],"product_brand":[],"product_cat":[44,18,43,27],"product_tag":[],"class_list":{"0":"post-2298","1":"product","2":"type-product","3":"status-publish","4":"has-post-thumbnail","6":"product_cat-clitorales","7":"product_cat-juguetes","8":"product_cat-rabbit","9":"product_cat-vibradores","11":"first","12":"instock","13":"shipping-taxable","14":"purchasable","15":"product-type-simple"},"_links":{"self":[{"href":"https:\/\/tiendasamor.com\/index.php\/wp-json\/wp\/v2\/product\/2298","targetHints":{"allow":["GET"]}}],"collection":[{"href":"https:\/\/tiendasamor.com\/index.php\/wp-json\/wp\/v2\/product"}],"about":[{"href":"https:\/\/tiendasamor.com\/index.php\/wp-json\/wp\/v2\/types\/product"}],"replies":[{"embeddable":true,"href":"https:\/\/tiendasamor.com\/index.php\/wp-json\/wp\/v2\/comments?post=2298"}],"wp:featuredmedia":[{"embeddable":true,"href":"https:\/\/tiendasamor.com\/index.php\/wp-json\/wp\/v2\/media\/2300"}],"wp:attachment":[{"href":"https:\/\/tiendasamor.com\/index.php\/wp-json\/wp\/v2\/media?parent=2298"}],"wp:term":[{"taxonomy":"product_brand","embeddable":true,"href":"https:\/\/tiendasamor.com\/index.php\/wp-json\/wp\/v2\/product_brand?post=2298"},{"taxonomy":"product_cat","embeddable":true,"href":"https:\/\/tiendasamor.com\/index.php\/wp-json\/wp\/v2\/product_cat?post=2298"},{"taxonomy":"product_tag","embeddable":true,"href":"https:\/\/tiendasamor.com\/index.php\/wp-json\/wp\/v2\/product_tag?post=2298"}],"curies":[{"name":"wp","href":"https:\/\/api.w.org\/{rel}","templated":true}]}}