{"id":2292,"date":"2024-04-28T21:08:18","date_gmt":"2024-04-29T02:08:18","guid":{"rendered":"https:\/\/tiendasamor.com\/?post_type=product&#038;p=2292"},"modified":"2024-04-28T21:38:21","modified_gmt":"2024-04-29T02:38:21","slug":"california-dreaming-palisades-passion","status":"publish","type":"product","link":"https:\/\/tiendasamor.com\/index.php\/producto\/california-dreaming-palisades-passion\/","title":{"rendered":"California Dreaming\u00ae Palisades Passion"},"content":{"rendered":"<p>Entr\u00e9gate a tus fantas\u00edas m\u00e1s salvajes y siente c\u00f3mo aumenta el calor con el vibrante\u00a0<strong>vibrador oscilante estilo conejo California Dreaming Palisades Passion.<\/strong>\u00a0Experimente el placer como nunca antes con el exclusivo avance oscilante y las 3 velocidades de vibraci\u00f3n del eje. El lujoso vibrador de conejo calentado tiene un estimulador r\u00edtmico de lado a lado \u00fanico en su tipo para una estimulaci\u00f3n externa alucinante.<\/p>\n<p>Ya sea que est\u00e9 buscando aumentar la temperatura con un amante o simplemente disfrutar de un momento sensual a solas, este deslumbrante masajeador t\u00e9rmico est\u00e1 listo. El incre\u00edble masajeador c\u00e1lido alcanza una temperatura relajante m\u00e1xima en solo 3 minutos para pasar un buen rato.<\/p>\n<p>Las funciones r\u00edtmicas de lado a lado brindan una estimulaci\u00f3n del cl\u00edtoris espectacular, mientras que el eje contorneado se complace con vibradores profundos y retumbantes. Controla y personaliza tu juego de placer con las funciones de estimulaci\u00f3n y vibraci\u00f3n controladas de forma independiente.<\/p>\n<p>Recarga el masajeador en 2,5 horas con el cable de carga USB incluido para disfrutar de 45 minutos de estimulaci\u00f3n de alta velocidad o 90 minutos de vibraciones de baja velocidad. Disfrute de un control sin frustraciones con el panel de control de 3 botones f\u00e1cil de tocar y la funci\u00f3n de bloqueo de seguridad para burlas listas para viajar.<\/p>\n<p>El cuerpo pr\u00e1cticamente sin costuras y el puerto de carga autosellante le permiten obtener este vers\u00e1til dispositivo impermeable para darse un chapuz\u00f3n. La silicona premium hipoalerg\u00e9nica es segura para el cuerpo, no tiene perfume y no contiene ftalatos para mantener los puntos m\u00e1s sensibles, felices y saludables.<\/p>\n<ul>\n<li>Potente masajeador t\u00e9rmico con vibraci\u00f3n intensa y un movimiento oscilante \u00fanico<\/li>\n<li>Incre\u00edble conejo calentado que alcanza una temperatura m\u00e1xima relajante en s\u00f3lo 3 minutos.<\/li>\n<li>3 velocidades de vibraci\u00f3n en el eje m\u00e1s textura sensual.<\/li>\n<li>10 funciones de movimiento r\u00edtmico de lado a lado en el estimulador<\/li>\n<li>motores triples<\/li>\n<li>Silicona segura para el cuerpo<\/li>\n<li>El chip de memoria de \u00faltima generaci\u00f3n se reanuda con la \u00faltima funci\u00f3n utilizada<\/li>\n<li>F\u00e1cil control mediante bot\u00f3n con funci\u00f3n de bloqueo de seguridad para viajes<\/li>\n<li>Recargable por USB: cable de carga incluido<\/li>\n<li>Carga completa en 2,5 horas<\/li>\n<li>Funciona durante 35 minutos a alta velocidad y 90 minutos a baja velocidad.<\/li>\n<li>Mediciones:\n<ul>\n<li>4,5&#8243; x 1,5&#8243; \/ 11,5 cm x 3,75 cm (eje)<\/li>\n<li>2&#8243; x 1&#8243; \/ 5 cm x 2,5 cm (estimulador)<\/li>\n<li>8,5&#8243; x 2&#8243; \/ 21,5 cm x 5 cm (total)<\/li>\n<\/ul>\n<\/li>\n<\/ul>\n","protected":false},"excerpt":{"rendered":"<p>Entr\u00e9gate a tus fantas\u00edas m\u00e1s salvajes y siente c\u00f3mo aumenta el calor con el vibrante\u00a0vibrador oscilante estilo conejo California Dreaming Palisades Passion.\u00a0Experimente el placer como nunca antes con el exclusivo avance oscilante y las 3 velocidades de vibraci\u00f3n del eje. El lujoso vibrador de conejo calentado tiene un estimulador r\u00edtmico de lado a lado \u00fanico [&hellip;]<\/p>\n","protected":false},"featured_media":2303,"comment_status":"open","ping_status":"closed","template":"","meta":[],"product_brand":[],"product_cat":[44,18,43,27],"product_tag":[],"class_list":{"0":"post-2292","1":"product","2":"type-product","3":"status-publish","4":"has-post-thumbnail","6":"product_cat-clitorales","7":"product_cat-juguetes","8":"product_cat-rabbit","9":"product_cat-vibradores","11":"first","12":"instock","13":"shipping-taxable","14":"purchasable","15":"product-type-simple"},"_links":{"self":[{"href":"https:\/\/tiendasamor.com\/index.php\/wp-json\/wp\/v2\/product\/2292","targetHints":{"allow":["GET"]}}],"collection":[{"href":"https:\/\/tiendasamor.com\/index.php\/wp-json\/wp\/v2\/product"}],"about":[{"href":"https:\/\/tiendasamor.com\/index.php\/wp-json\/wp\/v2\/types\/product"}],"replies":[{"embeddable":true,"href":"https:\/\/tiendasamor.com\/index.php\/wp-json\/wp\/v2\/comments?post=2292"}],"wp:featuredmedia":[{"embeddable":true,"href":"https:\/\/tiendasamor.com\/index.php\/wp-json\/wp\/v2\/media\/2303"}],"wp:attachment":[{"href":"https:\/\/tiendasamor.com\/index.php\/wp-json\/wp\/v2\/media?parent=2292"}],"wp:term":[{"taxonomy":"product_brand","embeddable":true,"href":"https:\/\/tiendasamor.com\/index.php\/wp-json\/wp\/v2\/product_brand?post=2292"},{"taxonomy":"product_cat","embeddable":true,"href":"https:\/\/tiendasamor.com\/index.php\/wp-json\/wp\/v2\/product_cat?post=2292"},{"taxonomy":"product_tag","embeddable":true,"href":"https:\/\/tiendasamor.com\/index.php\/wp-json\/wp\/v2\/product_tag?post=2292"}],"curies":[{"name":"wp","href":"https:\/\/api.w.org\/{rel}","templated":true}]}}