{"id":2286,"date":"2024-04-27T12:54:06","date_gmt":"2024-04-27T17:54:06","guid":{"rendered":"https:\/\/tiendasamor.com\/?post_type=product&#038;p=2286"},"modified":"2024-04-27T12:56:08","modified_gmt":"2024-04-27T17:56:08","slug":"kit-bondage-esposas-muneca-tobillo","status":"publish","type":"product","link":"https:\/\/tiendasamor.com\/index.php\/producto\/kit-bondage-esposas-muneca-tobillo\/","title":{"rendered":"Kit Bondage Esposas Mu\u00f1eca Tobillo"},"content":{"rendered":"<p><span class=\"Y2IQFc\" lang=\"es\">Caracter\u00edsticas: barriles de metal resistentes para colgar detr\u00e1s de la puerta. <\/span><\/p>\n<p><span class=\"Y2IQFc\" lang=\"es\">Estas restricciones de entrada sobre la puerta los mantendr\u00e1n agradablemente obedientes. Los pu\u00f1os se cierran de forma segura con cierres de velcro y cuentan con cierres extra\u00edbles para que puedas jugar con o sin los sujetadores de las puertas. <\/span><\/p>\n<p><span class=\"Y2IQFc\" lang=\"es\">Los cilindros de los extremos se pueden colocar en la parte superior o inferior de una puerta, o en cualquier lugar que pueda asegurarlos.<\/span><\/p>\n<p><span class=\"Y2IQFc\" lang=\"es\"> \u00a1Las posibilidades son infinitas!<\/span><\/p>\n<p><span class=\"Y2IQFc\" lang=\"es\"> Medidas: Correas: 10,5 pulgadas de largo, 1,5 pulgadas de ancho; Pu\u00f1os: <\/span><\/p>\n<p><span class=\"Y2IQFc\" lang=\"es\">Se adapta a hasta 15 pulgadas de circunferencia, 2 pulgadas de ancho. <\/span><\/p>\n","protected":false},"excerpt":{"rendered":"<p>Caracter\u00edsticas: barriles de metal resistentes para colgar detr\u00e1s de la puerta. Estas restricciones de entrada sobre la puerta los mantendr\u00e1n agradablemente obedientes. Los pu\u00f1os se cierran de forma segura con cierres de velcro y cuentan con cierres extra\u00edbles para que puedas jugar con o sin los sujetadores de las puertas. Los cilindros de los extremos [&hellip;]<\/p>\n","protected":false},"featured_media":2288,"comment_status":"open","ping_status":"closed","template":"","meta":[],"product_brand":[],"product_cat":[20,54,53,59],"product_tag":[],"class_list":{"0":"post-2286","1":"product","2":"type-product","3":"status-publish","4":"has-post-thumbnail","6":"product_cat-bondage","7":"product_cat-columpios","8":"product_cat-esposa","9":"product_cat-kama-sutra","11":"first","12":"instock","13":"shipping-taxable","14":"purchasable","15":"product-type-simple"},"_links":{"self":[{"href":"https:\/\/tiendasamor.com\/index.php\/wp-json\/wp\/v2\/product\/2286","targetHints":{"allow":["GET"]}}],"collection":[{"href":"https:\/\/tiendasamor.com\/index.php\/wp-json\/wp\/v2\/product"}],"about":[{"href":"https:\/\/tiendasamor.com\/index.php\/wp-json\/wp\/v2\/types\/product"}],"replies":[{"embeddable":true,"href":"https:\/\/tiendasamor.com\/index.php\/wp-json\/wp\/v2\/comments?post=2286"}],"wp:featuredmedia":[{"embeddable":true,"href":"https:\/\/tiendasamor.com\/index.php\/wp-json\/wp\/v2\/media\/2288"}],"wp:attachment":[{"href":"https:\/\/tiendasamor.com\/index.php\/wp-json\/wp\/v2\/media?parent=2286"}],"wp:term":[{"taxonomy":"product_brand","embeddable":true,"href":"https:\/\/tiendasamor.com\/index.php\/wp-json\/wp\/v2\/product_brand?post=2286"},{"taxonomy":"product_cat","embeddable":true,"href":"https:\/\/tiendasamor.com\/index.php\/wp-json\/wp\/v2\/product_cat?post=2286"},{"taxonomy":"product_tag","embeddable":true,"href":"https:\/\/tiendasamor.com\/index.php\/wp-json\/wp\/v2\/product_tag?post=2286"}],"curies":[{"name":"wp","href":"https:\/\/api.w.org\/{rel}","templated":true}]}}