{"id":2280,"date":"2024-04-27T11:52:33","date_gmt":"2024-04-27T16:52:33","guid":{"rendered":"https:\/\/tiendasamor.com\/?post_type=product&#038;p=2280"},"modified":"2024-04-27T11:58:37","modified_gmt":"2024-04-27T16:58:37","slug":"fetish-manos-cuello-y-boca","status":"publish","type":"product","link":"https:\/\/tiendasamor.com\/index.php\/producto\/fetish-manos-cuello-y-boca\/","title":{"rendered":"Fetish Manos Cuello y Boca"},"content":{"rendered":"<p>Amarras de Velcro con mordaza en pl\u00e0stico.<\/p>\n<p>Disponible en color negro.<\/p>\n<p>Disfruta de lo que m\u00e0s te gusta sin restricciones.<\/p>\n<p>Juego er\u00f3tico para parejas con amarre en<\/p>\n<p>manos<\/p>\n<p>cuello<\/p>\n<p>mordaza para la boca<\/p>\n<p>ideal para la pr\u00e0ctica de BDSM<\/p>\n","protected":false},"excerpt":{"rendered":"<p>Amarras de Velcro con mordaza en pl\u00e0stico. Disponible en color negro. Disfruta de lo que m\u00e0s te gusta sin restricciones. Juego er\u00f3tico para parejas con amarre en manos cuello mordaza para la boca ideal para la pr\u00e0ctica de BDSM<\/p>\n","protected":false},"featured_media":2283,"comment_status":"open","ping_status":"closed","template":"","meta":[],"product_brand":[],"product_cat":[20,54,59],"product_tag":[],"class_list":{"0":"post-2280","1":"product","2":"type-product","3":"status-publish","4":"has-post-thumbnail","6":"product_cat-bondage","7":"product_cat-columpios","8":"product_cat-kama-sutra","10":"first","11":"instock","12":"shipping-taxable","13":"purchasable","14":"product-type-simple"},"_links":{"self":[{"href":"https:\/\/tiendasamor.com\/index.php\/wp-json\/wp\/v2\/product\/2280","targetHints":{"allow":["GET"]}}],"collection":[{"href":"https:\/\/tiendasamor.com\/index.php\/wp-json\/wp\/v2\/product"}],"about":[{"href":"https:\/\/tiendasamor.com\/index.php\/wp-json\/wp\/v2\/types\/product"}],"replies":[{"embeddable":true,"href":"https:\/\/tiendasamor.com\/index.php\/wp-json\/wp\/v2\/comments?post=2280"}],"wp:featuredmedia":[{"embeddable":true,"href":"https:\/\/tiendasamor.com\/index.php\/wp-json\/wp\/v2\/media\/2283"}],"wp:attachment":[{"href":"https:\/\/tiendasamor.com\/index.php\/wp-json\/wp\/v2\/media?parent=2280"}],"wp:term":[{"taxonomy":"product_brand","embeddable":true,"href":"https:\/\/tiendasamor.com\/index.php\/wp-json\/wp\/v2\/product_brand?post=2280"},{"taxonomy":"product_cat","embeddable":true,"href":"https:\/\/tiendasamor.com\/index.php\/wp-json\/wp\/v2\/product_cat?post=2280"},{"taxonomy":"product_tag","embeddable":true,"href":"https:\/\/tiendasamor.com\/index.php\/wp-json\/wp\/v2\/product_tag?post=2280"}],"curies":[{"name":"wp","href":"https:\/\/api.w.org\/{rel}","templated":true}]}}