{"id":2277,"date":"2024-04-26T19:57:37","date_gmt":"2024-04-27T00:57:37","guid":{"rendered":"https:\/\/tiendasamor.com\/?post_type=product&#038;p=2277"},"modified":"2024-04-26T19:57:37","modified_gmt":"2024-04-27T00:57:37","slug":"bondage-para-el-colchon","status":"publish","type":"product","link":"https:\/\/tiendasamor.com\/index.php\/producto\/bondage-para-el-colchon\/","title":{"rendered":"Bondage Para el Colch\u00f3n"},"content":{"rendered":"<ul data-spm-anchor-id=\"a2g0o.detail.1000023.i5.7c794f6bJFw2Xc\">\n<li>\n<p align=\"left\"><span data-spm-anchor-id=\"a2g0o.detail.1000023.i2.7c794f6bJFw2Xc\">Este es el traje de esclavitud de cama SM profesional de dise\u00f1o cient\u00edfico. Puede erectar tipos de bondage alrededor de la cama, con los que puede disfrutar de la pasi\u00f3n y el sexo a su propio contenido.<\/span><\/p>\n<\/li>\n<li>\n<p align=\"left\">El simple equipo de bondage se puede instalar debajo de la cama y su cama se convertir\u00e1 instant\u00e1neamente en el fondo.<\/p>\n<\/li>\n<li>\n<p align=\"left\">Puedes esconder el cintur\u00f3n debajo del colch\u00f3n a escondidas y luego puedes construir tipos de medios de esclavitud alrededor de la cama.<\/p>\n<\/li>\n<li>\n<p align=\"left\">Estos productos est\u00e1n compuestos por 4 Uds. De trenzas ajustables de gran calidad, 2 esposas y 2 grilletes.<\/p>\n<\/li>\n<li>\n<p align=\"left\">Los 4 Uds. De cinturones de esclavitud tambi\u00e9n est\u00e1n unidos a trav\u00e9s de hebillas de metal. Hay un suave y c\u00f3modo forro de pelusa con esposas y grilletes, que no da\u00f1ar\u00e1n la cintura ni el tobillo.<\/p>\n<\/li>\n<li>\n<p align=\"left\" data-spm-anchor-id=\"a2g0o.detail.1000023.i3.7c794f6bJFw2Xc\">Kit de sujeci\u00f3n secreto debajo de la cama<\/p>\n<\/li>\n<li>\n<p align=\"left\">Totalmente ajustable para adaptarse a cualquier tama\u00f1o de cama.<\/p>\n<\/li>\n<li>\n<p align=\"left\">Clips de liberaci\u00f3n r\u00e1pida para mayor seguridad.<\/p>\n<\/li>\n<li>\n<p align=\"left\"><span data-spm-anchor-id=\"a2g0o.detail.1000023.i4.7c794f6bJFw2Xc\">Las correas gruesas de nailon proporcionan una mayor seguridad.<\/span><\/p>\n<\/li>\n<li>\n<p align=\"left\">Longitud ajustable para mu\u00f1equeras y tobilleras.<\/p>\n<\/li>\n<li>\n<p align=\"left\">F\u00e1cil de llevar, f\u00e1cil de ocultar. Se puede aplicar r\u00e1pidamente.<\/p>\n<\/li>\n<li>\n<p align=\"left\">Se oculta f\u00e1cilmente al colocar debajo del colch\u00f3n cuando no est\u00e1 en uso.<\/p>\n<\/li>\n<li>\n<p align=\"left\">Puede convertir tu cama f\u00e1cilmente en un fuerte sistema de restricci\u00f3n<\/p>\n<\/li>\n<li>\n<p align=\"left\">Peso: 10,05 oz<\/p>\n<\/li>\n<li>\n<p align=\"left\">Color: como se muestra<\/p>\n<\/li>\n<li>\n<p align=\"left\">Material: Material de Nylon de peluche de<\/p>\n<\/li>\n<\/ul>\n","protected":false},"excerpt":{"rendered":"<p>Este es el traje de esclavitud de cama SM profesional de dise\u00f1o cient\u00edfico. Puede erectar tipos de bondage alrededor de la cama, con los que puede disfrutar de la pasi\u00f3n y el sexo a su propio contenido. El simple equipo de bondage se puede instalar debajo de la cama y su cama se convertir\u00e1 instant\u00e1neamente [&hellip;]<\/p>\n","protected":false},"featured_media":2278,"comment_status":"open","ping_status":"closed","template":"","meta":[],"product_brand":[],"product_cat":[20,59],"product_tag":[],"class_list":{"0":"post-2277","1":"product","2":"type-product","3":"status-publish","4":"has-post-thumbnail","6":"product_cat-bondage","7":"product_cat-kama-sutra","9":"first","10":"instock","11":"shipping-taxable","12":"purchasable","13":"product-type-simple"},"_links":{"self":[{"href":"https:\/\/tiendasamor.com\/index.php\/wp-json\/wp\/v2\/product\/2277","targetHints":{"allow":["GET"]}}],"collection":[{"href":"https:\/\/tiendasamor.com\/index.php\/wp-json\/wp\/v2\/product"}],"about":[{"href":"https:\/\/tiendasamor.com\/index.php\/wp-json\/wp\/v2\/types\/product"}],"replies":[{"embeddable":true,"href":"https:\/\/tiendasamor.com\/index.php\/wp-json\/wp\/v2\/comments?post=2277"}],"wp:featuredmedia":[{"embeddable":true,"href":"https:\/\/tiendasamor.com\/index.php\/wp-json\/wp\/v2\/media\/2278"}],"wp:attachment":[{"href":"https:\/\/tiendasamor.com\/index.php\/wp-json\/wp\/v2\/media?parent=2277"}],"wp:term":[{"taxonomy":"product_brand","embeddable":true,"href":"https:\/\/tiendasamor.com\/index.php\/wp-json\/wp\/v2\/product_brand?post=2277"},{"taxonomy":"product_cat","embeddable":true,"href":"https:\/\/tiendasamor.com\/index.php\/wp-json\/wp\/v2\/product_cat?post=2277"},{"taxonomy":"product_tag","embeddable":true,"href":"https:\/\/tiendasamor.com\/index.php\/wp-json\/wp\/v2\/product_tag?post=2277"}],"curies":[{"name":"wp","href":"https:\/\/api.w.org\/{rel}","templated":true}]}}