{"id":2271,"date":"2024-04-26T19:22:54","date_gmt":"2024-04-27T00:22:54","guid":{"rendered":"https:\/\/tiendasamor.com\/?post_type=product&#038;p=2271"},"modified":"2024-04-26T19:22:55","modified_gmt":"2024-04-27T00:22:55","slug":"satisfyer-double-joy-app","status":"publish","type":"product","link":"https:\/\/tiendasamor.com\/index.php\/producto\/satisfyer-double-joy-app\/","title":{"rendered":"Satisfyer Double Joy app"},"content":{"rendered":"<p>Satisfyer ha lanzado su nueva colecci\u00f3n de juguetes er\u00f3ticos ligados a una novedosa app que incrementa sus posibilidades hasta el infinito\u00a0(o casi). Aqu\u00ed tienes el\u00a0Double Joy,\u00a0un estimulador para parejas con un ergon\u00f3mico dise\u00f1o en forma de U que se ajusta c\u00f3modamente garantizando el m\u00e1ximo placer para ambos.<\/p>\n<p>Estimula el cl\u00edtoris, el punto G y el pene. Introduce su parte insertable mientras la otra se apoya sobre tu cl\u00edtoris. Durante la penetraci\u00f3n, tu pareja masculina disfrutar\u00e1 tanto de las vibraciones como de la sensaci\u00f3n de estrechez en el interior de la vagina. Vibrador para la mejor relaci\u00f3n.<\/p>\n<p>Equipado con dos potentes motores, es impermeable y est\u00e1 dotado de 3 intensidades y 7 modos de vibraci\u00f3n.<\/p>\n<p>Vibrador perfecto para que ambos disfruten.<\/p>\n<h2>Caracter\u00edsticas principales del Double Joy:<\/h2>\n<ul>\n<li>Juguete para parejas.<\/li>\n<li>Estimula el cl\u00edtoris, el punto G y el pene simult\u00e1neamente.<\/li>\n<li>Dise\u00f1o ergon\u00f3mico en forma de U.<\/li>\n<li>Elaborado en silicona m\u00e9dica, segura e hipoalerg\u00e9nica.<\/li>\n<li>Impermeable.<\/li>\n<li>Recargable (cable de carga magn\u00e9tico por USB incluido).<\/li>\n<li>Tiempo de carga: 2 horas aproximadamente.<\/li>\n<li>Tiempo de uso: 1 hora.<\/li>\n<li>Dimensiones parte insertable: 10,5 cm de longitud, 2,6 cm de ancho y 1,6 cm de alto.<\/li>\n<li>Dimensi\u00f3n parte exterior: 11,5 cm de longitud, 4,2 cm de ancho y 2,1 cm de alto.<\/li>\n<li>Equipado con dos motores.<\/li>\n<li>Se puede controlar sin la aplicaci\u00f3n (cuenta con 3 intensidades y 7 modos de vibraci\u00f3n).<\/li>\n<li>Compatible con Satisfyer Connect, la aplicaci\u00f3n gratuita de la marca que te permite crear patrones infinitos.<\/li>\n<\/ul>\n<p>&nbsp;<\/p>\n","protected":false},"excerpt":{"rendered":"<p>Satisfyer ha lanzado su nueva colecci\u00f3n de juguetes er\u00f3ticos ligados a una novedosa app que incrementa sus posibilidades hasta el infinito\u00a0(o casi). Aqu\u00ed tienes el\u00a0Double Joy,\u00a0un estimulador para parejas con un ergon\u00f3mico dise\u00f1o en forma de U que se ajusta c\u00f3modamente garantizando el m\u00e1ximo placer para ambos. Estimula el cl\u00edtoris, el punto G y el [&hellip;]<\/p>\n","protected":false},"featured_media":2272,"comment_status":"open","ping_status":"closed","template":"","meta":[],"product_brand":[],"product_cat":[44,27],"product_tag":[],"class_list":{"0":"post-2271","1":"product","2":"type-product","3":"status-publish","4":"has-post-thumbnail","6":"product_cat-clitorales","7":"product_cat-vibradores","9":"first","10":"instock","11":"shipping-taxable","12":"purchasable","13":"product-type-simple"},"_links":{"self":[{"href":"https:\/\/tiendasamor.com\/index.php\/wp-json\/wp\/v2\/product\/2271","targetHints":{"allow":["GET"]}}],"collection":[{"href":"https:\/\/tiendasamor.com\/index.php\/wp-json\/wp\/v2\/product"}],"about":[{"href":"https:\/\/tiendasamor.com\/index.php\/wp-json\/wp\/v2\/types\/product"}],"replies":[{"embeddable":true,"href":"https:\/\/tiendasamor.com\/index.php\/wp-json\/wp\/v2\/comments?post=2271"}],"wp:featuredmedia":[{"embeddable":true,"href":"https:\/\/tiendasamor.com\/index.php\/wp-json\/wp\/v2\/media\/2272"}],"wp:attachment":[{"href":"https:\/\/tiendasamor.com\/index.php\/wp-json\/wp\/v2\/media?parent=2271"}],"wp:term":[{"taxonomy":"product_brand","embeddable":true,"href":"https:\/\/tiendasamor.com\/index.php\/wp-json\/wp\/v2\/product_brand?post=2271"},{"taxonomy":"product_cat","embeddable":true,"href":"https:\/\/tiendasamor.com\/index.php\/wp-json\/wp\/v2\/product_cat?post=2271"},{"taxonomy":"product_tag","embeddable":true,"href":"https:\/\/tiendasamor.com\/index.php\/wp-json\/wp\/v2\/product_tag?post=2271"}],"curies":[{"name":"wp","href":"https:\/\/api.w.org\/{rel}","templated":true}]}}