{"id":2266,"date":"2024-04-26T14:07:17","date_gmt":"2024-04-26T19:07:17","guid":{"rendered":"https:\/\/tiendasamor.com\/?post_type=product&#038;p=2266"},"modified":"2024-05-14T22:05:01","modified_gmt":"2024-05-15T03:05:01","slug":"size-master-pro","status":"publish","type":"product","link":"https:\/\/tiendasamor.com\/index.php\/producto\/size-master-pro\/","title":{"rendered":"Size Master Pro"},"content":{"rendered":"<p>\u00bfTiene un pene peque\u00f1o? \u00bfLe preocupa su erecci\u00f3n? \u00bfInfluye seriamente en su vida sexual?<\/p>\n<h3>\u00bfC\u00f3mo aumentar el tama\u00f1o del pene?<\/h3>\n<p>Por t\u00e9rmino medio, el tama\u00f1o del pene deber\u00eda ser de 5 a 6 pulgadas, pero no es as\u00ed.<br \/>\nMiles de hombres de todo el mundo sufren el problema de tener un pene peque\u00f1o.<br \/>\nAunque hay varias soluciones para ello, como las p\u00edldoras de alargamiento del pene, las cremas e incluso la cirug\u00eda, pero ninguna de ellas es tan eficaz como los alargadores de pene.<\/p>\n<p>Hay mucha tecnolog\u00eda detr\u00e1s del desarrollo de este sistema de tracci\u00f3n.<br \/>\nNuestros ingenieros m\u00e9dicos especializados en el alargamiento del pene tienen a\u00f1os de experiencia en ayudar a los hombres en su b\u00fasqueda para lograr el m\u00e1ximo tama\u00f1o y erecci\u00f3n.<br \/>\nEste aparato tiene una gran especializaci\u00f3n: el estiramiento del pene mediante la sujeci\u00f3n del glande por vac\u00edo.<\/p>\n<p>Como resultado, puede ampliar su pene de 1,2 a 2,1 pulgadas de longitud y 0,6 pulgadas de di\u00e1metro sin p\u00e9rdida de sensibilidad.<br \/>\nEl uso del sistema es de 3 a 5 horas al d\u00eda, es decir, un indicador de registro bajo.<\/p>\n<p>Un sistema de vac\u00edo profesional para el alargamiento del pene con cintur\u00f3n de vac\u00edo,<strong>\u00a0el master enlarger es el sistema de alargamiento del pene m\u00e1s seguro.<\/strong><\/p>\n<p>La seguridad significa que la cabeza est\u00e1 totalmente protegida durante el alargamiento del pene, sin tensiones extremas.<br \/>\nY, lo m\u00e1s importante, se puede utilizar el sistema durante 6-8 horas seguidas. Incluso puedes utilizarlo mientras duermes.<br \/>\nLa tecnolog\u00eda del vac\u00edo para el alargamiento del pene es un \u00e1rea bastante nueva,<br \/>\nSin embargo, hoy en d\u00eda est\u00e1 ganando cada vez m\u00e1s popularidad gracias a la posibilidad de un uso prolongado y a la falta de sensaci\u00f3n de incomodidad, el resultado global de la ampliaci\u00f3n est\u00e1 siendo mejorado y el tiempo de uso est\u00e1 disminuyendo.<\/p>\n<h3>Introducci\u00f3n<\/h3>\n<ul>\n<li>Componentes de silicona de alta resistencia.<\/li>\n<li>Cabeza de pene de doble protecci\u00f3n<\/li>\n<li>Puede usarse mientras se duerme<\/li>\n<li>Uso indoloro sin p\u00e9rdida de sensibilidad del pene.<\/li>\n<li>Uso c\u00f3modo bajo la ropa,<\/li>\n<li>Protecci\u00f3n total del glande durante su uso bajo la ropa<\/li>\n<li>Uso c\u00f3modo durante la conducci\u00f3n y el ejercicio<\/li>\n<li>La camilla cura la enfermedad de Peyronie y la curvatura del pene.<\/li>\n<li>100% material natural no deformado<\/li>\n<li>Universal, incluye copas para cada tama\u00f1o de pene<\/li>\n<\/ul>\n<p>Est\u00e1 fabricado con material de seguridad ABS,<br \/>\nLa ventosa simula la forma del glande y es c\u00f3moda de llevar.<\/p>\n<p>Cierre autom\u00e1tico del aire, sin fugas de aire, levante la v\u00e1lvula para el escape.<br \/>\nLa funda de silicona es suave y el\u00e1stica.<br \/>\nLa Copa L coincide con la manga grande por defecto,<br \/>\nLa copa M,S coincide con la manga de tama\u00f1o peque\u00f1o por defecto.<br \/>\nHay 8 varillas met\u00e1licas en el soporte L y M, S.<\/p>\n<h3>Tama\u00f1o de la copa<\/h3>\n<ol>\n<li>Talla S Copa 33mm<\/li>\n<li>Talla M Copa 38 mm<\/li>\n<li>Talla L Copa 42 mm<\/li>\n<\/ol>\n<h3>C\u00f3mo elegir la copa<\/h3>\n<p>Utiliza un cordel alrededor de la parte m\u00e1s gruesa del glande en erecci\u00f3n y luego mide la longitud del cordel.<br \/>\nEl di\u00e1metro interior de la copa grande es de 42 mm (la circunferencia de la parte m\u00e1s gruesa del glande es de m\u00e1s de 13 cm).<br \/>\nEl di\u00e1metro interior de la copa mediana es de 38 mm (la circunferencia de la parte m\u00e1s gruesa del glande es de 11,5-13 cm).<br \/>\nEl di\u00e1metro interior de la peque\u00f1a copa de presi\u00f3n negativa es de 33 mm (por debajo de 11,5 cm);<br \/>\nEl juego de soportes y el juego completo tienen cajas de venta al p\u00fablico.<\/p>\n<p>El juego de cinturones y el juego de correas no tienen cajas de venta al p\u00fablico.<\/p>\n<p>Puede elegir el dispositivo adecuado en funci\u00f3n de su talla y del tama\u00f1o de la ventosa. Despu\u00e9s de seis meses de uso, se sorprender\u00e1.<\/p>\n<ul>\n<li>Llevarlo, completamente indoloro<\/li>\n<li>Protecci\u00f3n total del glande al llevarlo bajo la ropa<\/li>\n<li>Agrandamiento del glande debido al vac\u00edo<\/li>\n<li>Sistema de protrusi\u00f3n de barras SIZE MASTER PRO<\/li>\n<li>Longitud m\u00e1xima 27,94 cm<\/li>\n<li>materiales naturales indeformables<\/li>\n<li>Universal, se adapta a hombres a partir de 3,15 en estado erecto<\/li>\n<li>Kit grande<\/li>\n<li>Aumenta la eficacia del extensor 2 veces gracias a la comodidad<\/li>\n<li>Garant\u00eda de aumento del pene en 4 meses<\/li>\n<\/ul>\n","protected":false},"excerpt":{"rendered":"<p>\u00bfTiene un pene peque\u00f1o? \u00bfLe preocupa su erecci\u00f3n? \u00bfInfluye seriamente en su vida sexual? \u00bfC\u00f3mo aumentar el tama\u00f1o del pene? Por t\u00e9rmino medio, el tama\u00f1o del pene deber\u00eda ser de 5 a 6 pulgadas, pero no es as\u00ed. Miles de hombres de todo el mundo sufren el problema de tener un pene peque\u00f1o. Aunque hay [&hellip;]<\/p>\n","protected":false},"featured_media":2267,"comment_status":"open","ping_status":"closed","template":"","meta":[],"product_brand":[],"product_cat":[38,39],"product_tag":[],"class_list":{"0":"post-2266","1":"product","2":"type-product","3":"status-publish","4":"has-post-thumbnail","6":"product_cat-bomba-de-succion","7":"product_cat-desarrolladores","9":"first","10":"instock","11":"featured","12":"shipping-taxable","13":"purchasable","14":"product-type-simple"},"_links":{"self":[{"href":"https:\/\/tiendasamor.com\/index.php\/wp-json\/wp\/v2\/product\/2266","targetHints":{"allow":["GET"]}}],"collection":[{"href":"https:\/\/tiendasamor.com\/index.php\/wp-json\/wp\/v2\/product"}],"about":[{"href":"https:\/\/tiendasamor.com\/index.php\/wp-json\/wp\/v2\/types\/product"}],"replies":[{"embeddable":true,"href":"https:\/\/tiendasamor.com\/index.php\/wp-json\/wp\/v2\/comments?post=2266"}],"wp:featuredmedia":[{"embeddable":true,"href":"https:\/\/tiendasamor.com\/index.php\/wp-json\/wp\/v2\/media\/2267"}],"wp:attachment":[{"href":"https:\/\/tiendasamor.com\/index.php\/wp-json\/wp\/v2\/media?parent=2266"}],"wp:term":[{"taxonomy":"product_brand","embeddable":true,"href":"https:\/\/tiendasamor.com\/index.php\/wp-json\/wp\/v2\/product_brand?post=2266"},{"taxonomy":"product_cat","embeddable":true,"href":"https:\/\/tiendasamor.com\/index.php\/wp-json\/wp\/v2\/product_cat?post=2266"},{"taxonomy":"product_tag","embeddable":true,"href":"https:\/\/tiendasamor.com\/index.php\/wp-json\/wp\/v2\/product_tag?post=2266"}],"curies":[{"name":"wp","href":"https:\/\/api.w.org\/{rel}","templated":true}]}}