{"id":2255,"date":"2024-04-25T19:49:46","date_gmt":"2024-04-26T00:49:46","guid":{"rendered":"https:\/\/tiendasamor.com\/?post_type=product&#038;p=2255"},"modified":"2024-05-20T18:25:35","modified_gmt":"2024-05-20T23:25:35","slug":"aprovibe-rotador-sexy-heat-up-elephish","status":"publish","type":"product","link":"https:\/\/tiendasamor.com\/index.php\/producto\/aprovibe-rotador-sexy-heat-up-elephish\/","title":{"rendered":"Aprovibe Rotador Sexy Heat Up Elephish"},"content":{"rendered":"<p>Vibrador G Missile\u2026\u2026..super estimulante. Curvo para estimular punto el punto G, con rotaci\u00f3n de 3 velocidades, cuenta adem\u00e1s con 10 Frecuencias de vibraci\u00f3n, pulsaci\u00f3n y escalas en el estimulador del cl\u00edtoris. Descubre su funci\u00f3n \u00fanica de turbo que te encantar\u00e1, mant\u00e9n pulsado el bot\u00f3n y girar\u00e1 mucho m\u00e1s r\u00e1pido!. Elaborado en material 100% de silicona, lo que hace a este producto hipoalerg\u00e9nico. A prueba de agua bueno \u00fanico y resistente.<\/p>\n<ul>\n<li>Material de silicona m\u00e9dico<\/li>\n<li>10 funciones de vibraci\u00f3n<\/li>\n<li>3 Modos de Rotaci\u00f3n y empuje<\/li>\n<li>Libre de ftalatos<\/li>\n<li>Impermeable<\/li>\n<li>Recargable USB ( incluido )<\/li>\n<li>Largo total: 24 cm \u2013 Insertable: 13 cm \u2013 Ancho: 3.5 cm<\/li>\n<\/ul>\n","protected":false},"excerpt":{"rendered":"<p>Vibrador G Missile\u2026\u2026..super estimulante. Curvo para estimular punto el punto G, con rotaci\u00f3n de 3 velocidades, cuenta adem\u00e1s con 10 Frecuencias de vibraci\u00f3n, pulsaci\u00f3n y escalas en el estimulador del cl\u00edtoris. Descubre su funci\u00f3n \u00fanica de turbo que te encantar\u00e1, mant\u00e9n pulsado el bot\u00f3n y girar\u00e1 mucho m\u00e1s r\u00e1pido!. Elaborado en material 100% de silicona, [&hellip;]<\/p>\n","protected":false},"featured_media":2827,"comment_status":"open","ping_status":"closed","template":"","meta":[],"product_brand":[],"product_cat":[44,43,27],"product_tag":[],"class_list":{"0":"post-2255","1":"product","2":"type-product","3":"status-publish","4":"has-post-thumbnail","6":"product_cat-clitorales","7":"product_cat-rabbit","8":"product_cat-vibradores","10":"first","11":"instock","12":"shipping-taxable","13":"purchasable","14":"product-type-simple"},"_links":{"self":[{"href":"https:\/\/tiendasamor.com\/index.php\/wp-json\/wp\/v2\/product\/2255","targetHints":{"allow":["GET"]}}],"collection":[{"href":"https:\/\/tiendasamor.com\/index.php\/wp-json\/wp\/v2\/product"}],"about":[{"href":"https:\/\/tiendasamor.com\/index.php\/wp-json\/wp\/v2\/types\/product"}],"replies":[{"embeddable":true,"href":"https:\/\/tiendasamor.com\/index.php\/wp-json\/wp\/v2\/comments?post=2255"}],"wp:featuredmedia":[{"embeddable":true,"href":"https:\/\/tiendasamor.com\/index.php\/wp-json\/wp\/v2\/media\/2827"}],"wp:attachment":[{"href":"https:\/\/tiendasamor.com\/index.php\/wp-json\/wp\/v2\/media?parent=2255"}],"wp:term":[{"taxonomy":"product_brand","embeddable":true,"href":"https:\/\/tiendasamor.com\/index.php\/wp-json\/wp\/v2\/product_brand?post=2255"},{"taxonomy":"product_cat","embeddable":true,"href":"https:\/\/tiendasamor.com\/index.php\/wp-json\/wp\/v2\/product_cat?post=2255"},{"taxonomy":"product_tag","embeddable":true,"href":"https:\/\/tiendasamor.com\/index.php\/wp-json\/wp\/v2\/product_tag?post=2255"}],"curies":[{"name":"wp","href":"https:\/\/api.w.org\/{rel}","templated":true}]}}