{"id":2250,"date":"2024-04-25T19:42:25","date_gmt":"2024-04-26T00:42:25","guid":{"rendered":"https:\/\/tiendasamor.com\/?post_type=product&#038;p=2250"},"modified":"2024-04-25T19:42:25","modified_gmt":"2024-04-26T00:42:25","slug":"satisfyer-double-flex-con-app-2","status":"publish","type":"product","link":"https:\/\/tiendasamor.com\/index.php\/producto\/satisfyer-double-flex-con-app-2\/","title":{"rendered":"Satisfyer Double Flex con APP"},"content":{"rendered":"<p id=\"tw-target-text\" class=\"tw-data-text tw-text-large tw-ta\" dir=\"ltr\" data-placeholder=\"Traducci\u00f3n\"><span class=\"Y2IQFc\" lang=\"es\">El Double Flex se asegura de que tanto sus puntos\u00a0 internos como externos reciban toda la atenci\u00f3n que merecen. El eje curvo y bulboso se desliza agradablemente por dentro para brindar vibraciones profundos y potentes a tu punto G, mientras que los dos brazos flexibles rebotan y se balancean contra tu cl\u00edtoris y labios mayores. La silicona suave y flexible se adapta a tus curvas naturales para una experiencia c\u00f3moda y satisfactoria.<\/span><\/p>\n<p class=\"tw-data-text tw-text-large tw-ta\" dir=\"ltr\" data-placeholder=\"Traducci\u00f3n\"><span class=\"Y2IQFc\" lang=\"es\">Tres motores fuertes y potentes env\u00edan vibraciones a las tres puntas y todas las funciones y velocidades se pueden controlar f\u00e1cilmente con los botones de la base. Use los botones superior e inferior para recorrer los diferentes patrones preestablecidos y use los botones izquierdo y derecho para cambiar la velocidad de sensual a intensa.<\/span><\/p>\n<p class=\"tw-data-text tw-text-large tw-ta\" dir=\"ltr\" data-placeholder=\"Traducci\u00f3n\"><span class=\"Y2IQFc\" lang=\"es\">Controla el Double Flex desde el propio juguete o con\u00e9ctalo a la aplicaci\u00f3n gratuita Satisfyer para experimentar una gama casi infinita de patrones apasionantes que te mantendr\u00e1n vibrando toda la noche. Ya sea que est\u00e9 jugando solo o dejando que su pareja controle su placer, la aplicaci\u00f3n le permite crear sus propios patrones de vibraci\u00f3n, compartirlos con otros usuarios de Satisfyer o vincularlos a su cuenta de Spotify para que pueda tocar su canci\u00f3n favorita.<\/span><\/p>\n<p class=\"tw-data-text tw-text-large tw-ta\" dir=\"ltr\" data-placeholder=\"Traducci\u00f3n\"><span class=\"Y2IQFc\" lang=\"es\">Gracias al acabado resistente al agua, el Double Flex est\u00e1 listo para acompa\u00f1arte en la ducha o la ba\u00f1era. Siempre use un lubricante a base de agua y aseg\u00farese de limpiar su juguete con un limpiador de juguetes antes y despu\u00e9s de cada uso.<\/span><\/p>\n<p class=\"tw-data-text tw-text-large tw-ta\" dir=\"ltr\" data-placeholder=\"Traducci\u00f3n\"><span class=\"Y2IQFc\" lang=\"es\">\u00a1Duplica el placer, duplica la diversi\u00f3n con Double Flex de Satisfyer!<\/span><\/p>\n<ul>\n<li>Material silicona<\/li>\n<li>Vibrador de doble estimulaci\u00f3n<\/li>\n<li>3 Motores<\/li>\n<li>Crea tus propias vibraciones mediante el app<\/li>\n<li>Modo susurro<\/li>\n<li>Resistente al agua y sumergible (grado de impermeabilidad IPX7)<\/li>\n<li>Control remoto por App gratuito compatible con iOS y Android<\/li>\n<li>Tambi\u00e9n se puede usar sin aplicaci\u00f3n<\/li>\n<li>Bater\u00eda de iones de litio<\/li>\n<li>Cable de carga magn\u00e9tico por USB (incluido)<\/li>\n<li>Largo total: 20 cm \u2013 Insertable: 13.5 cm \u2013 Ancho: 3.5 cm<\/li>\n<\/ul>\n","protected":false},"excerpt":{"rendered":"<p>El Double Flex se asegura de que tanto sus puntos\u00a0 internos como externos reciban toda la atenci\u00f3n que merecen. El eje curvo y bulboso se desliza agradablemente por dentro para brindar vibraciones profundos y potentes a tu punto G, mientras que los dos brazos flexibles rebotan y se balancean contra tu cl\u00edtoris y labios mayores. [&hellip;]<\/p>\n","protected":false},"featured_media":2251,"comment_status":"open","ping_status":"closed","template":"","meta":[],"product_brand":[],"product_cat":[44,43,27],"product_tag":[],"class_list":{"0":"post-2250","1":"product","2":"type-product","3":"status-publish","4":"has-post-thumbnail","6":"product_cat-clitorales","7":"product_cat-rabbit","8":"product_cat-vibradores","10":"first","11":"instock","12":"shipping-taxable","13":"purchasable","14":"product-type-simple"},"_links":{"self":[{"href":"https:\/\/tiendasamor.com\/index.php\/wp-json\/wp\/v2\/product\/2250","targetHints":{"allow":["GET"]}}],"collection":[{"href":"https:\/\/tiendasamor.com\/index.php\/wp-json\/wp\/v2\/product"}],"about":[{"href":"https:\/\/tiendasamor.com\/index.php\/wp-json\/wp\/v2\/types\/product"}],"replies":[{"embeddable":true,"href":"https:\/\/tiendasamor.com\/index.php\/wp-json\/wp\/v2\/comments?post=2250"}],"wp:featuredmedia":[{"embeddable":true,"href":"https:\/\/tiendasamor.com\/index.php\/wp-json\/wp\/v2\/media\/2251"}],"wp:attachment":[{"href":"https:\/\/tiendasamor.com\/index.php\/wp-json\/wp\/v2\/media?parent=2250"}],"wp:term":[{"taxonomy":"product_brand","embeddable":true,"href":"https:\/\/tiendasamor.com\/index.php\/wp-json\/wp\/v2\/product_brand?post=2250"},{"taxonomy":"product_cat","embeddable":true,"href":"https:\/\/tiendasamor.com\/index.php\/wp-json\/wp\/v2\/product_cat?post=2250"},{"taxonomy":"product_tag","embeddable":true,"href":"https:\/\/tiendasamor.com\/index.php\/wp-json\/wp\/v2\/product_tag?post=2250"}],"curies":[{"name":"wp","href":"https:\/\/api.w.org\/{rel}","templated":true}]}}