{"id":2243,"date":"2024-04-25T19:32:54","date_gmt":"2024-04-26T00:32:54","guid":{"rendered":"https:\/\/tiendasamor.com\/?post_type=product&#038;p=2243"},"modified":"2024-04-25T19:32:54","modified_gmt":"2024-04-26T00:32:54","slug":"pretty-love-rabbit-dylan","status":"publish","type":"product","link":"https:\/\/tiendasamor.com\/index.php\/producto\/pretty-love-rabbit-dylan\/","title":{"rendered":"Pretty Love Rabbit Dylan"},"content":{"rendered":"<p><span>El vibrador de conejo recargable est\u00e1 hecho pensando en tu placer. Este juguete sexual premium tiene un dise\u00f1o elegante y con estilo con un eje redondeado y curvo y un estimulador de cl\u00edtoris de conejo curvo m\u00e1s peque\u00f1o que proporcionar\u00e1 4 funciones de estimulaci\u00f3n intensa por ondas y 7 funciones de vibraci\u00f3n para todos los puntos dulces de tu cuerpo.<\/span><\/p>\n<ul>\n<li>Material: silicona<\/li>\n<li>4 Modos de cosquillas<\/li>\n<li>7 Modos de vibraci\u00f3n<\/li>\n<li>Impermeable<\/li>\n<li>Recargable mediante cable USB (Incluido)<\/li>\n<li>Largo total: 21 cm \u2013 Insertable: 13.5 cm \u2013 Ancho: 3.5 cm<\/li>\n<\/ul>\n","protected":false},"excerpt":{"rendered":"<p>El vibrador de conejo recargable est\u00e1 hecho pensando en tu placer. Este juguete sexual premium tiene un dise\u00f1o elegante y con estilo con un eje redondeado y curvo y un estimulador de cl\u00edtoris de conejo curvo m\u00e1s peque\u00f1o que proporcionar\u00e1 4 funciones de estimulaci\u00f3n intensa por ondas y 7 funciones de vibraci\u00f3n para todos los [&hellip;]<\/p>\n","protected":false},"featured_media":2245,"comment_status":"open","ping_status":"closed","template":"","meta":[],"product_brand":[],"product_cat":[44,43,27],"product_tag":[],"class_list":{"0":"post-2243","1":"product","2":"type-product","3":"status-publish","4":"has-post-thumbnail","6":"product_cat-clitorales","7":"product_cat-rabbit","8":"product_cat-vibradores","10":"first","11":"instock","12":"shipping-taxable","13":"purchasable","14":"product-type-simple"},"_links":{"self":[{"href":"https:\/\/tiendasamor.com\/index.php\/wp-json\/wp\/v2\/product\/2243","targetHints":{"allow":["GET"]}}],"collection":[{"href":"https:\/\/tiendasamor.com\/index.php\/wp-json\/wp\/v2\/product"}],"about":[{"href":"https:\/\/tiendasamor.com\/index.php\/wp-json\/wp\/v2\/types\/product"}],"replies":[{"embeddable":true,"href":"https:\/\/tiendasamor.com\/index.php\/wp-json\/wp\/v2\/comments?post=2243"}],"wp:featuredmedia":[{"embeddable":true,"href":"https:\/\/tiendasamor.com\/index.php\/wp-json\/wp\/v2\/media\/2245"}],"wp:attachment":[{"href":"https:\/\/tiendasamor.com\/index.php\/wp-json\/wp\/v2\/media?parent=2243"}],"wp:term":[{"taxonomy":"product_brand","embeddable":true,"href":"https:\/\/tiendasamor.com\/index.php\/wp-json\/wp\/v2\/product_brand?post=2243"},{"taxonomy":"product_cat","embeddable":true,"href":"https:\/\/tiendasamor.com\/index.php\/wp-json\/wp\/v2\/product_cat?post=2243"},{"taxonomy":"product_tag","embeddable":true,"href":"https:\/\/tiendasamor.com\/index.php\/wp-json\/wp\/v2\/product_tag?post=2243"}],"curies":[{"name":"wp","href":"https:\/\/api.w.org\/{rel}","templated":true}]}}