{"id":2236,"date":"2024-04-25T19:25:07","date_gmt":"2024-04-26T00:25:07","guid":{"rendered":"https:\/\/tiendasamor.com\/?post_type=product&#038;p=2236"},"modified":"2024-04-25T19:25:07","modified_gmt":"2024-04-26T00:25:07","slug":"pretty-love-rabbit-retractil-ward","status":"publish","type":"product","link":"https:\/\/tiendasamor.com\/index.php\/producto\/pretty-love-rabbit-retractil-ward\/","title":{"rendered":"Pretty Love Rabbit Retractil Ward"},"content":{"rendered":"<p><span>Este fabuloso conejo vibrador de alta tecnolog\u00eda multifunci\u00f3n de empuje es simplemente incre\u00edble. Si te gusta el vibrador de conejo, seguro que este te encantar\u00e1. Obtienes todas las funciones habituales del vibrador de conejo, incluido un potente estimulador de cl\u00edtoris de montaje lateral, hormigueo en las orejas, un eje realista y controles de m\u00faltiples velocidades f\u00e1ciles de usar. Pero la gran ventaja de este fant\u00e1stico vibrador de conejo es su incre\u00edble eje, que empuja poderosamente hacia arriba y hacia abajo dentro de ti, brindando una experiencia de penetraci\u00f3n insuperable. Este vibrador de conejo de empuje m\u00e1s vendido tiene un aspecto atractivo y seguro que ofrece una experiencia estimulante absolutamente alucinante.<\/span><\/p>\n<ul>\n<li>Material: Silicona ABS<\/li>\n<li>Vibraci\u00f3n silenciosa pero potente<\/li>\n<li>12 Funciones de vibraci\u00f3n<\/li>\n<li>4 Funciones de rotaci\u00f3n empuje<\/li>\n<li>Impermeable<\/li>\n<li>Recargable mediante cable USB (Incluido)<\/li>\n<li>Largo total: 26 cm \u2013 Insertable: 15 cm \u2013 Ancho: 3.5 cm<\/li>\n<\/ul>\n","protected":false},"excerpt":{"rendered":"<p>Este fabuloso conejo vibrador de alta tecnolog\u00eda multifunci\u00f3n de empuje es simplemente incre\u00edble. Si te gusta el vibrador de conejo, seguro que este te encantar\u00e1. Obtienes todas las funciones habituales del vibrador de conejo, incluido un potente estimulador de cl\u00edtoris de montaje lateral, hormigueo en las orejas, un eje realista y controles de m\u00faltiples velocidades [&hellip;]<\/p>\n","protected":false},"featured_media":2237,"comment_status":"open","ping_status":"closed","template":"","meta":[],"product_brand":[],"product_cat":[44,43,27],"product_tag":[],"class_list":{"0":"post-2236","1":"product","2":"type-product","3":"status-publish","4":"has-post-thumbnail","6":"product_cat-clitorales","7":"product_cat-rabbit","8":"product_cat-vibradores","10":"first","11":"instock","12":"shipping-taxable","13":"purchasable","14":"product-type-simple"},"_links":{"self":[{"href":"https:\/\/tiendasamor.com\/index.php\/wp-json\/wp\/v2\/product\/2236","targetHints":{"allow":["GET"]}}],"collection":[{"href":"https:\/\/tiendasamor.com\/index.php\/wp-json\/wp\/v2\/product"}],"about":[{"href":"https:\/\/tiendasamor.com\/index.php\/wp-json\/wp\/v2\/types\/product"}],"replies":[{"embeddable":true,"href":"https:\/\/tiendasamor.com\/index.php\/wp-json\/wp\/v2\/comments?post=2236"}],"wp:featuredmedia":[{"embeddable":true,"href":"https:\/\/tiendasamor.com\/index.php\/wp-json\/wp\/v2\/media\/2237"}],"wp:attachment":[{"href":"https:\/\/tiendasamor.com\/index.php\/wp-json\/wp\/v2\/media?parent=2236"}],"wp:term":[{"taxonomy":"product_brand","embeddable":true,"href":"https:\/\/tiendasamor.com\/index.php\/wp-json\/wp\/v2\/product_brand?post=2236"},{"taxonomy":"product_cat","embeddable":true,"href":"https:\/\/tiendasamor.com\/index.php\/wp-json\/wp\/v2\/product_cat?post=2236"},{"taxonomy":"product_tag","embeddable":true,"href":"https:\/\/tiendasamor.com\/index.php\/wp-json\/wp\/v2\/product_tag?post=2236"}],"curies":[{"name":"wp","href":"https:\/\/api.w.org\/{rel}","templated":true}]}}