{"id":2223,"date":"2024-04-24T19:57:28","date_gmt":"2024-04-25T00:57:28","guid":{"rendered":"https:\/\/tiendasamor.com\/?post_type=product&#038;p=2223"},"modified":"2024-04-24T19:57:28","modified_gmt":"2024-04-25T00:57:28","slug":"sweety-teaser-rechargable-bullet","status":"publish","type":"product","link":"https:\/\/tiendasamor.com\/index.php\/producto\/sweety-teaser-rechargable-bullet\/","title":{"rendered":"Sweety Teaser Rechargable Bullet"},"content":{"rendered":"<p>Disfrute de este hermoso huevo vibrador de 10 funciones y d\u00e9jese complacer en cualquier momento y en cualquier lugar. Este peque\u00f1o juguete es suave para una estimulaci\u00f3n magn\u00edfica. Este juguete se puede usar para estimular todos tus puntos m\u00e1s dulces y mantener esa sonrisa satisfecha en tu rostro durante todo el d\u00eda. \u00dasalo cuando se apetezca!<\/p>\n<ul>\n<li>Material: Silicona + ABS<\/li>\n<li>Recargable USB (Incluido)<\/li>\n<li>Control remoto (Pila CR2032, Incluido)<\/li>\n<li>Impermeable<\/li>\n<li>Largo total: 14.5 cm \u2013 Insertable: 6.5 cm \u2013 Di\u00e1metro: 3.5 cm.<\/li>\n<\/ul>\n<p>&nbsp;<\/p>\n","protected":false},"excerpt":{"rendered":"<p>Disfrute de este hermoso huevo vibrador de 10 funciones y d\u00e9jese complacer en cualquier momento y en cualquier lugar. Este peque\u00f1o juguete es suave para una estimulaci\u00f3n magn\u00edfica. Este juguete se puede usar para estimular todos tus puntos m\u00e1s dulces y mantener esa sonrisa satisfecha en tu rostro durante todo el d\u00eda. \u00dasalo cuando se [&hellip;]<\/p>\n","protected":false},"featured_media":2224,"comment_status":"open","ping_status":"closed","template":"","meta":[],"product_brand":[],"product_cat":[44,27],"product_tag":[],"class_list":{"0":"post-2223","1":"product","2":"type-product","3":"status-publish","4":"has-post-thumbnail","6":"product_cat-clitorales","7":"product_cat-vibradores","9":"first","10":"instock","11":"shipping-taxable","12":"purchasable","13":"product-type-simple"},"_links":{"self":[{"href":"https:\/\/tiendasamor.com\/index.php\/wp-json\/wp\/v2\/product\/2223","targetHints":{"allow":["GET"]}}],"collection":[{"href":"https:\/\/tiendasamor.com\/index.php\/wp-json\/wp\/v2\/product"}],"about":[{"href":"https:\/\/tiendasamor.com\/index.php\/wp-json\/wp\/v2\/types\/product"}],"replies":[{"embeddable":true,"href":"https:\/\/tiendasamor.com\/index.php\/wp-json\/wp\/v2\/comments?post=2223"}],"wp:featuredmedia":[{"embeddable":true,"href":"https:\/\/tiendasamor.com\/index.php\/wp-json\/wp\/v2\/media\/2224"}],"wp:attachment":[{"href":"https:\/\/tiendasamor.com\/index.php\/wp-json\/wp\/v2\/media?parent=2223"}],"wp:term":[{"taxonomy":"product_brand","embeddable":true,"href":"https:\/\/tiendasamor.com\/index.php\/wp-json\/wp\/v2\/product_brand?post=2223"},{"taxonomy":"product_cat","embeddable":true,"href":"https:\/\/tiendasamor.com\/index.php\/wp-json\/wp\/v2\/product_cat?post=2223"},{"taxonomy":"product_tag","embeddable":true,"href":"https:\/\/tiendasamor.com\/index.php\/wp-json\/wp\/v2\/product_tag?post=2223"}],"curies":[{"name":"wp","href":"https:\/\/api.w.org\/{rel}","templated":true}]}}