{"id":2218,"date":"2024-04-24T19:51:57","date_gmt":"2024-04-25T00:51:57","guid":{"rendered":"https:\/\/tiendasamor.com\/?post_type=product&#038;p=2218"},"modified":"2024-04-24T19:51:57","modified_gmt":"2024-04-25T00:51:57","slug":"please-do-me-love-bullet","status":"publish","type":"product","link":"https:\/\/tiendasamor.com\/index.php\/producto\/please-do-me-love-bullet\/","title":{"rendered":"Please Do Me Love bullet"},"content":{"rendered":"<p>Un vibrador compacto con forma minimalista, ideal para viajar y explorar juguetes \u00edntimos. Tiene 7 modos de vibraci\u00f3n. Impermeable.<\/p>\n<ul>\n<li>7 Funciones de vibraci\u00f3n<\/li>\n<li>Material ABS<\/li>\n<li>Incluye pilas (4\u00a0 LR44)<\/li>\n<li>Largo: 8.25 cm \u2013 Ancho 1.8cm<\/li>\n<\/ul>\n","protected":false},"excerpt":{"rendered":"<p>Un vibrador compacto con forma minimalista, ideal para viajar y explorar juguetes \u00edntimos. Tiene 7 modos de vibraci\u00f3n. Impermeable. 7 Funciones de vibraci\u00f3n Material ABS Incluye pilas (4\u00a0 LR44) Largo: 8.25 cm \u2013 Ancho 1.8cm<\/p>\n","protected":false},"featured_media":2219,"comment_status":"open","ping_status":"closed","template":"","meta":[],"product_brand":[],"product_cat":[44,27],"product_tag":[],"class_list":{"0":"post-2218","1":"product","2":"type-product","3":"status-publish","4":"has-post-thumbnail","6":"product_cat-clitorales","7":"product_cat-vibradores","9":"first","10":"instock","11":"shipping-taxable","12":"purchasable","13":"product-type-simple"},"_links":{"self":[{"href":"https:\/\/tiendasamor.com\/index.php\/wp-json\/wp\/v2\/product\/2218","targetHints":{"allow":["GET"]}}],"collection":[{"href":"https:\/\/tiendasamor.com\/index.php\/wp-json\/wp\/v2\/product"}],"about":[{"href":"https:\/\/tiendasamor.com\/index.php\/wp-json\/wp\/v2\/types\/product"}],"replies":[{"embeddable":true,"href":"https:\/\/tiendasamor.com\/index.php\/wp-json\/wp\/v2\/comments?post=2218"}],"wp:featuredmedia":[{"embeddable":true,"href":"https:\/\/tiendasamor.com\/index.php\/wp-json\/wp\/v2\/media\/2219"}],"wp:attachment":[{"href":"https:\/\/tiendasamor.com\/index.php\/wp-json\/wp\/v2\/media?parent=2218"}],"wp:term":[{"taxonomy":"product_brand","embeddable":true,"href":"https:\/\/tiendasamor.com\/index.php\/wp-json\/wp\/v2\/product_brand?post=2218"},{"taxonomy":"product_cat","embeddable":true,"href":"https:\/\/tiendasamor.com\/index.php\/wp-json\/wp\/v2\/product_cat?post=2218"},{"taxonomy":"product_tag","embeddable":true,"href":"https:\/\/tiendasamor.com\/index.php\/wp-json\/wp\/v2\/product_tag?post=2218"}],"curies":[{"name":"wp","href":"https:\/\/api.w.org\/{rel}","templated":true}]}}