{"id":2206,"date":"2024-04-24T19:30:33","date_gmt":"2024-04-25T00:30:33","guid":{"rendered":"https:\/\/tiendasamor.com\/?post_type=product&#038;p=2206"},"modified":"2024-04-24T19:33:31","modified_gmt":"2024-04-25T00:33:31","slug":"relentless-seeker-silicone-remote-gourd","status":"publish","type":"product","link":"https:\/\/tiendasamor.com\/index.php\/producto\/relentless-seeker-silicone-remote-gourd\/","title":{"rendered":"Relentless Seeker Silicone Remote Gourd"},"content":{"rendered":"<p>\u2013 C\u00e1psula vibrat\u00f3ria recarreg\u00e1vel wireless com 10 modos de vibra\u00e7\u00f5es e fun\u00e7\u00e3o de intensidade de vibra\u00e7\u00e3o, possui controle para comandos em at\u00e9 10 metros de dist\u00e2ncia.<\/p>\n<p>Produto: 18,2\u00d72,5\u00d72,5 cm<\/p>\n<p>Di\u00e2metro: 2,5 cm<\/p>\n<p>Penetr\u00e1veis: 8,2 cm<\/p>\n<p>Utiliza: Cabo USB incluso.<\/p>\n<p>Material: Silicone.<\/p>\n","protected":false},"excerpt":{"rendered":"<p>\u2013 C\u00e1psula vibrat\u00f3ria recarreg\u00e1vel wireless com 10 modos de vibra\u00e7\u00f5es e fun\u00e7\u00e3o de intensidade de vibra\u00e7\u00e3o, possui controle para comandos em at\u00e9 10 metros de dist\u00e2ncia. Produto: 18,2\u00d72,5\u00d72,5 cm Di\u00e2metro: 2,5 cm Penetr\u00e1veis: 8,2 cm Utiliza: Cabo USB incluso. Material: Silicone.<\/p>\n","protected":false},"featured_media":2207,"comment_status":"open","ping_status":"closed","template":"","meta":[],"product_brand":[],"product_cat":[40,44,27],"product_tag":[],"class_list":{"0":"post-2206","1":"product","2":"type-product","3":"status-publish","4":"has-post-thumbnail","6":"product_cat-bolas-chinas","7":"product_cat-clitorales","8":"product_cat-vibradores","10":"first","11":"instock","12":"shipping-taxable","13":"purchasable","14":"product-type-simple"},"_links":{"self":[{"href":"https:\/\/tiendasamor.com\/index.php\/wp-json\/wp\/v2\/product\/2206","targetHints":{"allow":["GET"]}}],"collection":[{"href":"https:\/\/tiendasamor.com\/index.php\/wp-json\/wp\/v2\/product"}],"about":[{"href":"https:\/\/tiendasamor.com\/index.php\/wp-json\/wp\/v2\/types\/product"}],"replies":[{"embeddable":true,"href":"https:\/\/tiendasamor.com\/index.php\/wp-json\/wp\/v2\/comments?post=2206"}],"wp:featuredmedia":[{"embeddable":true,"href":"https:\/\/tiendasamor.com\/index.php\/wp-json\/wp\/v2\/media\/2207"}],"wp:attachment":[{"href":"https:\/\/tiendasamor.com\/index.php\/wp-json\/wp\/v2\/media?parent=2206"}],"wp:term":[{"taxonomy":"product_brand","embeddable":true,"href":"https:\/\/tiendasamor.com\/index.php\/wp-json\/wp\/v2\/product_brand?post=2206"},{"taxonomy":"product_cat","embeddable":true,"href":"https:\/\/tiendasamor.com\/index.php\/wp-json\/wp\/v2\/product_cat?post=2206"},{"taxonomy":"product_tag","embeddable":true,"href":"https:\/\/tiendasamor.com\/index.php\/wp-json\/wp\/v2\/product_tag?post=2206"}],"curies":[{"name":"wp","href":"https:\/\/api.w.org\/{rel}","templated":true}]}}