{"id":2203,"date":"2024-04-24T19:23:20","date_gmt":"2024-04-25T00:23:20","guid":{"rendered":"https:\/\/tiendasamor.com\/?post_type=product&#038;p=2203"},"modified":"2024-04-24T19:23:20","modified_gmt":"2024-04-25T00:23:20","slug":"bala-vibrador-metal","status":"publish","type":"product","link":"https:\/\/tiendasamor.com\/index.php\/producto\/bala-vibrador-metal\/","title":{"rendered":"Bala Vibrador Metal"},"content":{"rendered":"<p>Si es la primera vez que usar\u00e1s un juguete sexual y no sabes que elegir, esta puede ser tu mejor opci\u00f3n, los vibradores balas son discretos y potentes, de uso exclusivo para labios y cl\u00edtoris. Pruebalo antes o durante el acto sexual con tu pareja e incluso si te encuentras sola.<\/p>\n<ul>\n<li>7 Funciones de vibraci\u00f3n<\/li>\n<li>Material ABS<\/li>\n<li>Incluye pilas (4\u00a0 LR44)<\/li>\n<li>Largo: 8.25 cm \u2013 Ancho 1.8cm<\/li>\n<\/ul>\n","protected":false},"excerpt":{"rendered":"<p>Si es la primera vez que usar\u00e1s un juguete sexual y no sabes que elegir, esta puede ser tu mejor opci\u00f3n, los vibradores balas son discretos y potentes, de uso exclusivo para labios y cl\u00edtoris. Pruebalo antes o durante el acto sexual con tu pareja e incluso si te encuentras sola. 7 Funciones de vibraci\u00f3n [&hellip;]<\/p>\n","protected":false},"featured_media":2204,"comment_status":"open","ping_status":"closed","template":"","meta":[],"product_brand":[],"product_cat":[44,27],"product_tag":[],"class_list":{"0":"post-2203","1":"product","2":"type-product","3":"status-publish","4":"has-post-thumbnail","6":"product_cat-clitorales","7":"product_cat-vibradores","9":"first","10":"instock","11":"shipping-taxable","12":"purchasable","13":"product-type-simple"},"_links":{"self":[{"href":"https:\/\/tiendasamor.com\/index.php\/wp-json\/wp\/v2\/product\/2203","targetHints":{"allow":["GET"]}}],"collection":[{"href":"https:\/\/tiendasamor.com\/index.php\/wp-json\/wp\/v2\/product"}],"about":[{"href":"https:\/\/tiendasamor.com\/index.php\/wp-json\/wp\/v2\/types\/product"}],"replies":[{"embeddable":true,"href":"https:\/\/tiendasamor.com\/index.php\/wp-json\/wp\/v2\/comments?post=2203"}],"wp:featuredmedia":[{"embeddable":true,"href":"https:\/\/tiendasamor.com\/index.php\/wp-json\/wp\/v2\/media\/2204"}],"wp:attachment":[{"href":"https:\/\/tiendasamor.com\/index.php\/wp-json\/wp\/v2\/media?parent=2203"}],"wp:term":[{"taxonomy":"product_brand","embeddable":true,"href":"https:\/\/tiendasamor.com\/index.php\/wp-json\/wp\/v2\/product_brand?post=2203"},{"taxonomy":"product_cat","embeddable":true,"href":"https:\/\/tiendasamor.com\/index.php\/wp-json\/wp\/v2\/product_cat?post=2203"},{"taxonomy":"product_tag","embeddable":true,"href":"https:\/\/tiendasamor.com\/index.php\/wp-json\/wp\/v2\/product_tag?post=2203"}],"curies":[{"name":"wp","href":"https:\/\/api.w.org\/{rel}","templated":true}]}}