{"id":2198,"date":"2024-04-24T19:17:13","date_gmt":"2024-04-25T00:17:13","guid":{"rendered":"https:\/\/tiendasamor.com\/?post_type=product&#038;p=2198"},"modified":"2024-04-24T19:17:13","modified_gmt":"2024-04-25T00:17:13","slug":"bala-power-lila","status":"publish","type":"product","link":"https:\/\/tiendasamor.com\/index.php\/producto\/bala-power-lila\/","title":{"rendered":"Bala Power \u2013 Lila"},"content":{"rendered":"<p>Disfrute de este magn\u00edfica bala vibradora de 12 funciones y d\u00e9jese complacer en cualquier lugar. Este peque\u00f1o juguete es liso con una punta ligeramente c\u00f3nica para una magn\u00edfica estimulaci\u00f3n. Este juguete se puede usar para estimular todos tus puntos m\u00e1s dulces y mantener esa sonrisa satisfactoria en tu rostro durante todo el d\u00eda. Puede saltar a sus favoritos ritmos de vibraci\u00f3n cuando lo desee.<\/p>\n<ul>\n<li>Material: Silicona medica<\/li>\n<li>F\u00e1cil uso y Limpieza<\/li>\n<li>Recargable mediante USB (Incluido)<\/li>\n<li>12 funciones de vibraci\u00f3n<\/li>\n<li>Largo Total: 6.5cm \u2013 Ancho: 2cm<\/li>\n<\/ul>\n","protected":false},"excerpt":{"rendered":"<p>Disfrute de este magn\u00edfica bala vibradora de 12 funciones y d\u00e9jese complacer en cualquier lugar. Este peque\u00f1o juguete es liso con una punta ligeramente c\u00f3nica para una magn\u00edfica estimulaci\u00f3n. Este juguete se puede usar para estimular todos tus puntos m\u00e1s dulces y mantener esa sonrisa satisfactoria en tu rostro durante todo el d\u00eda. Puede saltar [&hellip;]<\/p>\n","protected":false},"featured_media":2199,"comment_status":"open","ping_status":"closed","template":"","meta":[],"product_brand":[],"product_cat":[44,27],"product_tag":[],"class_list":{"0":"post-2198","1":"product","2":"type-product","3":"status-publish","4":"has-post-thumbnail","6":"product_cat-clitorales","7":"product_cat-vibradores","9":"first","10":"instock","11":"shipping-taxable","12":"purchasable","13":"product-type-simple"},"_links":{"self":[{"href":"https:\/\/tiendasamor.com\/index.php\/wp-json\/wp\/v2\/product\/2198","targetHints":{"allow":["GET"]}}],"collection":[{"href":"https:\/\/tiendasamor.com\/index.php\/wp-json\/wp\/v2\/product"}],"about":[{"href":"https:\/\/tiendasamor.com\/index.php\/wp-json\/wp\/v2\/types\/product"}],"replies":[{"embeddable":true,"href":"https:\/\/tiendasamor.com\/index.php\/wp-json\/wp\/v2\/comments?post=2198"}],"wp:featuredmedia":[{"embeddable":true,"href":"https:\/\/tiendasamor.com\/index.php\/wp-json\/wp\/v2\/media\/2199"}],"wp:attachment":[{"href":"https:\/\/tiendasamor.com\/index.php\/wp-json\/wp\/v2\/media?parent=2198"}],"wp:term":[{"taxonomy":"product_brand","embeddable":true,"href":"https:\/\/tiendasamor.com\/index.php\/wp-json\/wp\/v2\/product_brand?post=2198"},{"taxonomy":"product_cat","embeddable":true,"href":"https:\/\/tiendasamor.com\/index.php\/wp-json\/wp\/v2\/product_cat?post=2198"},{"taxonomy":"product_tag","embeddable":true,"href":"https:\/\/tiendasamor.com\/index.php\/wp-json\/wp\/v2\/product_tag?post=2198"}],"curies":[{"name":"wp","href":"https:\/\/api.w.org\/{rel}","templated":true}]}}