{"id":2195,"date":"2024-04-24T19:11:32","date_gmt":"2024-04-25T00:11:32","guid":{"rendered":"https:\/\/tiendasamor.com\/?post_type=product&#038;p=2195"},"modified":"2024-04-24T19:11:32","modified_gmt":"2024-04-25T00:11:32","slug":"mini-magic-massager","status":"publish","type":"product","link":"https:\/\/tiendasamor.com\/index.php\/producto\/mini-magic-massager\/","title":{"rendered":"Mini Magic Massager"},"content":{"rendered":"<p>Vibrador multi funci\u00f3n, fungiendo como vibrador de gran alcance para cualquier zona del cuerpo o aplicar placer extra durante el acto sexual.<br \/>\nDa un estimulante masaje a \u00e9l o a ella, estimula cl\u00edtoris o cualquier zona er\u00f3gena\u00a0 todo esto gracias a su suave cabeza flexible; con el otro extremo puedes penetrar y estimular paredes vaginales gracias a su textura.<\/p>\n<ul>\n<li>Material Cabezal de Silicona + ABS<\/li>\n<li>2 funciones de vibraci\u00f3n<\/li>\n<li>Recargable USB (Incluido)<\/li>\n<li>F\u00e1cil de limpiar<\/li>\n<li>Impermeable<\/li>\n<\/ul>\n","protected":false},"excerpt":{"rendered":"<p>Vibrador multi funci\u00f3n, fungiendo como vibrador de gran alcance para cualquier zona del cuerpo o aplicar placer extra durante el acto sexual. Da un estimulante masaje a \u00e9l o a ella, estimula cl\u00edtoris o cualquier zona er\u00f3gena\u00a0 todo esto gracias a su suave cabeza flexible; con el otro extremo puedes penetrar y estimular paredes vaginales [&hellip;]<\/p>\n","protected":false},"featured_media":2196,"comment_status":"open","ping_status":"closed","template":"","meta":[],"product_brand":[],"product_cat":[44,18,27],"product_tag":[],"class_list":{"0":"post-2195","1":"product","2":"type-product","3":"status-publish","4":"has-post-thumbnail","6":"product_cat-clitorales","7":"product_cat-juguetes","8":"product_cat-vibradores","10":"first","11":"instock","12":"shipping-taxable","13":"purchasable","14":"product-type-simple"},"_links":{"self":[{"href":"https:\/\/tiendasamor.com\/index.php\/wp-json\/wp\/v2\/product\/2195","targetHints":{"allow":["GET"]}}],"collection":[{"href":"https:\/\/tiendasamor.com\/index.php\/wp-json\/wp\/v2\/product"}],"about":[{"href":"https:\/\/tiendasamor.com\/index.php\/wp-json\/wp\/v2\/types\/product"}],"replies":[{"embeddable":true,"href":"https:\/\/tiendasamor.com\/index.php\/wp-json\/wp\/v2\/comments?post=2195"}],"wp:featuredmedia":[{"embeddable":true,"href":"https:\/\/tiendasamor.com\/index.php\/wp-json\/wp\/v2\/media\/2196"}],"wp:attachment":[{"href":"https:\/\/tiendasamor.com\/index.php\/wp-json\/wp\/v2\/media?parent=2195"}],"wp:term":[{"taxonomy":"product_brand","embeddable":true,"href":"https:\/\/tiendasamor.com\/index.php\/wp-json\/wp\/v2\/product_brand?post=2195"},{"taxonomy":"product_cat","embeddable":true,"href":"https:\/\/tiendasamor.com\/index.php\/wp-json\/wp\/v2\/product_cat?post=2195"},{"taxonomy":"product_tag","embeddable":true,"href":"https:\/\/tiendasamor.com\/index.php\/wp-json\/wp\/v2\/product_tag?post=2195"}],"curies":[{"name":"wp","href":"https:\/\/api.w.org\/{rel}","templated":true}]}}