{"id":2189,"date":"2024-04-24T18:57:06","date_gmt":"2024-04-24T23:57:06","guid":{"rendered":"https:\/\/tiendasamor.com\/?post_type=product&#038;p=2189"},"modified":"2024-04-24T18:57:06","modified_gmt":"2024-04-24T23:57:06","slug":"vibrador-realista-catoblepas","status":"publish","type":"product","link":"https:\/\/tiendasamor.com\/index.php\/producto\/vibrador-realista-catoblepas\/","title":{"rendered":"Vibrador Realista Catoblepas"},"content":{"rendered":"<p>\u00bfListo para el viaje de tu vida? \u00a1Este consolador seguramente cumplir\u00e1 todos tus requisitos! Este consolador est\u00e1 hecho de TPR, que tiene un acabado suave y aterciopelado y un dise\u00f1o esculpido de manera realista para una apariencia y sensaci\u00f3n naturales.<\/p>\n<p>Tiene una cabeza f\u00e1lica pronunciada, un eje venoso y una base de ventosa compatible con un arn\u00e9s para una diversi\u00f3n creativa con manos libres, solo o en pareja.<\/p>\n<p>Tambi\u00e9n es f\u00e1cil de limpiar en un instante con agua tibia y un limpiador de juguetes para que tu pene siempre est\u00e9 listo para complacerte. Viene con un control remoto con cable que le permite controlar las vibraciones de varias velocidades y ajustar su intensidad.<\/p>\n<ul>\n<li>Material:\u00a0 TPR + ABS<\/li>\n<li>Impermeable<\/li>\n<li>F\u00e1cil uso y limpieza<\/li>\n<li>Velocidad graduable mediante dial<\/li>\n<li>Control de mano para mayor comodidad<\/li>\n<li>Ventosa fuerte para manos libres o arn\u00e9s<\/li>\n<li>Control remoto a pila, 2 AA (No incluido)<\/li>\n<li>Largo total: 20.6 cm \u2013 Insertable: 14 cm \u2013 Ancho: 4.4 cm<\/li>\n<\/ul>\n","protected":false},"excerpt":{"rendered":"<p>\u00bfListo para el viaje de tu vida? \u00a1Este consolador seguramente cumplir\u00e1 todos tus requisitos! Este consolador est\u00e1 hecho de TPR, que tiene un acabado suave y aterciopelado y un dise\u00f1o esculpido de manera realista para una apariencia y sensaci\u00f3n naturales. Tiene una cabeza f\u00e1lica pronunciada, un eje venoso y una base de ventosa compatible con [&hellip;]<\/p>\n","protected":false},"featured_media":2190,"comment_status":"open","ping_status":"closed","template":"","meta":[],"product_brand":[],"product_cat":[27],"product_tag":[],"class_list":{"0":"post-2189","1":"product","2":"type-product","3":"status-publish","4":"has-post-thumbnail","6":"product_cat-vibradores","8":"first","9":"instock","10":"shipping-taxable","11":"purchasable","12":"product-type-simple"},"_links":{"self":[{"href":"https:\/\/tiendasamor.com\/index.php\/wp-json\/wp\/v2\/product\/2189","targetHints":{"allow":["GET"]}}],"collection":[{"href":"https:\/\/tiendasamor.com\/index.php\/wp-json\/wp\/v2\/product"}],"about":[{"href":"https:\/\/tiendasamor.com\/index.php\/wp-json\/wp\/v2\/types\/product"}],"replies":[{"embeddable":true,"href":"https:\/\/tiendasamor.com\/index.php\/wp-json\/wp\/v2\/comments?post=2189"}],"wp:featuredmedia":[{"embeddable":true,"href":"https:\/\/tiendasamor.com\/index.php\/wp-json\/wp\/v2\/media\/2190"}],"wp:attachment":[{"href":"https:\/\/tiendasamor.com\/index.php\/wp-json\/wp\/v2\/media?parent=2189"}],"wp:term":[{"taxonomy":"product_brand","embeddable":true,"href":"https:\/\/tiendasamor.com\/index.php\/wp-json\/wp\/v2\/product_brand?post=2189"},{"taxonomy":"product_cat","embeddable":true,"href":"https:\/\/tiendasamor.com\/index.php\/wp-json\/wp\/v2\/product_cat?post=2189"},{"taxonomy":"product_tag","embeddable":true,"href":"https:\/\/tiendasamor.com\/index.php\/wp-json\/wp\/v2\/product_tag?post=2189"}],"curies":[{"name":"wp","href":"https:\/\/api.w.org\/{rel}","templated":true}]}}