{"id":2183,"date":"2024-04-24T18:51:49","date_gmt":"2024-04-24T23:51:49","guid":{"rendered":"https:\/\/tiendasamor.com\/?post_type=product&#038;p=2183"},"modified":"2024-04-24T18:51:49","modified_gmt":"2024-04-24T23:51:49","slug":"vibrador-realista-bahamut","status":"publish","type":"product","link":"https:\/\/tiendasamor.com\/index.php\/producto\/vibrador-realista-bahamut\/","title":{"rendered":"Vibrador Realista Bahamut"},"content":{"rendered":"<p>forma perfecta, este consolador curvo realista tiene un arco pronunciado que es ideal para la estimulaci\u00f3n del punto G, brindando un masaje incre\u00edble en tu punto sensible con facilidad. Con la longitud perfecta, disfrute de una penetraci\u00f3n profunda y de una sensaci\u00f3n de plenitud fant\u00e1stica una y otra vez.<\/p>\n<p>Para un dise\u00f1o realista, este consolador presenta una punta bulbosa, un eje con textura venosa y bolas. En la base, una fuerte ventosa te permite fijar el juguete a cualquier superficie lisa y plana para jugar con manos libres y aumentar la emoci\u00f3n.<\/p>\n<ul>\n<li>Material:\u00a0 TPR + ABS<\/li>\n<li>Impermeable<\/li>\n<li>F\u00e1cil uso y limpieza<\/li>\n<li>Velocidad graduable mediante dial<\/li>\n<li>Control de mano para mayor comodidad<\/li>\n<li>Ventosa fuerte para manos libres o arn\u00e9s<\/li>\n<li>Control remoto a pila, 2 AA (No incluido)<\/li>\n<li>Largo total: 21.8 cm \u2013 Insertable: 15.5 cm \u2013 Ancho: 4.6 cm<\/li>\n<\/ul>\n","protected":false},"excerpt":{"rendered":"<p>forma perfecta, este consolador curvo realista tiene un arco pronunciado que es ideal para la estimulaci\u00f3n del punto G, brindando un masaje incre\u00edble en tu punto sensible con facilidad. Con la longitud perfecta, disfrute de una penetraci\u00f3n profunda y de una sensaci\u00f3n de plenitud fant\u00e1stica una y otra vez. Para un dise\u00f1o realista, este consolador [&hellip;]<\/p>\n","protected":false},"featured_media":2184,"comment_status":"open","ping_status":"closed","template":"","meta":[],"product_brand":[],"product_cat":[27],"product_tag":[],"class_list":{"0":"post-2183","1":"product","2":"type-product","3":"status-publish","4":"has-post-thumbnail","6":"product_cat-vibradores","8":"first","9":"instock","10":"shipping-taxable","11":"purchasable","12":"product-type-simple"},"_links":{"self":[{"href":"https:\/\/tiendasamor.com\/index.php\/wp-json\/wp\/v2\/product\/2183","targetHints":{"allow":["GET"]}}],"collection":[{"href":"https:\/\/tiendasamor.com\/index.php\/wp-json\/wp\/v2\/product"}],"about":[{"href":"https:\/\/tiendasamor.com\/index.php\/wp-json\/wp\/v2\/types\/product"}],"replies":[{"embeddable":true,"href":"https:\/\/tiendasamor.com\/index.php\/wp-json\/wp\/v2\/comments?post=2183"}],"wp:featuredmedia":[{"embeddable":true,"href":"https:\/\/tiendasamor.com\/index.php\/wp-json\/wp\/v2\/media\/2184"}],"wp:attachment":[{"href":"https:\/\/tiendasamor.com\/index.php\/wp-json\/wp\/v2\/media?parent=2183"}],"wp:term":[{"taxonomy":"product_brand","embeddable":true,"href":"https:\/\/tiendasamor.com\/index.php\/wp-json\/wp\/v2\/product_brand?post=2183"},{"taxonomy":"product_cat","embeddable":true,"href":"https:\/\/tiendasamor.com\/index.php\/wp-json\/wp\/v2\/product_cat?post=2183"},{"taxonomy":"product_tag","embeddable":true,"href":"https:\/\/tiendasamor.com\/index.php\/wp-json\/wp\/v2\/product_tag?post=2183"}],"curies":[{"name":"wp","href":"https:\/\/api.w.org\/{rel}","templated":true}]}}