{"id":2177,"date":"2024-04-24T18:43:01","date_gmt":"2024-04-24T23:43:01","guid":{"rendered":"https:\/\/tiendasamor.com\/?post_type=product&#038;p=2177"},"modified":"2024-04-24T18:43:01","modified_gmt":"2024-04-24T23:43:01","slug":"vibrador-buraq","status":"publish","type":"product","link":"https:\/\/tiendasamor.com\/index.php\/producto\/vibrador-buraq\/","title":{"rendered":"Vibrador Buraq"},"content":{"rendered":"<p>\u00a1TPR extremadamente suave como la piel natural para una sensaci\u00f3n realista! Consolador realista extra grande con glande abultado y venas pronunciadas para sensaciones de placer especialmente intensas. Con test\u00edculos y una fuerte ventosa para diversi\u00f3n con manos libres.<\/p>\n<p>Este chico realista y abultado tiene modos de vibraci\u00f3n placenteros, los modos se pueden controlar f\u00e1cilmente con el control remoto conectado a un cable. Con una longitud total insertable y una circunferencia de pulgadas considerables, el consolador es seguro. satisfacer.<\/p>\n<ul>\n<li>Material:\u00a0 TPR + ABS<\/li>\n<li>Impermeable<\/li>\n<li>F\u00e1cil uso y limpieza<\/li>\n<li>Velocidad graduable mediante dial<\/li>\n<li>Control de mano para mayor comodidad<\/li>\n<li>Ventosa fuerte para manos libres o arn\u00e9s<\/li>\n<li>Control remoto a pila, 2 AA (No incluido)<\/li>\n<li>Largo total: 24 cm \u2013 Insertable: 18 cm \u2013 Ancho: 5 cm<\/li>\n<\/ul>\n","protected":false},"excerpt":{"rendered":"<p>\u00a1TPR extremadamente suave como la piel natural para una sensaci\u00f3n realista! Consolador realista extra grande con glande abultado y venas pronunciadas para sensaciones de placer especialmente intensas. Con test\u00edculos y una fuerte ventosa para diversi\u00f3n con manos libres. Este chico realista y abultado tiene modos de vibraci\u00f3n placenteros, los modos se pueden controlar f\u00e1cilmente con [&hellip;]<\/p>\n","protected":false},"featured_media":2178,"comment_status":"open","ping_status":"closed","template":"","meta":[],"product_brand":[],"product_cat":[27],"product_tag":[],"class_list":{"0":"post-2177","1":"product","2":"type-product","3":"status-publish","4":"has-post-thumbnail","6":"product_cat-vibradores","8":"first","9":"instock","10":"shipping-taxable","11":"purchasable","12":"product-type-simple"},"_links":{"self":[{"href":"https:\/\/tiendasamor.com\/index.php\/wp-json\/wp\/v2\/product\/2177","targetHints":{"allow":["GET"]}}],"collection":[{"href":"https:\/\/tiendasamor.com\/index.php\/wp-json\/wp\/v2\/product"}],"about":[{"href":"https:\/\/tiendasamor.com\/index.php\/wp-json\/wp\/v2\/types\/product"}],"replies":[{"embeddable":true,"href":"https:\/\/tiendasamor.com\/index.php\/wp-json\/wp\/v2\/comments?post=2177"}],"wp:featuredmedia":[{"embeddable":true,"href":"https:\/\/tiendasamor.com\/index.php\/wp-json\/wp\/v2\/media\/2178"}],"wp:attachment":[{"href":"https:\/\/tiendasamor.com\/index.php\/wp-json\/wp\/v2\/media?parent=2177"}],"wp:term":[{"taxonomy":"product_brand","embeddable":true,"href":"https:\/\/tiendasamor.com\/index.php\/wp-json\/wp\/v2\/product_brand?post=2177"},{"taxonomy":"product_cat","embeddable":true,"href":"https:\/\/tiendasamor.com\/index.php\/wp-json\/wp\/v2\/product_cat?post=2177"},{"taxonomy":"product_tag","embeddable":true,"href":"https:\/\/tiendasamor.com\/index.php\/wp-json\/wp\/v2\/product_tag?post=2177"}],"curies":[{"name":"wp","href":"https:\/\/api.w.org\/{rel}","templated":true}]}}