{"id":2172,"date":"2024-04-24T18:36:58","date_gmt":"2024-04-24T23:36:58","guid":{"rendered":"https:\/\/tiendasamor.com\/?post_type=product&#038;p=2172"},"modified":"2024-04-24T18:36:58","modified_gmt":"2024-04-24T23:36:58","slug":"vibrador-bergrisi","status":"publish","type":"product","link":"https:\/\/tiendasamor.com\/index.php\/producto\/vibrador-bergrisi\/","title":{"rendered":"Vibrador Bergrisi"},"content":{"rendered":"<p>Nuevo consolador enorme y realista. \u00a1Perfecto para una satisfacci\u00f3n verdaderamente gigantesca! Consolador de color piel con forma de pene realista. El consolador tiene un glande abultado, venas en el eje y test\u00edculos lisos.<\/p>\n<p>Este chico realista y abultado tiene modos de vibraci\u00f3n placenteros, los modos se pueden controlar f\u00e1cilmente con el control remoto conectado a un cable. La ventosa adicional hace posible la diversi\u00f3n con las manos libres.<\/p>\n<ul>\n<li>Material:\u00a0 TPR + ABS<\/li>\n<li>Impermeable<\/li>\n<li>F\u00e1cil uso y limpieza<\/li>\n<li>Velocidad graduable mediante dial<\/li>\n<li>Control de mano para mayor comodidad<\/li>\n<li>Ventosa fuerte para manos libres o arn\u00e9s<\/li>\n<li>Control remoto a pila, 2 AA (No incluido)<\/li>\n<li>Largo total: 26 cm \u2013 Insertable: 19 cm \u2013 Ancho: 5.5 cm<\/li>\n<\/ul>\n<p>&nbsp;<\/p>\n","protected":false},"excerpt":{"rendered":"<p>Nuevo consolador enorme y realista. \u00a1Perfecto para una satisfacci\u00f3n verdaderamente gigantesca! Consolador de color piel con forma de pene realista. El consolador tiene un glande abultado, venas en el eje y test\u00edculos lisos. Este chico realista y abultado tiene modos de vibraci\u00f3n placenteros, los modos se pueden controlar f\u00e1cilmente con el control remoto conectado a [&hellip;]<\/p>\n","protected":false},"featured_media":2173,"comment_status":"open","ping_status":"closed","template":"","meta":[],"product_brand":[],"product_cat":[27],"product_tag":[],"class_list":{"0":"post-2172","1":"product","2":"type-product","3":"status-publish","4":"has-post-thumbnail","6":"product_cat-vibradores","8":"first","9":"instock","10":"shipping-taxable","11":"purchasable","12":"product-type-simple"},"_links":{"self":[{"href":"https:\/\/tiendasamor.com\/index.php\/wp-json\/wp\/v2\/product\/2172","targetHints":{"allow":["GET"]}}],"collection":[{"href":"https:\/\/tiendasamor.com\/index.php\/wp-json\/wp\/v2\/product"}],"about":[{"href":"https:\/\/tiendasamor.com\/index.php\/wp-json\/wp\/v2\/types\/product"}],"replies":[{"embeddable":true,"href":"https:\/\/tiendasamor.com\/index.php\/wp-json\/wp\/v2\/comments?post=2172"}],"wp:featuredmedia":[{"embeddable":true,"href":"https:\/\/tiendasamor.com\/index.php\/wp-json\/wp\/v2\/media\/2173"}],"wp:attachment":[{"href":"https:\/\/tiendasamor.com\/index.php\/wp-json\/wp\/v2\/media?parent=2172"}],"wp:term":[{"taxonomy":"product_brand","embeddable":true,"href":"https:\/\/tiendasamor.com\/index.php\/wp-json\/wp\/v2\/product_brand?post=2172"},{"taxonomy":"product_cat","embeddable":true,"href":"https:\/\/tiendasamor.com\/index.php\/wp-json\/wp\/v2\/product_cat?post=2172"},{"taxonomy":"product_tag","embeddable":true,"href":"https:\/\/tiendasamor.com\/index.php\/wp-json\/wp\/v2\/product_tag?post=2172"}],"curies":[{"name":"wp","href":"https:\/\/api.w.org\/{rel}","templated":true}]}}