{"id":2166,"date":"2024-04-24T18:30:07","date_gmt":"2024-04-24T23:30:07","guid":{"rendered":"https:\/\/tiendasamor.com\/?post_type=product&#038;p=2166"},"modified":"2024-04-24T18:30:07","modified_gmt":"2024-04-24T23:30:07","slug":"retractil-thunder-up-22-cm","status":"publish","type":"product","link":"https:\/\/tiendasamor.com\/index.php\/producto\/retractil-thunder-up-22-cm\/","title":{"rendered":"Retractil Thunder Up 22 cm"},"content":{"rendered":"<p>tiene texturas realistas. Con m\u00faltiples velocidades de vibraci\u00f3n y funci\u00f3n de empuje, seguramente ofrece una experiencia estimulante absolutamente alucinante.<\/p>\n<p>Una ventosa en la base del eje que se sujetar\u00e1 a cualquier superficie lisa, lo que le permitir\u00e1 tener las manos libres, as\u00ed como un control remoto para facilitar el control mientras satisface sus antojos.<\/p>\n<ul>\n<li>Material:\u00a0 TPR + ABS<\/li>\n<li>Velocidad graduable mediante dial<\/li>\n<li>Funciones de rotaci\u00f3n y empuje retr\u00e1ctil<\/li>\n<li>Control remoto a pila, 3 AAA (No incluido)<\/li>\n<li>Largo total: 22 cm \u2013 Insertable: 16 cm \u2013 Ancho: 4 cm<\/li>\n<\/ul>\n","protected":false},"excerpt":{"rendered":"<p>tiene texturas realistas. Con m\u00faltiples velocidades de vibraci\u00f3n y funci\u00f3n de empuje, seguramente ofrece una experiencia estimulante absolutamente alucinante. Una ventosa en la base del eje que se sujetar\u00e1 a cualquier superficie lisa, lo que le permitir\u00e1 tener las manos libres, as\u00ed como un control remoto para facilitar el control mientras satisface sus antojos. Material:\u00a0 [&hellip;]<\/p>\n","protected":false},"featured_media":2167,"comment_status":"open","ping_status":"closed","template":"","meta":[],"product_brand":[],"product_cat":[43,27],"product_tag":[],"class_list":{"0":"post-2166","1":"product","2":"type-product","3":"status-publish","4":"has-post-thumbnail","6":"product_cat-rabbit","7":"product_cat-vibradores","9":"first","10":"instock","11":"shipping-taxable","12":"purchasable","13":"product-type-simple"},"_links":{"self":[{"href":"https:\/\/tiendasamor.com\/index.php\/wp-json\/wp\/v2\/product\/2166","targetHints":{"allow":["GET"]}}],"collection":[{"href":"https:\/\/tiendasamor.com\/index.php\/wp-json\/wp\/v2\/product"}],"about":[{"href":"https:\/\/tiendasamor.com\/index.php\/wp-json\/wp\/v2\/types\/product"}],"replies":[{"embeddable":true,"href":"https:\/\/tiendasamor.com\/index.php\/wp-json\/wp\/v2\/comments?post=2166"}],"wp:featuredmedia":[{"embeddable":true,"href":"https:\/\/tiendasamor.com\/index.php\/wp-json\/wp\/v2\/media\/2167"}],"wp:attachment":[{"href":"https:\/\/tiendasamor.com\/index.php\/wp-json\/wp\/v2\/media?parent=2166"}],"wp:term":[{"taxonomy":"product_brand","embeddable":true,"href":"https:\/\/tiendasamor.com\/index.php\/wp-json\/wp\/v2\/product_brand?post=2166"},{"taxonomy":"product_cat","embeddable":true,"href":"https:\/\/tiendasamor.com\/index.php\/wp-json\/wp\/v2\/product_cat?post=2166"},{"taxonomy":"product_tag","embeddable":true,"href":"https:\/\/tiendasamor.com\/index.php\/wp-json\/wp\/v2\/product_tag?post=2166"}],"curies":[{"name":"wp","href":"https:\/\/api.w.org\/{rel}","templated":true}]}}