{"id":2161,"date":"2024-04-24T18:24:36","date_gmt":"2024-04-24T23:24:36","guid":{"rendered":"https:\/\/tiendasamor.com\/?post_type=product&#038;p=2161"},"modified":"2024-04-24T18:24:36","modified_gmt":"2024-04-24T23:24:36","slug":"pretty-love-realista-retractil-jonathan","status":"publish","type":"product","link":"https:\/\/tiendasamor.com\/index.php\/producto\/pretty-love-realista-retractil-jonathan\/","title":{"rendered":"Pretty Love Realista Retr\u00e1ctil Jonathan"},"content":{"rendered":"<p>vibrador de empuje y vibraci\u00f3n con forma de pene realista con una fuerte ventosa que se adhiere a cualquier superficie lisa. La ventosa hace posible la diversi\u00f3n con manos libres. Los 3 modos de vibraci\u00f3n y empuje se pueden controlar por separado mediante el mando a distancia o por un compa\u00f1ero. El dador de placer, que empuja y vibra, est\u00e1 cubierto de silicona suave que se siente muy bien contra la piel. El vibrador realista es excitantemente firme y duro sin perder flexibilidad gracias a este material. El material de silicona suave y sedoso parece piel real y tambi\u00e9n se siente tan suave como el terciopelo. Se puede recargar con el puerto de carga magn\u00e9tico en el extremo del juguete.<\/p>\n<ul>\n<li>Material:\u00a0 Silicona, ABS<\/li>\n<li>Impermeable<\/li>\n<li>F\u00e1cil uso y limpieza<\/li>\n<li>3 Funciones de vibraci\u00f3n<\/li>\n<li>3 Funciones de empuje retr\u00e1ctil<\/li>\n<li>Control de mano para mayor comodidad<\/li>\n<li>Ventosa fuerte para manos libres o arn\u00e9s<\/li>\n<li>Recargable mediante cable USB (Incluido)<\/li>\n<li>Control remoto a pila, 1 AAA (No incluido)<\/li>\n<li>Largo total: 21 cm \u2013 Insertable: 15 cm \u2013 Ancho: 3.4 cm<\/li>\n<\/ul>\n","protected":false},"excerpt":{"rendered":"<p>vibrador de empuje y vibraci\u00f3n con forma de pene realista con una fuerte ventosa que se adhiere a cualquier superficie lisa. La ventosa hace posible la diversi\u00f3n con manos libres. Los 3 modos de vibraci\u00f3n y empuje se pueden controlar por separado mediante el mando a distancia o por un compa\u00f1ero. El dador de placer, [&hellip;]<\/p>\n","protected":false},"featured_media":2162,"comment_status":"open","ping_status":"closed","template":"","meta":[],"product_brand":[],"product_cat":[43,27],"product_tag":[],"class_list":{"0":"post-2161","1":"product","2":"type-product","3":"status-publish","4":"has-post-thumbnail","6":"product_cat-rabbit","7":"product_cat-vibradores","9":"first","10":"instock","11":"shipping-taxable","12":"purchasable","13":"product-type-simple"},"_links":{"self":[{"href":"https:\/\/tiendasamor.com\/index.php\/wp-json\/wp\/v2\/product\/2161","targetHints":{"allow":["GET"]}}],"collection":[{"href":"https:\/\/tiendasamor.com\/index.php\/wp-json\/wp\/v2\/product"}],"about":[{"href":"https:\/\/tiendasamor.com\/index.php\/wp-json\/wp\/v2\/types\/product"}],"replies":[{"embeddable":true,"href":"https:\/\/tiendasamor.com\/index.php\/wp-json\/wp\/v2\/comments?post=2161"}],"wp:featuredmedia":[{"embeddable":true,"href":"https:\/\/tiendasamor.com\/index.php\/wp-json\/wp\/v2\/media\/2162"}],"wp:attachment":[{"href":"https:\/\/tiendasamor.com\/index.php\/wp-json\/wp\/v2\/media?parent=2161"}],"wp:term":[{"taxonomy":"product_brand","embeddable":true,"href":"https:\/\/tiendasamor.com\/index.php\/wp-json\/wp\/v2\/product_brand?post=2161"},{"taxonomy":"product_cat","embeddable":true,"href":"https:\/\/tiendasamor.com\/index.php\/wp-json\/wp\/v2\/product_cat?post=2161"},{"taxonomy":"product_tag","embeddable":true,"href":"https:\/\/tiendasamor.com\/index.php\/wp-json\/wp\/v2\/product_tag?post=2161"}],"curies":[{"name":"wp","href":"https:\/\/api.w.org\/{rel}","templated":true}]}}