{"id":2144,"date":"2024-04-24T18:06:20","date_gmt":"2024-04-24T23:06:20","guid":{"rendered":"https:\/\/tiendasamor.com\/?post_type=product&#038;p=2144"},"modified":"2024-04-24T18:07:42","modified_gmt":"2024-04-24T23:07:42","slug":"pretty-love-jayleen","status":"publish","type":"product","link":"https:\/\/tiendasamor.com\/index.php\/producto\/pretty-love-jayleen\/","title":{"rendered":"Pretty Love Jayleen"},"content":{"rendered":"<p>Deje que la cola de ballena le haga cosquillas y provoque mientras 12 modos de vibraci\u00f3n zumban y pulsan contra usted. Curvado y contorneado para el m\u00e1ximo placer, este vibrador recargable para parejas tiene la forma perfecta para satisfacerlos a ambos. \u00daselo solo o con un compa\u00f1ero de juegos mientras agrega este juguete sexual a su juego en el dormitorio. \u00a1Sum\u00e9rgete en cada cl\u00edmax que mueve la tierra para disfrutar de un placer extraordinario en solitario o contr\u00f3lalo a trav\u00e9s de la aplicaci\u00f3n de tu pareja para disfrutar de una ventaja impresionante en los juegos previos!<\/p>\n<ul>\n<li>Material: Silicona<\/li>\n<li>12 Funciones de vibraci\u00f3n<\/li>\n<li>Motor potente y silencioso<\/li>\n<li>Recargable mediante cable USB (Incluido)<\/li>\n<li>Control app compatible para Android y iOS<\/li>\n<li>Impermeable<\/li>\n<li>Largo total: 10 cm \u2013 Insertable: 9 cm \u2013 Ancho: 3.5 cm<\/li>\n<\/ul>\n","protected":false},"excerpt":{"rendered":"<p>Deje que la cola de ballena le haga cosquillas y provoque mientras 12 modos de vibraci\u00f3n zumban y pulsan contra usted. Curvado y contorneado para el m\u00e1ximo placer, este vibrador recargable para parejas tiene la forma perfecta para satisfacerlos a ambos. \u00daselo solo o con un compa\u00f1ero de juegos mientras agrega este juguete sexual a [&hellip;]<\/p>\n","protected":false},"featured_media":2145,"comment_status":"open","ping_status":"closed","template":"","meta":[],"product_brand":[],"product_cat":[44,27],"product_tag":[],"class_list":{"0":"post-2144","1":"product","2":"type-product","3":"status-publish","4":"has-post-thumbnail","6":"product_cat-clitorales","7":"product_cat-vibradores","9":"first","10":"instock","11":"shipping-taxable","12":"purchasable","13":"product-type-simple"},"_links":{"self":[{"href":"https:\/\/tiendasamor.com\/index.php\/wp-json\/wp\/v2\/product\/2144","targetHints":{"allow":["GET"]}}],"collection":[{"href":"https:\/\/tiendasamor.com\/index.php\/wp-json\/wp\/v2\/product"}],"about":[{"href":"https:\/\/tiendasamor.com\/index.php\/wp-json\/wp\/v2\/types\/product"}],"replies":[{"embeddable":true,"href":"https:\/\/tiendasamor.com\/index.php\/wp-json\/wp\/v2\/comments?post=2144"}],"wp:featuredmedia":[{"embeddable":true,"href":"https:\/\/tiendasamor.com\/index.php\/wp-json\/wp\/v2\/media\/2145"}],"wp:attachment":[{"href":"https:\/\/tiendasamor.com\/index.php\/wp-json\/wp\/v2\/media?parent=2144"}],"wp:term":[{"taxonomy":"product_brand","embeddable":true,"href":"https:\/\/tiendasamor.com\/index.php\/wp-json\/wp\/v2\/product_brand?post=2144"},{"taxonomy":"product_cat","embeddable":true,"href":"https:\/\/tiendasamor.com\/index.php\/wp-json\/wp\/v2\/product_cat?post=2144"},{"taxonomy":"product_tag","embeddable":true,"href":"https:\/\/tiendasamor.com\/index.php\/wp-json\/wp\/v2\/product_tag?post=2144"}],"curies":[{"name":"wp","href":"https:\/\/api.w.org\/{rel}","templated":true}]}}