{"id":2137,"date":"2024-04-24T17:53:17","date_gmt":"2024-04-24T22:53:17","guid":{"rendered":"https:\/\/tiendasamor.com\/?post_type=product&#038;p=2137"},"modified":"2024-04-24T17:55:13","modified_gmt":"2024-04-24T22:55:13","slug":"greedy-guy-latin","status":"publish","type":"product","link":"https:\/\/tiendasamor.com\/index.php\/producto\/greedy-guy-latin\/","title":{"rendered":"Greedy Guy &#8211; Latin"},"content":{"rendered":"<p>Un vibrador realista con protuberancias del cl\u00edtoris y base giratoria para vibraciones de varias velocidades. Su cabeza c\u00f3nica y su eje delgado se pueden insertar c\u00f3moda y f\u00e1cilmente. Creado para los principiantes y para los que se preocupan por los costos, est\u00e1 hecho de PVC sin ftalatos, que es c\u00f3modamente suave pero r\u00edgido para un juego vigoroso.<\/p>\n<p>vibraciones profundas y potentes controladas por un pr\u00e1ctico dial giratorio<br \/>\n\u2022 Cabezal c\u00f3nico y eje fino de excelente dise\u00f1o para una inserci\u00f3n f\u00e1cil y c\u00f3moda<br \/>\n\u2022 Sensaci\u00f3n suave y realista, con un cuerpo flexible.<br \/>\n\u2022 Hecho de materiales seguros para el cuerpo, cumple o excede los est\u00e1ndares internacionales de seguridad establecidos por las directivas CE y RoHS, libre de ftalato y l\u00e1tex<\/p>\n<ul>\n<li>Material natural PVC no poroso<\/li>\n<li>F\u00e1cil uso y Limpieza<\/li>\n<li>No contiene fragancias, ftalatos, parafinas ni l\u00e1tex<\/li>\n<li>Velocidad graduable mediante dial<\/li>\n<li>Requiere 2 pilas AA (No Incluido)<\/li>\n<li>Largo total: 24 cm \u2013 Insertable: 20 cm \u2013 Ancho: 5.6 cm<\/li>\n<\/ul>\n","protected":false},"excerpt":{"rendered":"<p>Un vibrador realista con protuberancias del cl\u00edtoris y base giratoria para vibraciones de varias velocidades. Su cabeza c\u00f3nica y su eje delgado se pueden insertar c\u00f3moda y f\u00e1cilmente. Creado para los principiantes y para los que se preocupan por los costos, est\u00e1 hecho de PVC sin ftalatos, que es c\u00f3modamente suave pero r\u00edgido para un [&hellip;]<\/p>\n","protected":false},"featured_media":2142,"comment_status":"open","ping_status":"closed","template":"","meta":[],"product_brand":[],"product_cat":[18,27],"product_tag":[],"class_list":{"0":"post-2137","1":"product","2":"type-product","3":"status-publish","4":"has-post-thumbnail","6":"product_cat-juguetes","7":"product_cat-vibradores","9":"first","10":"instock","11":"shipping-taxable","12":"purchasable","13":"product-type-simple"},"_links":{"self":[{"href":"https:\/\/tiendasamor.com\/index.php\/wp-json\/wp\/v2\/product\/2137","targetHints":{"allow":["GET"]}}],"collection":[{"href":"https:\/\/tiendasamor.com\/index.php\/wp-json\/wp\/v2\/product"}],"about":[{"href":"https:\/\/tiendasamor.com\/index.php\/wp-json\/wp\/v2\/types\/product"}],"replies":[{"embeddable":true,"href":"https:\/\/tiendasamor.com\/index.php\/wp-json\/wp\/v2\/comments?post=2137"}],"wp:featuredmedia":[{"embeddable":true,"href":"https:\/\/tiendasamor.com\/index.php\/wp-json\/wp\/v2\/media\/2142"}],"wp:attachment":[{"href":"https:\/\/tiendasamor.com\/index.php\/wp-json\/wp\/v2\/media?parent=2137"}],"wp:term":[{"taxonomy":"product_brand","embeddable":true,"href":"https:\/\/tiendasamor.com\/index.php\/wp-json\/wp\/v2\/product_brand?post=2137"},{"taxonomy":"product_cat","embeddable":true,"href":"https:\/\/tiendasamor.com\/index.php\/wp-json\/wp\/v2\/product_cat?post=2137"},{"taxonomy":"product_tag","embeddable":true,"href":"https:\/\/tiendasamor.com\/index.php\/wp-json\/wp\/v2\/product_tag?post=2137"}],"curies":[{"name":"wp","href":"https:\/\/api.w.org\/{rel}","templated":true}]}}