{"id":2130,"date":"2024-04-24T17:35:58","date_gmt":"2024-04-24T22:35:58","guid":{"rendered":"https:\/\/tiendasamor.com\/?post_type=product&#038;p=2130"},"modified":"2024-04-24T17:35:58","modified_gmt":"2024-04-24T22:35:58","slug":"kit-de-anillos","status":"publish","type":"product","link":"https:\/\/tiendasamor.com\/index.php\/producto\/kit-de-anillos\/","title":{"rendered":"Kit de anillos"},"content":{"rendered":"<p><strong><span>Paquete de 3 anillos para pene tipo donut de Chisa<\/span><\/strong><span>\u00a0\u00a0que te ayudan a mantener una erecci\u00f3n dura como una roca hasta llegar al cl\u00edmax.<\/span><\/p>\n<p><span>Beneficios:<\/span><\/p>\n<ul>\n<li><span>S\u00faper el\u00e1stico y fuerte<\/span><\/li>\n<li><span>Hecho de TPE seguro para el cuerpo<\/span><\/li>\n<li><span>F\u00e1cil de limpiar para un uso posterior sin complicaciones<\/span><\/li>\n<\/ul>\n","protected":false},"excerpt":{"rendered":"<p>Paquete de 3 anillos para pene tipo donut de Chisa\u00a0\u00a0que te ayudan a mantener una erecci\u00f3n dura como una roca hasta llegar al cl\u00edmax. Beneficios: S\u00faper el\u00e1stico y fuerte Hecho de TPE seguro para el cuerpo F\u00e1cil de limpiar para un uso posterior sin complicaciones<\/p>\n","protected":false},"featured_media":2131,"comment_status":"open","ping_status":"closed","template":"","meta":[],"product_brand":[],"product_cat":[36],"product_tag":[],"class_list":{"0":"post-2130","1":"product","2":"type-product","3":"status-publish","4":"has-post-thumbnail","6":"product_cat-anillos","8":"first","9":"instock","10":"shipping-taxable","11":"purchasable","12":"product-type-simple"},"_links":{"self":[{"href":"https:\/\/tiendasamor.com\/index.php\/wp-json\/wp\/v2\/product\/2130","targetHints":{"allow":["GET"]}}],"collection":[{"href":"https:\/\/tiendasamor.com\/index.php\/wp-json\/wp\/v2\/product"}],"about":[{"href":"https:\/\/tiendasamor.com\/index.php\/wp-json\/wp\/v2\/types\/product"}],"replies":[{"embeddable":true,"href":"https:\/\/tiendasamor.com\/index.php\/wp-json\/wp\/v2\/comments?post=2130"}],"wp:featuredmedia":[{"embeddable":true,"href":"https:\/\/tiendasamor.com\/index.php\/wp-json\/wp\/v2\/media\/2131"}],"wp:attachment":[{"href":"https:\/\/tiendasamor.com\/index.php\/wp-json\/wp\/v2\/media?parent=2130"}],"wp:term":[{"taxonomy":"product_brand","embeddable":true,"href":"https:\/\/tiendasamor.com\/index.php\/wp-json\/wp\/v2\/product_brand?post=2130"},{"taxonomy":"product_cat","embeddable":true,"href":"https:\/\/tiendasamor.com\/index.php\/wp-json\/wp\/v2\/product_cat?post=2130"},{"taxonomy":"product_tag","embeddable":true,"href":"https:\/\/tiendasamor.com\/index.php\/wp-json\/wp\/v2\/product_tag?post=2130"}],"curies":[{"name":"wp","href":"https:\/\/api.w.org\/{rel}","templated":true}]}}