{"id":2120,"date":"2024-04-24T17:11:01","date_gmt":"2024-04-24T22:11:01","guid":{"rendered":"https:\/\/tiendasamor.com\/?post_type=product&#038;p=2120"},"modified":"2024-04-24T17:11:01","modified_gmt":"2024-04-24T22:11:01","slug":"anillo-vibrant-penis-ring","status":"publish","type":"product","link":"https:\/\/tiendasamor.com\/index.php\/producto\/anillo-vibrant-penis-ring\/","title":{"rendered":"Anillo Vibrant Penis Ring"},"content":{"rendered":"<p><span>A\u00f1ade algo extra a tu sesi\u00f3n de hacer el amor con este anillo vibrador de silicona para el pene. Con 10 modos de vibraci\u00f3n para brindarte horas de placer intenso y diversi\u00f3n traviesa, \u00a1t\u00fa y tu pareja adorar\u00e1n este juguete!<\/span><\/p>\n<ul>\n<li>Material: Silicona m\u00e9dica<\/li>\n<li>Impermeable<\/li>\n<li>10 funciones de vibraci\u00f3n<\/li>\n<li>Requiere 1 pila AAA (No incluid0)<\/li>\n<li>Largo: 11.5 cm<\/li>\n<li>Di\u00e1metro aro del pene interno: 2.7 cm externo: 3.7 cm<\/li>\n<li>Di\u00e1metro aro de test\u00edculos interno: 4.50 cm externo: 5.50 cm<\/li>\n<\/ul>\n","protected":false},"excerpt":{"rendered":"<p>A\u00f1ade algo extra a tu sesi\u00f3n de hacer el amor con este anillo vibrador de silicona para el pene. Con 10 modos de vibraci\u00f3n para brindarte horas de placer intenso y diversi\u00f3n traviesa, \u00a1t\u00fa y tu pareja adorar\u00e1n este juguete! Material: Silicona m\u00e9dica Impermeable 10 funciones de vibraci\u00f3n Requiere 1 pila AAA (No incluid0) Largo: [&hellip;]<\/p>\n","protected":false},"featured_media":2121,"comment_status":"open","ping_status":"closed","template":"","meta":[],"product_brand":[],"product_cat":[36,44],"product_tag":[],"class_list":{"0":"post-2120","1":"product","2":"type-product","3":"status-publish","4":"has-post-thumbnail","6":"product_cat-anillos","7":"product_cat-clitorales","9":"first","10":"instock","11":"shipping-taxable","12":"purchasable","13":"product-type-simple"},"_links":{"self":[{"href":"https:\/\/tiendasamor.com\/index.php\/wp-json\/wp\/v2\/product\/2120","targetHints":{"allow":["GET"]}}],"collection":[{"href":"https:\/\/tiendasamor.com\/index.php\/wp-json\/wp\/v2\/product"}],"about":[{"href":"https:\/\/tiendasamor.com\/index.php\/wp-json\/wp\/v2\/types\/product"}],"replies":[{"embeddable":true,"href":"https:\/\/tiendasamor.com\/index.php\/wp-json\/wp\/v2\/comments?post=2120"}],"wp:featuredmedia":[{"embeddable":true,"href":"https:\/\/tiendasamor.com\/index.php\/wp-json\/wp\/v2\/media\/2121"}],"wp:attachment":[{"href":"https:\/\/tiendasamor.com\/index.php\/wp-json\/wp\/v2\/media?parent=2120"}],"wp:term":[{"taxonomy":"product_brand","embeddable":true,"href":"https:\/\/tiendasamor.com\/index.php\/wp-json\/wp\/v2\/product_brand?post=2120"},{"taxonomy":"product_cat","embeddable":true,"href":"https:\/\/tiendasamor.com\/index.php\/wp-json\/wp\/v2\/product_cat?post=2120"},{"taxonomy":"product_tag","embeddable":true,"href":"https:\/\/tiendasamor.com\/index.php\/wp-json\/wp\/v2\/product_tag?post=2120"}],"curies":[{"name":"wp","href":"https:\/\/api.w.org\/{rel}","templated":true}]}}