{"id":2114,"date":"2024-04-24T17:03:14","date_gmt":"2024-04-24T22:03:14","guid":{"rendered":"https:\/\/tiendasamor.com\/?post_type=product&#038;p=2114"},"modified":"2024-04-24T17:03:14","modified_gmt":"2024-04-24T22:03:14","slug":"pretty-love-anillo-doble-sujetador","status":"publish","type":"product","link":"https:\/\/tiendasamor.com\/index.php\/producto\/pretty-love-anillo-doble-sujetador\/","title":{"rendered":"Pretty Love Anillo Doble Sujetador"},"content":{"rendered":"<p>Este incre\u00edble juguete para adultos para parejas cuenta con un anillo de silicona resistente pero el\u00e1stico que se ajusta tanto al eje como a los test\u00edculos para mantenerlo duro por m\u00e1s tiempo y est\u00e1 rodeado de estimuladores especialmente dise\u00f1ados para que disfrute su pareja. La cabeza est\u00e1 cubierta por docenas de cerdas cosquillas y la nariz de delf\u00edn proporcionar\u00e1 sensaciones adicionales para la estimulaci\u00f3n del cl\u00edtoris. Con solo presionar el bot\u00f3n de encendido, podr\u00e1 recorrer 10 modos de vibraci\u00f3n silenciosos que ambos podr\u00e1n sentir, justo donde necesitan que est\u00e9n las buenas vibraciones.<\/p>\n<ul>\n<li>Material: Silicona, ABS<\/li>\n<li>10 Modos de vibraci\u00f3n<\/li>\n<li>1 Pila AAA (No incluido)<\/li>\n<li>Impermeable<\/li>\n<li>Largo total: 9.9 cm \u2013 Ancho: 6.5 cm<\/li>\n<\/ul>\n","protected":false},"excerpt":{"rendered":"<p>Este incre\u00edble juguete para adultos para parejas cuenta con un anillo de silicona resistente pero el\u00e1stico que se ajusta tanto al eje como a los test\u00edculos para mantenerlo duro por m\u00e1s tiempo y est\u00e1 rodeado de estimuladores especialmente dise\u00f1ados para que disfrute su pareja. La cabeza est\u00e1 cubierta por docenas de cerdas cosquillas y la [&hellip;]<\/p>\n","protected":false},"featured_media":2115,"comment_status":"open","ping_status":"closed","template":"","meta":[],"product_brand":[],"product_cat":[36,44],"product_tag":[],"class_list":{"0":"post-2114","1":"product","2":"type-product","3":"status-publish","4":"has-post-thumbnail","6":"product_cat-anillos","7":"product_cat-clitorales","9":"first","10":"instock","11":"shipping-taxable","12":"purchasable","13":"product-type-simple"},"_links":{"self":[{"href":"https:\/\/tiendasamor.com\/index.php\/wp-json\/wp\/v2\/product\/2114","targetHints":{"allow":["GET"]}}],"collection":[{"href":"https:\/\/tiendasamor.com\/index.php\/wp-json\/wp\/v2\/product"}],"about":[{"href":"https:\/\/tiendasamor.com\/index.php\/wp-json\/wp\/v2\/types\/product"}],"replies":[{"embeddable":true,"href":"https:\/\/tiendasamor.com\/index.php\/wp-json\/wp\/v2\/comments?post=2114"}],"wp:featuredmedia":[{"embeddable":true,"href":"https:\/\/tiendasamor.com\/index.php\/wp-json\/wp\/v2\/media\/2115"}],"wp:attachment":[{"href":"https:\/\/tiendasamor.com\/index.php\/wp-json\/wp\/v2\/media?parent=2114"}],"wp:term":[{"taxonomy":"product_brand","embeddable":true,"href":"https:\/\/tiendasamor.com\/index.php\/wp-json\/wp\/v2\/product_brand?post=2114"},{"taxonomy":"product_cat","embeddable":true,"href":"https:\/\/tiendasamor.com\/index.php\/wp-json\/wp\/v2\/product_cat?post=2114"},{"taxonomy":"product_tag","embeddable":true,"href":"https:\/\/tiendasamor.com\/index.php\/wp-json\/wp\/v2\/product_tag?post=2114"}],"curies":[{"name":"wp","href":"https:\/\/api.w.org\/{rel}","templated":true}]}}