{"id":2102,"date":"2024-04-22T19:47:31","date_gmt":"2024-04-23T00:47:31","guid":{"rendered":"https:\/\/tiendasamor.com\/?post_type=product&#038;p=2102"},"modified":"2024-04-22T19:47:31","modified_gmt":"2024-04-23T00:47:31","slug":"pretty-love-month-15-funciones","status":"publish","type":"product","link":"https:\/\/tiendasamor.com\/index.php\/producto\/pretty-love-month-15-funciones\/","title":{"rendered":"Pretty Love Month 15 Funciones"},"content":{"rendered":"<p><span>Experimenta oleada tras oleada de placer org\u00e1smico con el Vibrador Conejo Pretty Love. Con un cabezal especial, la lengua y la vibraci\u00f3n brindar\u00e1n un masaje interno preciso para una estimulaci\u00f3n incre\u00edble. Mientras tanto, el estimulador con forma de mariposa contiene un potente motor que se ocupa de todas las necesidades del cl\u00edtoris. Explora sin esfuerzo varios modos y descubre tu combinaci\u00f3n perfecta para un orgasmo satisfactorio e inolvidable.<\/span><\/p>\n","protected":false},"excerpt":{"rendered":"<p>Experimenta oleada tras oleada de placer org\u00e1smico con el Vibrador Conejo Pretty Love. Con un cabezal especial, la lengua y la vibraci\u00f3n brindar\u00e1n un masaje interno preciso para una estimulaci\u00f3n incre\u00edble. Mientras tanto, el estimulador con forma de mariposa contiene un potente motor que se ocupa de todas las necesidades del cl\u00edtoris. Explora sin esfuerzo [&hellip;]<\/p>\n","protected":false},"featured_media":2103,"comment_status":"open","ping_status":"closed","template":"","meta":[],"product_brand":[],"product_cat":[44,18,43,27],"product_tag":[],"class_list":{"0":"post-2102","1":"product","2":"type-product","3":"status-publish","4":"has-post-thumbnail","6":"product_cat-clitorales","7":"product_cat-juguetes","8":"product_cat-rabbit","9":"product_cat-vibradores","11":"first","12":"instock","13":"shipping-taxable","14":"purchasable","15":"product-type-simple"},"_links":{"self":[{"href":"https:\/\/tiendasamor.com\/index.php\/wp-json\/wp\/v2\/product\/2102","targetHints":{"allow":["GET"]}}],"collection":[{"href":"https:\/\/tiendasamor.com\/index.php\/wp-json\/wp\/v2\/product"}],"about":[{"href":"https:\/\/tiendasamor.com\/index.php\/wp-json\/wp\/v2\/types\/product"}],"replies":[{"embeddable":true,"href":"https:\/\/tiendasamor.com\/index.php\/wp-json\/wp\/v2\/comments?post=2102"}],"wp:featuredmedia":[{"embeddable":true,"href":"https:\/\/tiendasamor.com\/index.php\/wp-json\/wp\/v2\/media\/2103"}],"wp:attachment":[{"href":"https:\/\/tiendasamor.com\/index.php\/wp-json\/wp\/v2\/media?parent=2102"}],"wp:term":[{"taxonomy":"product_brand","embeddable":true,"href":"https:\/\/tiendasamor.com\/index.php\/wp-json\/wp\/v2\/product_brand?post=2102"},{"taxonomy":"product_cat","embeddable":true,"href":"https:\/\/tiendasamor.com\/index.php\/wp-json\/wp\/v2\/product_cat?post=2102"},{"taxonomy":"product_tag","embeddable":true,"href":"https:\/\/tiendasamor.com\/index.php\/wp-json\/wp\/v2\/product_tag?post=2102"}],"curies":[{"name":"wp","href":"https:\/\/api.w.org\/{rel}","templated":true}]}}