{"id":2091,"date":"2024-04-22T19:39:31","date_gmt":"2024-04-23T00:39:31","guid":{"rendered":"https:\/\/tiendasamor.com\/?post_type=product&#038;p=2091"},"modified":"2024-04-22T19:39:31","modified_gmt":"2024-04-23T00:39:31","slug":"pretty-love-dorothy-15-funciones","status":"publish","type":"product","link":"https:\/\/tiendasamor.com\/index.php\/producto\/pretty-love-dorothy-15-funciones\/","title":{"rendered":"Pretty Love Dorothy 15 funciones"},"content":{"rendered":"<p><span>Este conejo es tan placentero como sus parientes de tama\u00f1o normal y fant\u00e1stico para los principiantes en juguetes sexuales. Suave y delgado para una penetraci\u00f3n suave pero satisfactoria, este vibrador de conejo para principiantes es uno de los favoritos de todos los tiempos por muchas razones. Su cabeza realista tiene 12 funciones de vibraci\u00f3n y 3 funciones de empuje, lo que proporciona una sensaci\u00f3n magn\u00edfica, sexy y sedosa que te dejar\u00e1 completamente satisfecho durante toda la noche.<\/span><\/p>\n","protected":false},"excerpt":{"rendered":"<p>Este conejo es tan placentero como sus parientes de tama\u00f1o normal y fant\u00e1stico para los principiantes en juguetes sexuales. Suave y delgado para una penetraci\u00f3n suave pero satisfactoria, este vibrador de conejo para principiantes es uno de los favoritos de todos los tiempos por muchas razones. Su cabeza realista tiene 12 funciones de vibraci\u00f3n y [&hellip;]<\/p>\n","protected":false},"featured_media":2092,"comment_status":"open","ping_status":"closed","template":"","meta":[],"product_brand":[],"product_cat":[44,18,43,27],"product_tag":[],"class_list":{"0":"post-2091","1":"product","2":"type-product","3":"status-publish","4":"has-post-thumbnail","6":"product_cat-clitorales","7":"product_cat-juguetes","8":"product_cat-rabbit","9":"product_cat-vibradores","11":"first","12":"instock","13":"shipping-taxable","14":"purchasable","15":"product-type-simple"},"_links":{"self":[{"href":"https:\/\/tiendasamor.com\/index.php\/wp-json\/wp\/v2\/product\/2091","targetHints":{"allow":["GET"]}}],"collection":[{"href":"https:\/\/tiendasamor.com\/index.php\/wp-json\/wp\/v2\/product"}],"about":[{"href":"https:\/\/tiendasamor.com\/index.php\/wp-json\/wp\/v2\/types\/product"}],"replies":[{"embeddable":true,"href":"https:\/\/tiendasamor.com\/index.php\/wp-json\/wp\/v2\/comments?post=2091"}],"wp:featuredmedia":[{"embeddable":true,"href":"https:\/\/tiendasamor.com\/index.php\/wp-json\/wp\/v2\/media\/2092"}],"wp:attachment":[{"href":"https:\/\/tiendasamor.com\/index.php\/wp-json\/wp\/v2\/media?parent=2091"}],"wp:term":[{"taxonomy":"product_brand","embeddable":true,"href":"https:\/\/tiendasamor.com\/index.php\/wp-json\/wp\/v2\/product_brand?post=2091"},{"taxonomy":"product_cat","embeddable":true,"href":"https:\/\/tiendasamor.com\/index.php\/wp-json\/wp\/v2\/product_cat?post=2091"},{"taxonomy":"product_tag","embeddable":true,"href":"https:\/\/tiendasamor.com\/index.php\/wp-json\/wp\/v2\/product_tag?post=2091"}],"curies":[{"name":"wp","href":"https:\/\/api.w.org\/{rel}","templated":true}]}}