{"id":2083,"date":"2024-04-22T19:25:08","date_gmt":"2024-04-23T00:25:08","guid":{"rendered":"https:\/\/tiendasamor.com\/?post_type=product&#038;p=2083"},"modified":"2024-04-22T19:27:12","modified_gmt":"2024-04-23T00:27:12","slug":"pretty-love-felix-30-funciones","status":"publish","type":"product","link":"https:\/\/tiendasamor.com\/index.php\/producto\/pretty-love-felix-30-funciones\/","title":{"rendered":"Pretty Love Felix 30 Funciones"},"content":{"rendered":"<p>Este conejo vibrador de silicona suave tiene 30 velocidades de vibraci\u00f3n para brindarte un nivel intenso de placer cuando lo desees. Esta bonita vibraci\u00f3n le har\u00e1 cosquillas a tu cl\u00edtoris con sus intensas y poderosas orejas de conejo. El eje curvo del vibrador est\u00e1 dise\u00f1ado para masajear su punto G con su caracter\u00edstica giratoria \u00fanica dentro del eje. El juguete est\u00e1 fabricado con silicona de alta calidad y tacto suave que proporciona una sensaci\u00f3n sexy y sedosa para dejarte completamente satisfecho durante toda la noche.<\/p>\n","protected":false},"excerpt":{"rendered":"<p>Este conejo vibrador de silicona suave tiene 30 velocidades de vibraci\u00f3n para brindarte un nivel intenso de placer cuando lo desees. Esta bonita vibraci\u00f3n le har\u00e1 cosquillas a tu cl\u00edtoris con sus intensas y poderosas orejas de conejo. El eje curvo del vibrador est\u00e1 dise\u00f1ado para masajear su punto G con su caracter\u00edstica giratoria \u00fanica [&hellip;]<\/p>\n","protected":false},"featured_media":2084,"comment_status":"open","ping_status":"closed","template":"","meta":[],"product_brand":[],"product_cat":[44,18,43,27],"product_tag":[],"class_list":{"0":"post-2083","1":"product","2":"type-product","3":"status-publish","4":"has-post-thumbnail","6":"product_cat-clitorales","7":"product_cat-juguetes","8":"product_cat-rabbit","9":"product_cat-vibradores","11":"first","12":"instock","13":"shipping-taxable","14":"purchasable","15":"product-type-simple"},"_links":{"self":[{"href":"https:\/\/tiendasamor.com\/index.php\/wp-json\/wp\/v2\/product\/2083","targetHints":{"allow":["GET"]}}],"collection":[{"href":"https:\/\/tiendasamor.com\/index.php\/wp-json\/wp\/v2\/product"}],"about":[{"href":"https:\/\/tiendasamor.com\/index.php\/wp-json\/wp\/v2\/types\/product"}],"replies":[{"embeddable":true,"href":"https:\/\/tiendasamor.com\/index.php\/wp-json\/wp\/v2\/comments?post=2083"}],"wp:featuredmedia":[{"embeddable":true,"href":"https:\/\/tiendasamor.com\/index.php\/wp-json\/wp\/v2\/media\/2084"}],"wp:attachment":[{"href":"https:\/\/tiendasamor.com\/index.php\/wp-json\/wp\/v2\/media?parent=2083"}],"wp:term":[{"taxonomy":"product_brand","embeddable":true,"href":"https:\/\/tiendasamor.com\/index.php\/wp-json\/wp\/v2\/product_brand?post=2083"},{"taxonomy":"product_cat","embeddable":true,"href":"https:\/\/tiendasamor.com\/index.php\/wp-json\/wp\/v2\/product_cat?post=2083"},{"taxonomy":"product_tag","embeddable":true,"href":"https:\/\/tiendasamor.com\/index.php\/wp-json\/wp\/v2\/product_tag?post=2083"}],"curies":[{"name":"wp","href":"https:\/\/api.w.org\/{rel}","templated":true}]}}