{"id":2077,"date":"2024-04-22T19:18:04","date_gmt":"2024-04-23T00:18:04","guid":{"rendered":"https:\/\/tiendasamor.com\/?post_type=product&#038;p=2077"},"modified":"2024-04-22T19:18:04","modified_gmt":"2024-04-23T00:18:04","slug":"pretty-love-cerberus-30-funciones","status":"publish","type":"product","link":"https:\/\/tiendasamor.com\/index.php\/producto\/pretty-love-cerberus-30-funciones\/","title":{"rendered":"Pretty Love Cerberus 30 Funciones"},"content":{"rendered":"<p><span>Llamando la atenci\u00f3n en tu caja de juguetes, el vibrador de conejo de 30 funciones sabe c\u00f3mo montar un espect\u00e1culo. Deja que el cuerpo delgado de silicona te llene de placer mientras el brazo externo zumba y vibra contra tu cl\u00edtoris. Te advertimos que esto era un poco presumido, y con 30 modos de vibraci\u00f3n para explorar, \u00a1puedes ver por qu\u00e9! Cambia por velocidades y pulsaciones con solo hacer clic en un bot\u00f3n mientras descubres tu favorito.<\/span><\/p>\n","protected":false},"excerpt":{"rendered":"<p>Llamando la atenci\u00f3n en tu caja de juguetes, el vibrador de conejo de 30 funciones sabe c\u00f3mo montar un espect\u00e1culo. Deja que el cuerpo delgado de silicona te llene de placer mientras el brazo externo zumba y vibra contra tu cl\u00edtoris. Te advertimos que esto era un poco presumido, y con 30 modos de vibraci\u00f3n [&hellip;]<\/p>\n","protected":false},"featured_media":2078,"comment_status":"open","ping_status":"closed","template":"","meta":[],"product_brand":[],"product_cat":[44,18,43,27],"product_tag":[],"class_list":{"0":"post-2077","1":"product","2":"type-product","3":"status-publish","4":"has-post-thumbnail","6":"product_cat-clitorales","7":"product_cat-juguetes","8":"product_cat-rabbit","9":"product_cat-vibradores","11":"first","12":"instock","13":"shipping-taxable","14":"purchasable","15":"product-type-simple"},"_links":{"self":[{"href":"https:\/\/tiendasamor.com\/index.php\/wp-json\/wp\/v2\/product\/2077","targetHints":{"allow":["GET"]}}],"collection":[{"href":"https:\/\/tiendasamor.com\/index.php\/wp-json\/wp\/v2\/product"}],"about":[{"href":"https:\/\/tiendasamor.com\/index.php\/wp-json\/wp\/v2\/types\/product"}],"replies":[{"embeddable":true,"href":"https:\/\/tiendasamor.com\/index.php\/wp-json\/wp\/v2\/comments?post=2077"}],"wp:featuredmedia":[{"embeddable":true,"href":"https:\/\/tiendasamor.com\/index.php\/wp-json\/wp\/v2\/media\/2078"}],"wp:attachment":[{"href":"https:\/\/tiendasamor.com\/index.php\/wp-json\/wp\/v2\/media?parent=2077"}],"wp:term":[{"taxonomy":"product_brand","embeddable":true,"href":"https:\/\/tiendasamor.com\/index.php\/wp-json\/wp\/v2\/product_brand?post=2077"},{"taxonomy":"product_cat","embeddable":true,"href":"https:\/\/tiendasamor.com\/index.php\/wp-json\/wp\/v2\/product_cat?post=2077"},{"taxonomy":"product_tag","embeddable":true,"href":"https:\/\/tiendasamor.com\/index.php\/wp-json\/wp\/v2\/product_tag?post=2077"}],"curies":[{"name":"wp","href":"https:\/\/api.w.org\/{rel}","templated":true}]}}