{"id":2064,"date":"2024-04-22T19:03:13","date_gmt":"2024-04-23T00:03:13","guid":{"rendered":"https:\/\/tiendasamor.com\/?post_type=product&#038;p=2064"},"modified":"2024-04-22T19:05:51","modified_gmt":"2024-04-23T00:05:51","slug":"pretty-love-daniel-30-funciones","status":"publish","type":"product","link":"https:\/\/tiendasamor.com\/index.php\/producto\/pretty-love-daniel-30-funciones\/","title":{"rendered":"Pretty Love DANIEL 30 Funciones"},"content":{"rendered":"<p>Este vibrador ofrece una estimulaci\u00f3n incre\u00edblemente placentera al combinar vibraciones ultraintensas con un dise\u00f1o inteligentemente curvado. Hecho de silicona de \u00e9lite con una base de pl\u00e1stico pulido, este vibrador es suave, sofisticado y presenta 30 potentes patrones de vibraci\u00f3n.<\/p>\n","protected":false},"excerpt":{"rendered":"<p>Este vibrador ofrece una estimulaci\u00f3n incre\u00edblemente placentera al combinar vibraciones ultraintensas con un dise\u00f1o inteligentemente curvado. Hecho de silicona de \u00e9lite con una base de pl\u00e1stico pulido, este vibrador es suave, sofisticado y presenta 30 potentes patrones de vibraci\u00f3n.<\/p>\n","protected":false},"featured_media":2065,"comment_status":"open","ping_status":"closed","template":"","meta":[],"product_brand":[],"product_cat":[44,18,43,27],"product_tag":[],"class_list":{"0":"post-2064","1":"product","2":"type-product","3":"status-publish","4":"has-post-thumbnail","6":"product_cat-clitorales","7":"product_cat-juguetes","8":"product_cat-rabbit","9":"product_cat-vibradores","11":"first","12":"instock","13":"shipping-taxable","14":"purchasable","15":"product-type-simple"},"_links":{"self":[{"href":"https:\/\/tiendasamor.com\/index.php\/wp-json\/wp\/v2\/product\/2064","targetHints":{"allow":["GET"]}}],"collection":[{"href":"https:\/\/tiendasamor.com\/index.php\/wp-json\/wp\/v2\/product"}],"about":[{"href":"https:\/\/tiendasamor.com\/index.php\/wp-json\/wp\/v2\/types\/product"}],"replies":[{"embeddable":true,"href":"https:\/\/tiendasamor.com\/index.php\/wp-json\/wp\/v2\/comments?post=2064"}],"wp:featuredmedia":[{"embeddable":true,"href":"https:\/\/tiendasamor.com\/index.php\/wp-json\/wp\/v2\/media\/2065"}],"wp:attachment":[{"href":"https:\/\/tiendasamor.com\/index.php\/wp-json\/wp\/v2\/media?parent=2064"}],"wp:term":[{"taxonomy":"product_brand","embeddable":true,"href":"https:\/\/tiendasamor.com\/index.php\/wp-json\/wp\/v2\/product_brand?post=2064"},{"taxonomy":"product_cat","embeddable":true,"href":"https:\/\/tiendasamor.com\/index.php\/wp-json\/wp\/v2\/product_cat?post=2064"},{"taxonomy":"product_tag","embeddable":true,"href":"https:\/\/tiendasamor.com\/index.php\/wp-json\/wp\/v2\/product_tag?post=2064"}],"curies":[{"name":"wp","href":"https:\/\/api.w.org\/{rel}","templated":true}]}}